{"id":467,"date":"2021-03-01T17:44:10","date_gmt":"2021-03-01T17:44:10","guid":{"rendered":"https:\/\/uplifting.care\/shop\/?post_type=product&#038;p=467"},"modified":"2025-05-07T15:09:19","modified_gmt":"2025-05-07T13:09:19","slug":"light-peel-acido-mandelico","status":"publish","type":"product","link":"https:\/\/uplifting.care\/shop\/prodotto\/light-peel-acido-mandelico\/","title":{"rendered":"Light Peel | 15 ml"},"content":{"rendered":"<p>Light Peel UpLIfting \u00e8 un preparato professionale a base di ACIDO MANDELICO, il pi\u00f9 \u2018dolce\u2019 e delicato degli alfaidrossiacidi (AHA). Non per nulla \u00e8 chiamato anche \u2018acido delle spose\u2019 perch\u00e9 non produce effetti collaterali e NON \u00c8 FOTOSENSIBILIZZANTE (si pu\u00f2 utilizzare anche poche ore prima di esporsi al sole).<\/p>\n<p>Possiede propriet\u00e0\u00a0esfolianti, <strong>schiarenti<\/strong>,\u00a0<strong>antibatteriche<\/strong>, lenitive e\u00a0<strong>antiossidanti<\/strong>. Ottimo per chi ha la\u00a0<strong>pelle grassa<\/strong> o per chi soffre di acne, purifica la cute, riduce le infiammazioni, leviga le imperfezioni e uniforma il colorito, contribuendo a regolare la produzione sebacea.<\/p>\n<p>Un PEELING DELICATO che esercita\u00a0una delicata esfoliazione superficiale senza distruggere lo strato corneo. Grazie alla sua composizione, aumenta l\u2019idratazione, la compattezza e l\u2019elasticit\u00e0 cutanea minimizzando le rughe sottili. L\u2019incarnato appare ravvivato e levigato, pi\u00f9 fresco, luminoso e uniforme.<\/p>\n<p>La formulazione, integrata con Acido Citrico estratto dagli agrumi e Acido Lattico, umettante e regolatore del Ph, \u00e8 uno straordinario detossinante e ricompattante, stimola il turnover cellulare, attenua rughe e macchie della pelle restituisce vitalit\u00e0, freschezza e luminosit\u00e0 alla pelle e regala nuova allure al viso.<\/p>\n<p><strong>MODALIT<\/strong><strong>\u00c0<\/strong><strong> D\u2019USO<\/strong><\/p>\n<p>Stendere in modo uniforme sulle zone interessate del viso e del corpo seguendo le fasce muscolari. Alle prime applicazioni e normale un leggero pizzicore della pelle. Se dovesse persistere ed essere insopportabile sospendere il trattamento.<\/p>\n<p><strong>AVVERTENZE<\/strong><\/p>\n<p>Per uso esterno. Tenere fuori dalla portata dei bambini. Prima di procedere all&#8217;uso regolare del prodotto, applicarlo su una piccola superficie di pelle per verificarne la compatibilit\u00e0 e tollerabilit\u00e0 cutanea. Si informa che preparati a base di Acido Mandelico possono provocare, nei primi giorni di trattamento un&#8217;irritazione cutanea caratterizzata da leggero arrossamento, prurito, pizzicore e lievi alterazioni epidermiche superficiali che regrediscono con l&#8217;uso continuato del prodotto. Qualora lo stato irritativo non dovesse calmarsi, si consiglia di sospendere il trattamento e di applicare sulla pelle una pomata lenitiva. Riprendere l&#8217;uso del prodotto solo se la pelle risulta perfettamente disarrossata. Si sconsiglia l&#8217;uso del prodotto durante la gravidanza e l&#8217;allattamento.<\/p>\n<p><strong>INGREDIENTI<\/strong><\/p>\n<div class=\"page\" title=\"Page 2\">\n<div class=\"layoutArea\">\n<div class=\"column\">\n<p>Mandelic Acid, Aqua, Xanthan Gum, Ammonia, Tetrasodium Edta<\/p>\n<\/div>\n<\/div>\n<\/div>\n","protected":false},"excerpt":{"rendered":"<div><button>Vai alla versione Regular <\/button><\/div>\n","protected":false},"featured_media":1693,"comment_status":"open","ping_status":"closed","template":"","meta":{"_monsterinsights_skip_tracking":false,"_monsterinsights_sitenote_active":false,"_monsterinsights_sitenote_note":"","_monsterinsights_sitenote_category":0},"product_brand":[],"product_cat":[64,48],"product_tag":[61,59],"class_list":{"0":"post-467","1":"product","2":"type-product","3":"status-publish","4":"has-post-thumbnail","6":"product_cat-minisize","7":"product_cat-viso","8":"product_tag-mandelico","9":"product_tag-mini-size","11":"first","12":"instock","13":"taxable","14":"shipping-taxable","15":"purchasable","16":"product-type-simple"},"yoast_head":"<!-- This site is optimized with the Yoast SEO plugin v27.4 - https:\/\/yoast.com\/product\/yoast-seo-wordpress\/ -->\n<title>Light Peel | 15 ml - UpLifting eShop<\/title>\n<meta name=\"robots\" content=\"index, follow, max-snippet:-1, max-image-preview:large, max-video-preview:-1\" \/>\n<link rel=\"canonical\" href=\"https:\/\/uplifting.care\/shop\/prodotto\/light-peel-acido-mandelico\/\" \/>\n<meta property=\"og:locale\" content=\"it_IT\" \/>\n<meta property=\"og:type\" content=\"article\" \/>\n<meta property=\"og:title\" content=\"Light Peel | 15 ml - UpLifting eShop\" \/>\n<meta property=\"og:description\" content=\"Vai alla versione Regular\" \/>\n<meta property=\"og:url\" content=\"https:\/\/uplifting.care\/shop\/prodotto\/light-peel-acido-mandelico\/\" \/>\n<meta property=\"og:site_name\" content=\"UpLifting eShop\" \/>\n<meta property=\"article:modified_time\" content=\"2025-05-07T13:09:19+00:00\" \/>\n<meta property=\"og:image\" content=\"https:\/\/uplifting.care\/shop\/wp-content\/uploads\/2021\/03\/lightpeel-minisize-scaled.jpg\" \/>\n\t<meta property=\"og:image:width\" content=\"2560\" \/>\n\t<meta property=\"og:image:height\" content=\"2560\" \/>\n\t<meta property=\"og:image:type\" content=\"image\/jpeg\" \/>\n<meta name=\"twitter:card\" content=\"summary_large_image\" \/>\n<meta name=\"twitter:label1\" content=\"Tempo di lettura stimato\" \/>\n\t<meta name=\"twitter:data1\" content=\"2 minuti\" \/>\n<script type=\"application\/ld+json\" class=\"yoast-schema-graph\">{\"@context\":\"https:\\\/\\\/schema.org\",\"@graph\":[{\"@type\":\"WebPage\",\"@id\":\"https:\\\/\\\/uplifting.care\\\/shop\\\/prodotto\\\/light-peel-acido-mandelico\\\/\",\"url\":\"https:\\\/\\\/uplifting.care\\\/shop\\\/prodotto\\\/light-peel-acido-mandelico\\\/\",\"name\":\"Light Peel | 15 ml - UpLifting eShop\",\"isPartOf\":{\"@id\":\"https:\\\/\\\/uplifting.care\\\/shop\\\/#website\"},\"primaryImageOfPage\":{\"@id\":\"https:\\\/\\\/uplifting.care\\\/shop\\\/prodotto\\\/light-peel-acido-mandelico\\\/#primaryimage\"},\"image\":{\"@id\":\"https:\\\/\\\/uplifting.care\\\/shop\\\/prodotto\\\/light-peel-acido-mandelico\\\/#primaryimage\"},\"thumbnailUrl\":\"https:\\\/\\\/uplifting.care\\\/shop\\\/wp-content\\\/uploads\\\/2021\\\/03\\\/lightpeel-minisize-scaled.jpg\",\"datePublished\":\"2021-03-01T17:44:10+00:00\",\"dateModified\":\"2025-05-07T13:09:19+00:00\",\"breadcrumb\":{\"@id\":\"https:\\\/\\\/uplifting.care\\\/shop\\\/prodotto\\\/light-peel-acido-mandelico\\\/#breadcrumb\"},\"inLanguage\":\"it-IT\",\"potentialAction\":[{\"@type\":\"ReadAction\",\"target\":[\"https:\\\/\\\/uplifting.care\\\/shop\\\/prodotto\\\/light-peel-acido-mandelico\\\/\"]}]},{\"@type\":\"ImageObject\",\"inLanguage\":\"it-IT\",\"@id\":\"https:\\\/\\\/uplifting.care\\\/shop\\\/prodotto\\\/light-peel-acido-mandelico\\\/#primaryimage\",\"url\":\"https:\\\/\\\/uplifting.care\\\/shop\\\/wp-content\\\/uploads\\\/2021\\\/03\\\/lightpeel-minisize-scaled.jpg\",\"contentUrl\":\"https:\\\/\\\/uplifting.care\\\/shop\\\/wp-content\\\/uploads\\\/2021\\\/03\\\/lightpeel-minisize-scaled.jpg\",\"width\":2560,\"height\":2560,\"caption\":\"light-peel-minisize-uplifting\"},{\"@type\":\"BreadcrumbList\",\"@id\":\"https:\\\/\\\/uplifting.care\\\/shop\\\/prodotto\\\/light-peel-acido-mandelico\\\/#breadcrumb\",\"itemListElement\":[{\"@type\":\"ListItem\",\"position\":1,\"name\":\"Home\",\"item\":\"https:\\\/\\\/uplifting.care\\\/shop\\\/\"},{\"@type\":\"ListItem\",\"position\":2,\"name\":\"Prodotti\",\"item\":\"https:\\\/\\\/uplifting.care\\\/shop\\\/shop\\\/\"},{\"@type\":\"ListItem\",\"position\":3,\"name\":\"Light Peel | 15 ml\"}]},{\"@type\":\"WebSite\",\"@id\":\"https:\\\/\\\/uplifting.care\\\/shop\\\/#website\",\"url\":\"https:\\\/\\\/uplifting.care\\\/shop\\\/\",\"name\":\"UpLifting eShop\",\"description\":\"Reborn to beauty\",\"publisher\":{\"@id\":\"https:\\\/\\\/uplifting.care\\\/shop\\\/#organization\"},\"potentialAction\":[{\"@type\":\"SearchAction\",\"target\":{\"@type\":\"EntryPoint\",\"urlTemplate\":\"https:\\\/\\\/uplifting.care\\\/shop\\\/?s={search_term_string}\"},\"query-input\":{\"@type\":\"PropertyValueSpecification\",\"valueRequired\":true,\"valueName\":\"search_term_string\"}}],\"inLanguage\":\"it-IT\"},{\"@type\":\"Organization\",\"@id\":\"https:\\\/\\\/uplifting.care\\\/shop\\\/#organization\",\"name\":\"UpLifting eShop\",\"url\":\"https:\\\/\\\/uplifting.care\\\/shop\\\/\",\"logo\":{\"@type\":\"ImageObject\",\"inLanguage\":\"it-IT\",\"@id\":\"https:\\\/\\\/uplifting.care\\\/shop\\\/#\\\/schema\\\/logo\\\/image\\\/\",\"url\":\"https:\\\/\\\/uplifting.care\\\/shop\\\/wp-content\\\/uploads\\\/2021\\\/03\\\/cropped-logo-oro-.png\",\"contentUrl\":\"https:\\\/\\\/uplifting.care\\\/shop\\\/wp-content\\\/uploads\\\/2021\\\/03\\\/cropped-logo-oro-.png\",\"width\":867,\"height\":276,\"caption\":\"UpLifting eShop\"},\"image\":{\"@id\":\"https:\\\/\\\/uplifting.care\\\/shop\\\/#\\\/schema\\\/logo\\\/image\\\/\"}}]}<\/script>\n<!-- \/ Yoast SEO plugin. -->","yoast_head_json":{"title":"Light Peel | 15 ml - UpLifting eShop","robots":{"index":"index","follow":"follow","max-snippet":"max-snippet:-1","max-image-preview":"max-image-preview:large","max-video-preview":"max-video-preview:-1"},"canonical":"https:\/\/uplifting.care\/shop\/prodotto\/light-peel-acido-mandelico\/","og_locale":"it_IT","og_type":"article","og_title":"Light Peel | 15 ml - UpLifting eShop","og_description":"Vai alla versione Regular","og_url":"https:\/\/uplifting.care\/shop\/prodotto\/light-peel-acido-mandelico\/","og_site_name":"UpLifting eShop","article_modified_time":"2025-05-07T13:09:19+00:00","og_image":[{"width":2560,"height":2560,"url":"https:\/\/uplifting.care\/shop\/wp-content\/uploads\/2021\/03\/lightpeel-minisize-scaled.jpg","type":"image\/jpeg"}],"twitter_card":"summary_large_image","twitter_misc":{"Tempo di lettura stimato":"2 minuti"},"schema":{"@context":"https:\/\/schema.org","@graph":[{"@type":"WebPage","@id":"https:\/\/uplifting.care\/shop\/prodotto\/light-peel-acido-mandelico\/","url":"https:\/\/uplifting.care\/shop\/prodotto\/light-peel-acido-mandelico\/","name":"Light Peel | 15 ml - UpLifting eShop","isPartOf":{"@id":"https:\/\/uplifting.care\/shop\/#website"},"primaryImageOfPage":{"@id":"https:\/\/uplifting.care\/shop\/prodotto\/light-peel-acido-mandelico\/#primaryimage"},"image":{"@id":"https:\/\/uplifting.care\/shop\/prodotto\/light-peel-acido-mandelico\/#primaryimage"},"thumbnailUrl":"https:\/\/uplifting.care\/shop\/wp-content\/uploads\/2021\/03\/lightpeel-minisize-scaled.jpg","datePublished":"2021-03-01T17:44:10+00:00","dateModified":"2025-05-07T13:09:19+00:00","breadcrumb":{"@id":"https:\/\/uplifting.care\/shop\/prodotto\/light-peel-acido-mandelico\/#breadcrumb"},"inLanguage":"it-IT","potentialAction":[{"@type":"ReadAction","target":["https:\/\/uplifting.care\/shop\/prodotto\/light-peel-acido-mandelico\/"]}]},{"@type":"ImageObject","inLanguage":"it-IT","@id":"https:\/\/uplifting.care\/shop\/prodotto\/light-peel-acido-mandelico\/#primaryimage","url":"https:\/\/uplifting.care\/shop\/wp-content\/uploads\/2021\/03\/lightpeel-minisize-scaled.jpg","contentUrl":"https:\/\/uplifting.care\/shop\/wp-content\/uploads\/2021\/03\/lightpeel-minisize-scaled.jpg","width":2560,"height":2560,"caption":"light-peel-minisize-uplifting"},{"@type":"BreadcrumbList","@id":"https:\/\/uplifting.care\/shop\/prodotto\/light-peel-acido-mandelico\/#breadcrumb","itemListElement":[{"@type":"ListItem","position":1,"name":"Home","item":"https:\/\/uplifting.care\/shop\/"},{"@type":"ListItem","position":2,"name":"Prodotti","item":"https:\/\/uplifting.care\/shop\/shop\/"},{"@type":"ListItem","position":3,"name":"Light Peel | 15 ml"}]},{"@type":"WebSite","@id":"https:\/\/uplifting.care\/shop\/#website","url":"https:\/\/uplifting.care\/shop\/","name":"UpLifting eShop","description":"Reborn to beauty","publisher":{"@id":"https:\/\/uplifting.care\/shop\/#organization"},"potentialAction":[{"@type":"SearchAction","target":{"@type":"EntryPoint","urlTemplate":"https:\/\/uplifting.care\/shop\/?s={search_term_string}"},"query-input":{"@type":"PropertyValueSpecification","valueRequired":true,"valueName":"search_term_string"}}],"inLanguage":"it-IT"},{"@type":"Organization","@id":"https:\/\/uplifting.care\/shop\/#organization","name":"UpLifting eShop","url":"https:\/\/uplifting.care\/shop\/","logo":{"@type":"ImageObject","inLanguage":"it-IT","@id":"https:\/\/uplifting.care\/shop\/#\/schema\/logo\/image\/","url":"https:\/\/uplifting.care\/shop\/wp-content\/uploads\/2021\/03\/cropped-logo-oro-.png","contentUrl":"https:\/\/uplifting.care\/shop\/wp-content\/uploads\/2021\/03\/cropped-logo-oro-.png","width":867,"height":276,"caption":"UpLifting eShop"},"image":{"@id":"https:\/\/uplifting.care\/shop\/#\/schema\/logo\/image\/"}}]}},"_links":{"self":[{"href":"https:\/\/uplifting.care\/shop\/wp-json\/wp\/v2\/product\/467","targetHints":{"allow":["GET"]}}],"collection":[{"href":"https:\/\/uplifting.care\/shop\/wp-json\/wp\/v2\/product"}],"about":[{"href":"https:\/\/uplifting.care\/shop\/wp-json\/wp\/v2\/types\/product"}],"replies":[{"embeddable":true,"href":"https:\/\/uplifting.care\/shop\/wp-json\/wp\/v2\/comments?post=467"}],"wp:featuredmedia":[{"embeddable":true,"href":"https:\/\/uplifting.care\/shop\/wp-json\/wp\/v2\/media\/1693"}],"wp:attachment":[{"href":"https:\/\/uplifting.care\/shop\/wp-json\/wp\/v2\/media?parent=467"}],"wp:term":[{"taxonomy":"product_brand","embeddable":true,"href":"https:\/\/uplifting.care\/shop\/wp-json\/wp\/v2\/product_brand?post=467"},{"taxonomy":"product_cat","embeddable":true,"href":"https:\/\/uplifting.care\/shop\/wp-json\/wp\/v2\/product_cat?post=467"},{"taxonomy":"product_tag","embeddable":true,"href":"https:\/\/uplifting.care\/shop\/wp-json\/wp\/v2\/product_tag?post=467"}],"curies":[{"name":"wp","href":"https:\/\/api.w.org\/{rel}","templated":true}]}}