{"id":465,"date":"2021-03-01T17:32:58","date_gmt":"2021-03-01T17:32:58","guid":{"rendered":"https:\/\/uplifting.care\/shop\/?post_type=product&#038;p=465"},"modified":"2026-02-11T10:36:11","modified_gmt":"2026-02-11T09:36:11","slug":"face-clean-detergente-multiuso-viso","status":"publish","type":"product","link":"https:\/\/uplifting.care\/shop\/prodotto\/face-clean-detergente-multiuso-viso\/","title":{"rendered":"Face Clean | 50 ml"},"content":{"rendered":"<p>Face Clean \u00e8 un prodotto altamente performante arricchito di ingredienti naturali, adatto anche alle pelli pi\u00f9 sensibili. A base di purissimi estratti vegetali, Face Clean libera i pori dalle impurit\u00e0, ma anche da <strong>smog<\/strong> e <strong>residui inquinanti, salsedine e cloro<\/strong>, rispettando il ph della pelle e rendendola morbida e piacevolmente profumata. Purificante, idratante, addolcente e lenitivo, assicura una detersione profonda, mentre previene l\u2019ossidazione e l\u2019invecchiamento cellulare.<\/p>\n<p>Con Face Clean non solo detergerete delicatamente e in modo naturale la vostra pelle, ma le regalerete elementi preziosi, nuova ossigenazione e benessere totale.<\/p>\n<p><strong>MODALIT\u00c0 D\u2019USO<\/strong><\/p>\n<p>Versare una piccola quantit\u00e0 di detergente sul palmo della mano precedentemente inumidita con acqua tiepida, massaggiandolo sul viso, collo, d\u00e9collet\u00e9, petto e spalle, corpo e capelli, eseguendo movimenti circolari con i polpastrelli. Questo procedimento aiuta la penetrazione dei principi attivi e per rimuovere le sostanze nocive sedimentate nel tessuto. Nel caso il prodotto tendesse ad asciugarsi, inumidire nuovamente le mani con acqua tiepida per riattivarlo. Sciacquare con acqua tiepida o panni caldi.<\/p>\n<p><strong>AVVERTENZE<\/strong><\/p>\n<p>Solo per uso esterno. Evitare il contatto con gli occhi e le mucose. In caso di contatto accidentale, risciacquare abbondantemente con acqua fredda. Evitare l\u2019applicazione in caso di accertata sensibilit\u00e0 ad uno dei componenti. Conservare in un luogo fresco e asciutto. Tenere lontano dalla portata dei bambini. Formulato per minimizzare ogni potenziale e prevedibile reazione avversa.<\/p>\n<p><strong>INGREDIENTI<\/strong><\/p>\n<div class=\"page\" title=\"Page 1\">\n<div class=\"section\">\n<div class=\"layoutArea\">\n<div class=\"column\">\n<p>Aqua (deionized Wate), Heptyl Gluscoside, Glycerin, Cocamidopropyl Betaine, Hydroxypropyl Guar, Polyglyceryl-6- Distearate, Sodium Benzoate, Potassium Sorbate, Parfum-Fragrance, Citric Acid, Propylene Glycol, Camelia Sinensis Flower Extract (Thea Sinensis Extract), Aesculus Hippocastanum Seed Extract (Aesculus Hippocastanum (Horse Chestnut) Seed Exstract), Fucus Vesiculosus Exstract, Hedera Helix Leaf Extract (Hedera Helix (Ivy) Leaf Extract), Sodium Hyaluronate<\/p>\n<\/div>\n<\/div>\n<\/div>\n<\/div>\n","protected":false},"excerpt":{"rendered":"<div><button>Vai alla versione Regular <\/button><\/div>\n","protected":false},"featured_media":1694,"comment_status":"open","ping_status":"closed","template":"","meta":{"_monsterinsights_skip_tracking":false,"_monsterinsights_sitenote_active":false,"_monsterinsights_sitenote_note":"","_monsterinsights_sitenote_category":0},"product_brand":[],"product_cat":[64,48],"product_tag":[56,59,55],"class_list":{"0":"post-465","1":"product","2":"type-product","3":"status-publish","4":"has-post-thumbnail","6":"product_cat-minisize","7":"product_cat-viso","8":"product_tag-detergenti","9":"product_tag-mini-size","10":"product_tag-pulizia-viso","12":"first","13":"instock","14":"taxable","15":"shipping-taxable","16":"purchasable","17":"product-type-simple"},"yoast_head":"<!-- This site is optimized with the Yoast SEO plugin v27.4 - https:\/\/yoast.com\/product\/yoast-seo-wordpress\/ -->\n<title>Face Clean | 50 ml - UpLifting eShop<\/title>\n<meta name=\"robots\" content=\"index, follow, max-snippet:-1, max-image-preview:large, max-video-preview:-1\" \/>\n<link rel=\"canonical\" href=\"https:\/\/uplifting.care\/shop\/prodotto\/face-clean-detergente-multiuso-viso\/\" \/>\n<meta property=\"og:locale\" content=\"it_IT\" \/>\n<meta property=\"og:type\" content=\"article\" \/>\n<meta property=\"og:title\" content=\"Face Clean | 50 ml - UpLifting eShop\" \/>\n<meta property=\"og:description\" content=\"Vai alla versione Regular\" \/>\n<meta property=\"og:url\" content=\"https:\/\/uplifting.care\/shop\/prodotto\/face-clean-detergente-multiuso-viso\/\" \/>\n<meta property=\"og:site_name\" content=\"UpLifting eShop\" \/>\n<meta property=\"article:modified_time\" content=\"2026-02-11T09:36:11+00:00\" \/>\n<meta property=\"og:image\" content=\"https:\/\/uplifting.care\/shop\/wp-content\/uploads\/2021\/03\/face-clean-minisize-scaled.jpg\" \/>\n\t<meta property=\"og:image:width\" content=\"2560\" \/>\n\t<meta property=\"og:image:height\" content=\"2560\" \/>\n\t<meta property=\"og:image:type\" content=\"image\/jpeg\" \/>\n<meta name=\"twitter:card\" content=\"summary_large_image\" \/>\n<meta name=\"twitter:label1\" content=\"Tempo di lettura stimato\" \/>\n\t<meta name=\"twitter:data1\" content=\"2 minuti\" \/>\n<script type=\"application\/ld+json\" class=\"yoast-schema-graph\">{\"@context\":\"https:\\\/\\\/schema.org\",\"@graph\":[{\"@type\":\"WebPage\",\"@id\":\"https:\\\/\\\/uplifting.care\\\/shop\\\/prodotto\\\/face-clean-detergente-multiuso-viso\\\/\",\"url\":\"https:\\\/\\\/uplifting.care\\\/shop\\\/prodotto\\\/face-clean-detergente-multiuso-viso\\\/\",\"name\":\"Face Clean | 50 ml - UpLifting eShop\",\"isPartOf\":{\"@id\":\"https:\\\/\\\/uplifting.care\\\/shop\\\/#website\"},\"primaryImageOfPage\":{\"@id\":\"https:\\\/\\\/uplifting.care\\\/shop\\\/prodotto\\\/face-clean-detergente-multiuso-viso\\\/#primaryimage\"},\"image\":{\"@id\":\"https:\\\/\\\/uplifting.care\\\/shop\\\/prodotto\\\/face-clean-detergente-multiuso-viso\\\/#primaryimage\"},\"thumbnailUrl\":\"https:\\\/\\\/uplifting.care\\\/shop\\\/wp-content\\\/uploads\\\/2021\\\/03\\\/face-clean-minisize-scaled.jpg\",\"datePublished\":\"2021-03-01T17:32:58+00:00\",\"dateModified\":\"2026-02-11T09:36:11+00:00\",\"breadcrumb\":{\"@id\":\"https:\\\/\\\/uplifting.care\\\/shop\\\/prodotto\\\/face-clean-detergente-multiuso-viso\\\/#breadcrumb\"},\"inLanguage\":\"it-IT\",\"potentialAction\":[{\"@type\":\"ReadAction\",\"target\":[\"https:\\\/\\\/uplifting.care\\\/shop\\\/prodotto\\\/face-clean-detergente-multiuso-viso\\\/\"]}]},{\"@type\":\"ImageObject\",\"inLanguage\":\"it-IT\",\"@id\":\"https:\\\/\\\/uplifting.care\\\/shop\\\/prodotto\\\/face-clean-detergente-multiuso-viso\\\/#primaryimage\",\"url\":\"https:\\\/\\\/uplifting.care\\\/shop\\\/wp-content\\\/uploads\\\/2021\\\/03\\\/face-clean-minisize-scaled.jpg\",\"contentUrl\":\"https:\\\/\\\/uplifting.care\\\/shop\\\/wp-content\\\/uploads\\\/2021\\\/03\\\/face-clean-minisize-scaled.jpg\",\"width\":2560,\"height\":2560,\"caption\":\"face-clean-minisize-uplifting\"},{\"@type\":\"BreadcrumbList\",\"@id\":\"https:\\\/\\\/uplifting.care\\\/shop\\\/prodotto\\\/face-clean-detergente-multiuso-viso\\\/#breadcrumb\",\"itemListElement\":[{\"@type\":\"ListItem\",\"position\":1,\"name\":\"Home\",\"item\":\"https:\\\/\\\/uplifting.care\\\/shop\\\/\"},{\"@type\":\"ListItem\",\"position\":2,\"name\":\"Prodotti\",\"item\":\"https:\\\/\\\/uplifting.care\\\/shop\\\/shop\\\/\"},{\"@type\":\"ListItem\",\"position\":3,\"name\":\"Face Clean | 50 ml\"}]},{\"@type\":\"WebSite\",\"@id\":\"https:\\\/\\\/uplifting.care\\\/shop\\\/#website\",\"url\":\"https:\\\/\\\/uplifting.care\\\/shop\\\/\",\"name\":\"UpLifting eShop\",\"description\":\"Reborn to beauty\",\"publisher\":{\"@id\":\"https:\\\/\\\/uplifting.care\\\/shop\\\/#organization\"},\"potentialAction\":[{\"@type\":\"SearchAction\",\"target\":{\"@type\":\"EntryPoint\",\"urlTemplate\":\"https:\\\/\\\/uplifting.care\\\/shop\\\/?s={search_term_string}\"},\"query-input\":{\"@type\":\"PropertyValueSpecification\",\"valueRequired\":true,\"valueName\":\"search_term_string\"}}],\"inLanguage\":\"it-IT\"},{\"@type\":\"Organization\",\"@id\":\"https:\\\/\\\/uplifting.care\\\/shop\\\/#organization\",\"name\":\"UpLifting eShop\",\"url\":\"https:\\\/\\\/uplifting.care\\\/shop\\\/\",\"logo\":{\"@type\":\"ImageObject\",\"inLanguage\":\"it-IT\",\"@id\":\"https:\\\/\\\/uplifting.care\\\/shop\\\/#\\\/schema\\\/logo\\\/image\\\/\",\"url\":\"https:\\\/\\\/uplifting.care\\\/shop\\\/wp-content\\\/uploads\\\/2021\\\/03\\\/cropped-logo-oro-.png\",\"contentUrl\":\"https:\\\/\\\/uplifting.care\\\/shop\\\/wp-content\\\/uploads\\\/2021\\\/03\\\/cropped-logo-oro-.png\",\"width\":867,\"height\":276,\"caption\":\"UpLifting eShop\"},\"image\":{\"@id\":\"https:\\\/\\\/uplifting.care\\\/shop\\\/#\\\/schema\\\/logo\\\/image\\\/\"}}]}<\/script>\n<!-- \/ Yoast SEO plugin. -->","yoast_head_json":{"title":"Face Clean | 50 ml - UpLifting eShop","robots":{"index":"index","follow":"follow","max-snippet":"max-snippet:-1","max-image-preview":"max-image-preview:large","max-video-preview":"max-video-preview:-1"},"canonical":"https:\/\/uplifting.care\/shop\/prodotto\/face-clean-detergente-multiuso-viso\/","og_locale":"it_IT","og_type":"article","og_title":"Face Clean | 50 ml - UpLifting eShop","og_description":"Vai alla versione Regular","og_url":"https:\/\/uplifting.care\/shop\/prodotto\/face-clean-detergente-multiuso-viso\/","og_site_name":"UpLifting eShop","article_modified_time":"2026-02-11T09:36:11+00:00","og_image":[{"width":2560,"height":2560,"url":"https:\/\/uplifting.care\/shop\/wp-content\/uploads\/2021\/03\/face-clean-minisize-scaled.jpg","type":"image\/jpeg"}],"twitter_card":"summary_large_image","twitter_misc":{"Tempo di lettura stimato":"2 minuti"},"schema":{"@context":"https:\/\/schema.org","@graph":[{"@type":"WebPage","@id":"https:\/\/uplifting.care\/shop\/prodotto\/face-clean-detergente-multiuso-viso\/","url":"https:\/\/uplifting.care\/shop\/prodotto\/face-clean-detergente-multiuso-viso\/","name":"Face Clean | 50 ml - UpLifting eShop","isPartOf":{"@id":"https:\/\/uplifting.care\/shop\/#website"},"primaryImageOfPage":{"@id":"https:\/\/uplifting.care\/shop\/prodotto\/face-clean-detergente-multiuso-viso\/#primaryimage"},"image":{"@id":"https:\/\/uplifting.care\/shop\/prodotto\/face-clean-detergente-multiuso-viso\/#primaryimage"},"thumbnailUrl":"https:\/\/uplifting.care\/shop\/wp-content\/uploads\/2021\/03\/face-clean-minisize-scaled.jpg","datePublished":"2021-03-01T17:32:58+00:00","dateModified":"2026-02-11T09:36:11+00:00","breadcrumb":{"@id":"https:\/\/uplifting.care\/shop\/prodotto\/face-clean-detergente-multiuso-viso\/#breadcrumb"},"inLanguage":"it-IT","potentialAction":[{"@type":"ReadAction","target":["https:\/\/uplifting.care\/shop\/prodotto\/face-clean-detergente-multiuso-viso\/"]}]},{"@type":"ImageObject","inLanguage":"it-IT","@id":"https:\/\/uplifting.care\/shop\/prodotto\/face-clean-detergente-multiuso-viso\/#primaryimage","url":"https:\/\/uplifting.care\/shop\/wp-content\/uploads\/2021\/03\/face-clean-minisize-scaled.jpg","contentUrl":"https:\/\/uplifting.care\/shop\/wp-content\/uploads\/2021\/03\/face-clean-minisize-scaled.jpg","width":2560,"height":2560,"caption":"face-clean-minisize-uplifting"},{"@type":"BreadcrumbList","@id":"https:\/\/uplifting.care\/shop\/prodotto\/face-clean-detergente-multiuso-viso\/#breadcrumb","itemListElement":[{"@type":"ListItem","position":1,"name":"Home","item":"https:\/\/uplifting.care\/shop\/"},{"@type":"ListItem","position":2,"name":"Prodotti","item":"https:\/\/uplifting.care\/shop\/shop\/"},{"@type":"ListItem","position":3,"name":"Face Clean | 50 ml"}]},{"@type":"WebSite","@id":"https:\/\/uplifting.care\/shop\/#website","url":"https:\/\/uplifting.care\/shop\/","name":"UpLifting eShop","description":"Reborn to beauty","publisher":{"@id":"https:\/\/uplifting.care\/shop\/#organization"},"potentialAction":[{"@type":"SearchAction","target":{"@type":"EntryPoint","urlTemplate":"https:\/\/uplifting.care\/shop\/?s={search_term_string}"},"query-input":{"@type":"PropertyValueSpecification","valueRequired":true,"valueName":"search_term_string"}}],"inLanguage":"it-IT"},{"@type":"Organization","@id":"https:\/\/uplifting.care\/shop\/#organization","name":"UpLifting eShop","url":"https:\/\/uplifting.care\/shop\/","logo":{"@type":"ImageObject","inLanguage":"it-IT","@id":"https:\/\/uplifting.care\/shop\/#\/schema\/logo\/image\/","url":"https:\/\/uplifting.care\/shop\/wp-content\/uploads\/2021\/03\/cropped-logo-oro-.png","contentUrl":"https:\/\/uplifting.care\/shop\/wp-content\/uploads\/2021\/03\/cropped-logo-oro-.png","width":867,"height":276,"caption":"UpLifting eShop"},"image":{"@id":"https:\/\/uplifting.care\/shop\/#\/schema\/logo\/image\/"}}]}},"_links":{"self":[{"href":"https:\/\/uplifting.care\/shop\/wp-json\/wp\/v2\/product\/465","targetHints":{"allow":["GET"]}}],"collection":[{"href":"https:\/\/uplifting.care\/shop\/wp-json\/wp\/v2\/product"}],"about":[{"href":"https:\/\/uplifting.care\/shop\/wp-json\/wp\/v2\/types\/product"}],"replies":[{"embeddable":true,"href":"https:\/\/uplifting.care\/shop\/wp-json\/wp\/v2\/comments?post=465"}],"wp:featuredmedia":[{"embeddable":true,"href":"https:\/\/uplifting.care\/shop\/wp-json\/wp\/v2\/media\/1694"}],"wp:attachment":[{"href":"https:\/\/uplifting.care\/shop\/wp-json\/wp\/v2\/media?parent=465"}],"wp:term":[{"taxonomy":"product_brand","embeddable":true,"href":"https:\/\/uplifting.care\/shop\/wp-json\/wp\/v2\/product_brand?post=465"},{"taxonomy":"product_cat","embeddable":true,"href":"https:\/\/uplifting.care\/shop\/wp-json\/wp\/v2\/product_cat?post=465"},{"taxonomy":"product_tag","embeddable":true,"href":"https:\/\/uplifting.care\/shop\/wp-json\/wp\/v2\/product_tag?post=465"}],"curies":[{"name":"wp","href":"https:\/\/api.w.org\/{rel}","templated":true}]}}