{"id":463,"date":"2021-03-01T17:23:18","date_gmt":"2021-03-01T17:23:18","guid":{"rendered":"https:\/\/uplifting.care\/shop\/?post_type=product&#038;p=463"},"modified":"2021-11-12T13:55:45","modified_gmt":"2021-11-12T13:55:45","slug":"elastin-serum-siero-idratante-per-pelli-mature","status":"publish","type":"product","link":"https:\/\/uplifting.care\/shop\/prodotto\/elastin-serum-siero-idratante-per-pelli-mature\/","title":{"rendered":"Elastin Serum | 6,5 ml"},"content":{"rendered":"<p>Ottimo siero <em>pro-age<\/em> ricco di proteine vegetali idrolizzate, nutriente e ridensificante, ELASTIN SERUM aiuta a ritrovare elasticit\u00e0 e turgore, migliora il colorito rendendolo pi\u00f9 omogeneo, la pelle pi\u00f9 liscia, fresca al tatto e visibilmente pi\u00f9 tonica e compatta.<\/p>\n<p>Con la sua preziosa miscela di AMINOACIDI, possiede un\u2019azione filmogena idratante e protettiva dello strato corneo che limita la perdita di acqua. Usato in sinergia con COLLAGEN SERUM, potenzia la sua azione e contribuisce a ritardare l\u2019invecchiamento cutaneo.<\/p>\n<p>L\u2019elastina, ottenuta per idrolisi enzimatica di tessuti connettivi ricchi in elastina nativa, con la sua preziosa miscela di AMINOACIDI, possiede un\u2019azione filmogena idratante e protettiva dello strato corneo.<\/p>\n<p>Le sue catene molecolari si distribuiscono uniformemente sullo strato corneo, formando un film macromolecolare che protegge la cute, la rende pi\u00f9 elastica e soda e limita la perdita di acqua. Usata in sinergia con collagene idrolizzato potenzia la sua azione e contribuisce a ritardare l\u2019invecchiamento cutaneo.<\/p>\n<p><strong>MODALIT\u00c0 D\u2019USO<\/strong><\/p>\n<p>Applicare mattina e sera, prima della crema abituale, su viso, collo e d\u00e9collet\u00e9, contorno occhi (comprese le palpebre) e massaggiare delicatamente fino a completo assorbimento.<\/p>\n<p><strong>AVVERTENZE<\/strong><\/p>\n<p>Solo per uso esterno. Evitare il contatto con gli occhi e le mucose. In caso di contatto accidentale, risciacquare abbondantemente con acqua fredda. Evitare l\u2019applicazione in caso di accertata sensibilit\u00e0 ad uno dei componenti. Conservare in un luogo fresco e asciutto. Tenere lontano dalla portata dei bambini. Formulato per minimizzare ogni potenziale e prevedibile reazione avversa.<\/p>\n<p><strong>INGREDIENTI<\/strong><\/p>\n<div class=\"page\" title=\"Page 1\">\n<div class=\"layoutArea\">\n<div class=\"column\">\n<p>Aqua (Deionized Water), Glycerin, Propylene Glycol, Elastin Amino Acids (Hydrolized Animal Elastin), Hydroxyethylcellulose, Hydroxypropyl Guar Hydroxypropyltrimonium Chloride, Parfum\/Profumo (Fragrance), Phenoxyethanol, Trideceth-9, PEG-40 Hydrogenated Castor Oil, Polysorbate-20, Acid Blue 9 (Acid Blue 9\/FD&amp;C Blue No.1\/Cl 42090), Benzoic Acid, Cl 14700 (FD &amp; C Red No.4\/ Ponceau SX, Cl 19140 (Acid Yellow 23\/Fd &amp; C Yellow No.5), Dehydroacetic Acid<\/p>\n<\/div>\n<\/div>\n<\/div>\n","protected":false},"excerpt":{"rendered":"<p>Incrementa l&#8217;elasticit\u00e0 e la luminosit\u00e0 della pelle, contrastando rughe e segni del tempo.<\/p>\n<div><button>Vai alla versione Regular<\/button><\/div>\n","protected":false},"featured_media":1695,"comment_status":"open","ping_status":"closed","template":"","meta":{"_monsterinsights_skip_tracking":false,"_monsterinsights_sitenote_active":false,"_monsterinsights_sitenote_note":"","_monsterinsights_sitenote_category":0},"product_brand":[],"product_cat":[64,48],"product_tag":[59,58],"class_list":{"0":"post-463","1":"product","2":"type-product","3":"status-publish","4":"has-post-thumbnail","6":"product_cat-minisize","7":"product_cat-viso","8":"product_tag-mini-size","9":"product_tag-sieri","11":"first","12":"instock","13":"taxable","14":"shipping-taxable","15":"purchasable","16":"product-type-simple"},"yoast_head":"<!-- This site is optimized with the Yoast SEO plugin v27.4 - https:\/\/yoast.com\/product\/yoast-seo-wordpress\/ -->\n<title>Elastin Serum | 6,5 ml - UpLifting eShop<\/title>\n<meta name=\"robots\" content=\"index, follow, max-snippet:-1, max-image-preview:large, max-video-preview:-1\" \/>\n<link rel=\"canonical\" href=\"https:\/\/uplifting.care\/shop\/prodotto\/elastin-serum-siero-idratante-per-pelli-mature\/\" \/>\n<meta property=\"og:locale\" content=\"it_IT\" \/>\n<meta property=\"og:type\" content=\"article\" \/>\n<meta property=\"og:title\" content=\"Elastin Serum | 6,5 ml - UpLifting eShop\" \/>\n<meta property=\"og:description\" content=\"Incrementa l&#039;elasticit\u00e0 e la luminosit\u00e0 della pelle, contrastando rughe e segni del tempo. Vai alla versione Regular\" \/>\n<meta property=\"og:url\" content=\"https:\/\/uplifting.care\/shop\/prodotto\/elastin-serum-siero-idratante-per-pelli-mature\/\" \/>\n<meta property=\"og:site_name\" content=\"UpLifting eShop\" \/>\n<meta property=\"article:modified_time\" content=\"2021-11-12T13:55:45+00:00\" \/>\n<meta property=\"og:image\" content=\"https:\/\/uplifting.care\/shop\/wp-content\/uploads\/2021\/03\/elastin-minizise-scaled.jpg\" \/>\n\t<meta property=\"og:image:width\" content=\"2560\" \/>\n\t<meta property=\"og:image:height\" content=\"2560\" \/>\n\t<meta property=\"og:image:type\" content=\"image\/jpeg\" \/>\n<meta name=\"twitter:card\" content=\"summary_large_image\" \/>\n<meta name=\"twitter:label1\" content=\"Tempo di lettura stimato\" \/>\n\t<meta name=\"twitter:data1\" content=\"2 minuti\" \/>\n<script type=\"application\/ld+json\" class=\"yoast-schema-graph\">{\"@context\":\"https:\\\/\\\/schema.org\",\"@graph\":[{\"@type\":\"WebPage\",\"@id\":\"https:\\\/\\\/uplifting.care\\\/shop\\\/prodotto\\\/elastin-serum-siero-idratante-per-pelli-mature\\\/\",\"url\":\"https:\\\/\\\/uplifting.care\\\/shop\\\/prodotto\\\/elastin-serum-siero-idratante-per-pelli-mature\\\/\",\"name\":\"Elastin Serum | 6,5 ml - UpLifting eShop\",\"isPartOf\":{\"@id\":\"https:\\\/\\\/uplifting.care\\\/shop\\\/#website\"},\"primaryImageOfPage\":{\"@id\":\"https:\\\/\\\/uplifting.care\\\/shop\\\/prodotto\\\/elastin-serum-siero-idratante-per-pelli-mature\\\/#primaryimage\"},\"image\":{\"@id\":\"https:\\\/\\\/uplifting.care\\\/shop\\\/prodotto\\\/elastin-serum-siero-idratante-per-pelli-mature\\\/#primaryimage\"},\"thumbnailUrl\":\"https:\\\/\\\/uplifting.care\\\/shop\\\/wp-content\\\/uploads\\\/2021\\\/03\\\/elastin-minizise-scaled.jpg\",\"datePublished\":\"2021-03-01T17:23:18+00:00\",\"dateModified\":\"2021-11-12T13:55:45+00:00\",\"breadcrumb\":{\"@id\":\"https:\\\/\\\/uplifting.care\\\/shop\\\/prodotto\\\/elastin-serum-siero-idratante-per-pelli-mature\\\/#breadcrumb\"},\"inLanguage\":\"it-IT\",\"potentialAction\":[{\"@type\":\"ReadAction\",\"target\":[\"https:\\\/\\\/uplifting.care\\\/shop\\\/prodotto\\\/elastin-serum-siero-idratante-per-pelli-mature\\\/\"]}]},{\"@type\":\"ImageObject\",\"inLanguage\":\"it-IT\",\"@id\":\"https:\\\/\\\/uplifting.care\\\/shop\\\/prodotto\\\/elastin-serum-siero-idratante-per-pelli-mature\\\/#primaryimage\",\"url\":\"https:\\\/\\\/uplifting.care\\\/shop\\\/wp-content\\\/uploads\\\/2021\\\/03\\\/elastin-minizise-scaled.jpg\",\"contentUrl\":\"https:\\\/\\\/uplifting.care\\\/shop\\\/wp-content\\\/uploads\\\/2021\\\/03\\\/elastin-minizise-scaled.jpg\",\"width\":2560,\"height\":2560,\"caption\":\"elastin-serum-minisize-uplifting\"},{\"@type\":\"BreadcrumbList\",\"@id\":\"https:\\\/\\\/uplifting.care\\\/shop\\\/prodotto\\\/elastin-serum-siero-idratante-per-pelli-mature\\\/#breadcrumb\",\"itemListElement\":[{\"@type\":\"ListItem\",\"position\":1,\"name\":\"Home\",\"item\":\"https:\\\/\\\/uplifting.care\\\/shop\\\/\"},{\"@type\":\"ListItem\",\"position\":2,\"name\":\"Prodotti\",\"item\":\"https:\\\/\\\/uplifting.care\\\/shop\\\/shop\\\/\"},{\"@type\":\"ListItem\",\"position\":3,\"name\":\"Elastin Serum | 6,5 ml\"}]},{\"@type\":\"WebSite\",\"@id\":\"https:\\\/\\\/uplifting.care\\\/shop\\\/#website\",\"url\":\"https:\\\/\\\/uplifting.care\\\/shop\\\/\",\"name\":\"UpLifting eShop\",\"description\":\"Reborn to beauty\",\"publisher\":{\"@id\":\"https:\\\/\\\/uplifting.care\\\/shop\\\/#organization\"},\"potentialAction\":[{\"@type\":\"SearchAction\",\"target\":{\"@type\":\"EntryPoint\",\"urlTemplate\":\"https:\\\/\\\/uplifting.care\\\/shop\\\/?s={search_term_string}\"},\"query-input\":{\"@type\":\"PropertyValueSpecification\",\"valueRequired\":true,\"valueName\":\"search_term_string\"}}],\"inLanguage\":\"it-IT\"},{\"@type\":\"Organization\",\"@id\":\"https:\\\/\\\/uplifting.care\\\/shop\\\/#organization\",\"name\":\"UpLifting eShop\",\"url\":\"https:\\\/\\\/uplifting.care\\\/shop\\\/\",\"logo\":{\"@type\":\"ImageObject\",\"inLanguage\":\"it-IT\",\"@id\":\"https:\\\/\\\/uplifting.care\\\/shop\\\/#\\\/schema\\\/logo\\\/image\\\/\",\"url\":\"https:\\\/\\\/uplifting.care\\\/shop\\\/wp-content\\\/uploads\\\/2021\\\/03\\\/cropped-logo-oro-.png\",\"contentUrl\":\"https:\\\/\\\/uplifting.care\\\/shop\\\/wp-content\\\/uploads\\\/2021\\\/03\\\/cropped-logo-oro-.png\",\"width\":867,\"height\":276,\"caption\":\"UpLifting eShop\"},\"image\":{\"@id\":\"https:\\\/\\\/uplifting.care\\\/shop\\\/#\\\/schema\\\/logo\\\/image\\\/\"}}]}<\/script>\n<!-- \/ Yoast SEO plugin. -->","yoast_head_json":{"title":"Elastin Serum | 6,5 ml - UpLifting eShop","robots":{"index":"index","follow":"follow","max-snippet":"max-snippet:-1","max-image-preview":"max-image-preview:large","max-video-preview":"max-video-preview:-1"},"canonical":"https:\/\/uplifting.care\/shop\/prodotto\/elastin-serum-siero-idratante-per-pelli-mature\/","og_locale":"it_IT","og_type":"article","og_title":"Elastin Serum | 6,5 ml - UpLifting eShop","og_description":"Incrementa l'elasticit\u00e0 e la luminosit\u00e0 della pelle, contrastando rughe e segni del tempo. Vai alla versione Regular","og_url":"https:\/\/uplifting.care\/shop\/prodotto\/elastin-serum-siero-idratante-per-pelli-mature\/","og_site_name":"UpLifting eShop","article_modified_time":"2021-11-12T13:55:45+00:00","og_image":[{"width":2560,"height":2560,"url":"https:\/\/uplifting.care\/shop\/wp-content\/uploads\/2021\/03\/elastin-minizise-scaled.jpg","type":"image\/jpeg"}],"twitter_card":"summary_large_image","twitter_misc":{"Tempo di lettura stimato":"2 minuti"},"schema":{"@context":"https:\/\/schema.org","@graph":[{"@type":"WebPage","@id":"https:\/\/uplifting.care\/shop\/prodotto\/elastin-serum-siero-idratante-per-pelli-mature\/","url":"https:\/\/uplifting.care\/shop\/prodotto\/elastin-serum-siero-idratante-per-pelli-mature\/","name":"Elastin Serum | 6,5 ml - UpLifting eShop","isPartOf":{"@id":"https:\/\/uplifting.care\/shop\/#website"},"primaryImageOfPage":{"@id":"https:\/\/uplifting.care\/shop\/prodotto\/elastin-serum-siero-idratante-per-pelli-mature\/#primaryimage"},"image":{"@id":"https:\/\/uplifting.care\/shop\/prodotto\/elastin-serum-siero-idratante-per-pelli-mature\/#primaryimage"},"thumbnailUrl":"https:\/\/uplifting.care\/shop\/wp-content\/uploads\/2021\/03\/elastin-minizise-scaled.jpg","datePublished":"2021-03-01T17:23:18+00:00","dateModified":"2021-11-12T13:55:45+00:00","breadcrumb":{"@id":"https:\/\/uplifting.care\/shop\/prodotto\/elastin-serum-siero-idratante-per-pelli-mature\/#breadcrumb"},"inLanguage":"it-IT","potentialAction":[{"@type":"ReadAction","target":["https:\/\/uplifting.care\/shop\/prodotto\/elastin-serum-siero-idratante-per-pelli-mature\/"]}]},{"@type":"ImageObject","inLanguage":"it-IT","@id":"https:\/\/uplifting.care\/shop\/prodotto\/elastin-serum-siero-idratante-per-pelli-mature\/#primaryimage","url":"https:\/\/uplifting.care\/shop\/wp-content\/uploads\/2021\/03\/elastin-minizise-scaled.jpg","contentUrl":"https:\/\/uplifting.care\/shop\/wp-content\/uploads\/2021\/03\/elastin-minizise-scaled.jpg","width":2560,"height":2560,"caption":"elastin-serum-minisize-uplifting"},{"@type":"BreadcrumbList","@id":"https:\/\/uplifting.care\/shop\/prodotto\/elastin-serum-siero-idratante-per-pelli-mature\/#breadcrumb","itemListElement":[{"@type":"ListItem","position":1,"name":"Home","item":"https:\/\/uplifting.care\/shop\/"},{"@type":"ListItem","position":2,"name":"Prodotti","item":"https:\/\/uplifting.care\/shop\/shop\/"},{"@type":"ListItem","position":3,"name":"Elastin Serum | 6,5 ml"}]},{"@type":"WebSite","@id":"https:\/\/uplifting.care\/shop\/#website","url":"https:\/\/uplifting.care\/shop\/","name":"UpLifting eShop","description":"Reborn to beauty","publisher":{"@id":"https:\/\/uplifting.care\/shop\/#organization"},"potentialAction":[{"@type":"SearchAction","target":{"@type":"EntryPoint","urlTemplate":"https:\/\/uplifting.care\/shop\/?s={search_term_string}"},"query-input":{"@type":"PropertyValueSpecification","valueRequired":true,"valueName":"search_term_string"}}],"inLanguage":"it-IT"},{"@type":"Organization","@id":"https:\/\/uplifting.care\/shop\/#organization","name":"UpLifting eShop","url":"https:\/\/uplifting.care\/shop\/","logo":{"@type":"ImageObject","inLanguage":"it-IT","@id":"https:\/\/uplifting.care\/shop\/#\/schema\/logo\/image\/","url":"https:\/\/uplifting.care\/shop\/wp-content\/uploads\/2021\/03\/cropped-logo-oro-.png","contentUrl":"https:\/\/uplifting.care\/shop\/wp-content\/uploads\/2021\/03\/cropped-logo-oro-.png","width":867,"height":276,"caption":"UpLifting eShop"},"image":{"@id":"https:\/\/uplifting.care\/shop\/#\/schema\/logo\/image\/"}}]}},"_links":{"self":[{"href":"https:\/\/uplifting.care\/shop\/wp-json\/wp\/v2\/product\/463","targetHints":{"allow":["GET"]}}],"collection":[{"href":"https:\/\/uplifting.care\/shop\/wp-json\/wp\/v2\/product"}],"about":[{"href":"https:\/\/uplifting.care\/shop\/wp-json\/wp\/v2\/types\/product"}],"replies":[{"embeddable":true,"href":"https:\/\/uplifting.care\/shop\/wp-json\/wp\/v2\/comments?post=463"}],"wp:featuredmedia":[{"embeddable":true,"href":"https:\/\/uplifting.care\/shop\/wp-json\/wp\/v2\/media\/1695"}],"wp:attachment":[{"href":"https:\/\/uplifting.care\/shop\/wp-json\/wp\/v2\/media?parent=463"}],"wp:term":[{"taxonomy":"product_brand","embeddable":true,"href":"https:\/\/uplifting.care\/shop\/wp-json\/wp\/v2\/product_brand?post=463"},{"taxonomy":"product_cat","embeddable":true,"href":"https:\/\/uplifting.care\/shop\/wp-json\/wp\/v2\/product_cat?post=463"},{"taxonomy":"product_tag","embeddable":true,"href":"https:\/\/uplifting.care\/shop\/wp-json\/wp\/v2\/product_tag?post=463"}],"curies":[{"name":"wp","href":"https:\/\/api.w.org\/{rel}","templated":true}]}}