{"id":452,"date":"2021-03-01T16:22:34","date_gmt":"2021-03-01T16:22:34","guid":{"rendered":"https:\/\/uplifting.care\/shop\/?post_type=product&#038;p=452"},"modified":"2025-11-06T14:02:16","modified_gmt":"2025-11-06T13:02:16","slug":"balance-lotion","status":"publish","type":"product","link":"https:\/\/uplifting.care\/shop\/prodotto\/balance-lotion\/","title":{"rendered":"Balance Lotion | 15 ml"},"content":{"rendered":"<p>Balance Lotion \u00e8 una delicata bruma rigenerante, un cocktail di vitamine, oligoelementi, estratti vegetali da nebulizzare su viso e corpo per un\u2019azione energizzante, emolliente e rivitalizzante. Perfetta come tonico nella beauty routine quotidiana, ma anche utile complemento di bellezza da portare sempre con s\u00e9 per idratare il viso in ambienti troppo riscaldati o durante i viaggi aerei, prolungare l\u2019abbronzatura o fissare il trucco. Rimineralizza i tessuti, idrata e rinfresca la pelle e ha, cosa non da poco, un effetto antiage.<\/p>\n<p>La sua formula esclusiva scommette sull\u2019alta BIODISPONIBILITA\u2019 dei suoi ingredienti attivi e sul loro ASSORBIMENTO ISTANTANEO, incrementando i livelli di idratazione cellulare, rinfrescando e tonificando il corpo.<\/p>\n<p>Ottima al risveglio come tonico \u2018ENERGY STARTER\u2019, Balance Lotion \u00e8 un <strong>trattamento di bellezza SMART <\/strong>che ti accompagner\u00e0 tutto il giorno e regaler\u00e0 in un istante luminosit\u00e0 e splendore alla tua pelle. E col suo aroma delicato stimoler\u00e0 beneficamente anche il tuo umore.<\/p>\n<p><strong>MODALIT\u00c0 D\u2019USO<\/strong><\/p>\n<p>Vaporizzare sul viso e corpo dopo la detersione o il bagno\/doccia, prima del siero e della crema quotidiana. Indicata anche come prodotto da applicare durante l&#8217;esposizione ai raggi UVA per intensificare l&#8217;abbronzatura in modo naturale. Non contiene filtri solari. Ottima vaporizzata sul viso per fissare il trucco.<\/p>\n<p><strong>AVVERTENZE<\/strong><\/p>\n<p>Solo per uso esterno Evitare il contatto con gli occhi e le mucose. In caso di contatto accidentale, risciacquare abbondantemente con acqua fredda. Evitare l\u2019applicazione in caso di accertata sensibilit\u00e0 ad uno dei componenti. Conservare in un luogo fresco e asciutto: Tenere lontano dalla portata dei bambini. Formulato per minimizzare ogni potenziale e prevedibile reazione avversa.<\/p>\n<p><strong>INGREDIENTI<\/strong><\/p>\n<div class=\"page\" title=\"Page 1\">\n<div class=\"layoutArea\">\n<div class=\"column\">\n<p>Deionized Water (Aqua), Hamamelis Virginiana Leaf Extract (Hamamelis Virginiana (Witch Hazel) Leaf Extract, Rosa Centifolia Flower Water, Glycerin Propylene Glycol, Tridecth-9, Peg-40 Hydrogenated Castor Oil, Polysorbate-20, Nigella Sativa Seed Extract, Phenoxyetha- nol, Benzoic Acid, Dehydroacetic Acid, Parfum\/Profumo (Fragrance), Aloe Barbadensis Leaf Extract, Ethylhexylglycerin, Tetrasodium Glutamate Diacetate, Alpha-Isomethyl Ionone (Aplha-Isomethylionone), Caramel Carum Carvi Fruit Oil (Carum Carvi (Caraway) FruitOil), Orchis Morio Flower Extract, Hydroxycitronellal, Benzyl Alcohol, Hexy lCinnamal, Cl 19140 (Acid Yellow 23\/Fd&amp; C Yellow No5), Linalool, Benzyl Salicylate, Benzyl Benzoate, D-Limonene (Limonene), Citronellol, Geraniol, Anise Alcohol, Butylphenyl Methylpropional, Isoeugenol, Eugenol, Amyl Cinnamal, Hydroxyisohexyl 3-Cyclohexene Carboxaldehyde (Hydroxyyisoe- xyl) 3-Cycloexene Carboxaldheyde), Citral, Farnesol, Benzyil Cinnamate.<\/p>\n<\/div>\n<\/div>\n<\/div>\n","protected":false},"excerpt":{"rendered":"<div><button>Vai alla versione Regular <\/button><\/div>\n<p>Brume rigenerante viso e corpo, rimineralizzante, rinfrescante, idratante, antiage.<\/p>\n","protected":false},"featured_media":1699,"comment_status":"open","ping_status":"closed","template":"","meta":{"_monsterinsights_skip_tracking":false,"_monsterinsights_sitenote_active":false,"_monsterinsights_sitenote_note":"","_monsterinsights_sitenote_category":0},"product_brand":[],"product_cat":[64,48],"product_tag":[59],"class_list":{"0":"post-452","1":"product","2":"type-product","3":"status-publish","4":"has-post-thumbnail","6":"product_cat-minisize","7":"product_cat-viso","8":"product_tag-mini-size","10":"first","11":"instock","12":"taxable","13":"shipping-taxable","14":"purchasable","15":"product-type-simple"},"yoast_head":"<!-- This site is optimized with the Yoast SEO plugin v27.4 - https:\/\/yoast.com\/product\/yoast-seo-wordpress\/ -->\n<title>Balance Lotion | 15 ml - UpLifting eShop<\/title>\n<meta name=\"robots\" content=\"index, follow, max-snippet:-1, max-image-preview:large, max-video-preview:-1\" \/>\n<link rel=\"canonical\" href=\"https:\/\/uplifting.care\/shop\/prodotto\/balance-lotion\/\" \/>\n<meta property=\"og:locale\" content=\"it_IT\" \/>\n<meta property=\"og:type\" content=\"article\" \/>\n<meta property=\"og:title\" content=\"Balance Lotion | 15 ml - UpLifting eShop\" \/>\n<meta property=\"og:description\" content=\"Vai alla versione Regular  Brume rigenerante viso e corpo, rimineralizzante, rinfrescante, idratante, antiage.\" \/>\n<meta property=\"og:url\" content=\"https:\/\/uplifting.care\/shop\/prodotto\/balance-lotion\/\" \/>\n<meta property=\"og:site_name\" content=\"UpLifting eShop\" \/>\n<meta property=\"article:modified_time\" content=\"2025-11-06T13:02:16+00:00\" \/>\n<meta property=\"og:image\" content=\"https:\/\/uplifting.care\/shop\/wp-content\/uploads\/2021\/03\/balance-lotion-minisize-scaled.jpg\" \/>\n\t<meta property=\"og:image:width\" content=\"2560\" \/>\n\t<meta property=\"og:image:height\" content=\"2560\" \/>\n\t<meta property=\"og:image:type\" content=\"image\/jpeg\" \/>\n<meta name=\"twitter:card\" content=\"summary_large_image\" \/>\n<meta name=\"twitter:label1\" content=\"Tempo di lettura stimato\" \/>\n\t<meta name=\"twitter:data1\" content=\"2 minuti\" \/>\n<script type=\"application\/ld+json\" class=\"yoast-schema-graph\">{\"@context\":\"https:\\\/\\\/schema.org\",\"@graph\":[{\"@type\":\"WebPage\",\"@id\":\"https:\\\/\\\/uplifting.care\\\/shop\\\/prodotto\\\/balance-lotion\\\/\",\"url\":\"https:\\\/\\\/uplifting.care\\\/shop\\\/prodotto\\\/balance-lotion\\\/\",\"name\":\"Balance Lotion | 15 ml - UpLifting eShop\",\"isPartOf\":{\"@id\":\"https:\\\/\\\/uplifting.care\\\/shop\\\/#website\"},\"primaryImageOfPage\":{\"@id\":\"https:\\\/\\\/uplifting.care\\\/shop\\\/prodotto\\\/balance-lotion\\\/#primaryimage\"},\"image\":{\"@id\":\"https:\\\/\\\/uplifting.care\\\/shop\\\/prodotto\\\/balance-lotion\\\/#primaryimage\"},\"thumbnailUrl\":\"https:\\\/\\\/uplifting.care\\\/shop\\\/wp-content\\\/uploads\\\/2021\\\/03\\\/balance-lotion-minisize-scaled.jpg\",\"datePublished\":\"2021-03-01T16:22:34+00:00\",\"dateModified\":\"2025-11-06T13:02:16+00:00\",\"breadcrumb\":{\"@id\":\"https:\\\/\\\/uplifting.care\\\/shop\\\/prodotto\\\/balance-lotion\\\/#breadcrumb\"},\"inLanguage\":\"it-IT\",\"potentialAction\":[{\"@type\":\"ReadAction\",\"target\":[\"https:\\\/\\\/uplifting.care\\\/shop\\\/prodotto\\\/balance-lotion\\\/\"]}]},{\"@type\":\"ImageObject\",\"inLanguage\":\"it-IT\",\"@id\":\"https:\\\/\\\/uplifting.care\\\/shop\\\/prodotto\\\/balance-lotion\\\/#primaryimage\",\"url\":\"https:\\\/\\\/uplifting.care\\\/shop\\\/wp-content\\\/uploads\\\/2021\\\/03\\\/balance-lotion-minisize-scaled.jpg\",\"contentUrl\":\"https:\\\/\\\/uplifting.care\\\/shop\\\/wp-content\\\/uploads\\\/2021\\\/03\\\/balance-lotion-minisize-scaled.jpg\",\"width\":2560,\"height\":2560,\"caption\":\"balance-lotion-minisize-uplifting\"},{\"@type\":\"BreadcrumbList\",\"@id\":\"https:\\\/\\\/uplifting.care\\\/shop\\\/prodotto\\\/balance-lotion\\\/#breadcrumb\",\"itemListElement\":[{\"@type\":\"ListItem\",\"position\":1,\"name\":\"Home\",\"item\":\"https:\\\/\\\/uplifting.care\\\/shop\\\/\"},{\"@type\":\"ListItem\",\"position\":2,\"name\":\"Prodotti\",\"item\":\"https:\\\/\\\/uplifting.care\\\/shop\\\/shop\\\/\"},{\"@type\":\"ListItem\",\"position\":3,\"name\":\"Balance Lotion | 15 ml\"}]},{\"@type\":\"WebSite\",\"@id\":\"https:\\\/\\\/uplifting.care\\\/shop\\\/#website\",\"url\":\"https:\\\/\\\/uplifting.care\\\/shop\\\/\",\"name\":\"UpLifting eShop\",\"description\":\"Reborn to beauty\",\"publisher\":{\"@id\":\"https:\\\/\\\/uplifting.care\\\/shop\\\/#organization\"},\"potentialAction\":[{\"@type\":\"SearchAction\",\"target\":{\"@type\":\"EntryPoint\",\"urlTemplate\":\"https:\\\/\\\/uplifting.care\\\/shop\\\/?s={search_term_string}\"},\"query-input\":{\"@type\":\"PropertyValueSpecification\",\"valueRequired\":true,\"valueName\":\"search_term_string\"}}],\"inLanguage\":\"it-IT\"},{\"@type\":\"Organization\",\"@id\":\"https:\\\/\\\/uplifting.care\\\/shop\\\/#organization\",\"name\":\"UpLifting eShop\",\"url\":\"https:\\\/\\\/uplifting.care\\\/shop\\\/\",\"logo\":{\"@type\":\"ImageObject\",\"inLanguage\":\"it-IT\",\"@id\":\"https:\\\/\\\/uplifting.care\\\/shop\\\/#\\\/schema\\\/logo\\\/image\\\/\",\"url\":\"https:\\\/\\\/uplifting.care\\\/shop\\\/wp-content\\\/uploads\\\/2021\\\/03\\\/cropped-logo-oro-.png\",\"contentUrl\":\"https:\\\/\\\/uplifting.care\\\/shop\\\/wp-content\\\/uploads\\\/2021\\\/03\\\/cropped-logo-oro-.png\",\"width\":867,\"height\":276,\"caption\":\"UpLifting eShop\"},\"image\":{\"@id\":\"https:\\\/\\\/uplifting.care\\\/shop\\\/#\\\/schema\\\/logo\\\/image\\\/\"}}]}<\/script>\n<!-- \/ Yoast SEO plugin. -->","yoast_head_json":{"title":"Balance Lotion | 15 ml - UpLifting eShop","robots":{"index":"index","follow":"follow","max-snippet":"max-snippet:-1","max-image-preview":"max-image-preview:large","max-video-preview":"max-video-preview:-1"},"canonical":"https:\/\/uplifting.care\/shop\/prodotto\/balance-lotion\/","og_locale":"it_IT","og_type":"article","og_title":"Balance Lotion | 15 ml - UpLifting eShop","og_description":"Vai alla versione Regular  Brume rigenerante viso e corpo, rimineralizzante, rinfrescante, idratante, antiage.","og_url":"https:\/\/uplifting.care\/shop\/prodotto\/balance-lotion\/","og_site_name":"UpLifting eShop","article_modified_time":"2025-11-06T13:02:16+00:00","og_image":[{"width":2560,"height":2560,"url":"https:\/\/uplifting.care\/shop\/wp-content\/uploads\/2021\/03\/balance-lotion-minisize-scaled.jpg","type":"image\/jpeg"}],"twitter_card":"summary_large_image","twitter_misc":{"Tempo di lettura stimato":"2 minuti"},"schema":{"@context":"https:\/\/schema.org","@graph":[{"@type":"WebPage","@id":"https:\/\/uplifting.care\/shop\/prodotto\/balance-lotion\/","url":"https:\/\/uplifting.care\/shop\/prodotto\/balance-lotion\/","name":"Balance Lotion | 15 ml - UpLifting eShop","isPartOf":{"@id":"https:\/\/uplifting.care\/shop\/#website"},"primaryImageOfPage":{"@id":"https:\/\/uplifting.care\/shop\/prodotto\/balance-lotion\/#primaryimage"},"image":{"@id":"https:\/\/uplifting.care\/shop\/prodotto\/balance-lotion\/#primaryimage"},"thumbnailUrl":"https:\/\/uplifting.care\/shop\/wp-content\/uploads\/2021\/03\/balance-lotion-minisize-scaled.jpg","datePublished":"2021-03-01T16:22:34+00:00","dateModified":"2025-11-06T13:02:16+00:00","breadcrumb":{"@id":"https:\/\/uplifting.care\/shop\/prodotto\/balance-lotion\/#breadcrumb"},"inLanguage":"it-IT","potentialAction":[{"@type":"ReadAction","target":["https:\/\/uplifting.care\/shop\/prodotto\/balance-lotion\/"]}]},{"@type":"ImageObject","inLanguage":"it-IT","@id":"https:\/\/uplifting.care\/shop\/prodotto\/balance-lotion\/#primaryimage","url":"https:\/\/uplifting.care\/shop\/wp-content\/uploads\/2021\/03\/balance-lotion-minisize-scaled.jpg","contentUrl":"https:\/\/uplifting.care\/shop\/wp-content\/uploads\/2021\/03\/balance-lotion-minisize-scaled.jpg","width":2560,"height":2560,"caption":"balance-lotion-minisize-uplifting"},{"@type":"BreadcrumbList","@id":"https:\/\/uplifting.care\/shop\/prodotto\/balance-lotion\/#breadcrumb","itemListElement":[{"@type":"ListItem","position":1,"name":"Home","item":"https:\/\/uplifting.care\/shop\/"},{"@type":"ListItem","position":2,"name":"Prodotti","item":"https:\/\/uplifting.care\/shop\/shop\/"},{"@type":"ListItem","position":3,"name":"Balance Lotion | 15 ml"}]},{"@type":"WebSite","@id":"https:\/\/uplifting.care\/shop\/#website","url":"https:\/\/uplifting.care\/shop\/","name":"UpLifting eShop","description":"Reborn to beauty","publisher":{"@id":"https:\/\/uplifting.care\/shop\/#organization"},"potentialAction":[{"@type":"SearchAction","target":{"@type":"EntryPoint","urlTemplate":"https:\/\/uplifting.care\/shop\/?s={search_term_string}"},"query-input":{"@type":"PropertyValueSpecification","valueRequired":true,"valueName":"search_term_string"}}],"inLanguage":"it-IT"},{"@type":"Organization","@id":"https:\/\/uplifting.care\/shop\/#organization","name":"UpLifting eShop","url":"https:\/\/uplifting.care\/shop\/","logo":{"@type":"ImageObject","inLanguage":"it-IT","@id":"https:\/\/uplifting.care\/shop\/#\/schema\/logo\/image\/","url":"https:\/\/uplifting.care\/shop\/wp-content\/uploads\/2021\/03\/cropped-logo-oro-.png","contentUrl":"https:\/\/uplifting.care\/shop\/wp-content\/uploads\/2021\/03\/cropped-logo-oro-.png","width":867,"height":276,"caption":"UpLifting eShop"},"image":{"@id":"https:\/\/uplifting.care\/shop\/#\/schema\/logo\/image\/"}}]}},"_links":{"self":[{"href":"https:\/\/uplifting.care\/shop\/wp-json\/wp\/v2\/product\/452","targetHints":{"allow":["GET"]}}],"collection":[{"href":"https:\/\/uplifting.care\/shop\/wp-json\/wp\/v2\/product"}],"about":[{"href":"https:\/\/uplifting.care\/shop\/wp-json\/wp\/v2\/types\/product"}],"replies":[{"embeddable":true,"href":"https:\/\/uplifting.care\/shop\/wp-json\/wp\/v2\/comments?post=452"}],"wp:featuredmedia":[{"embeddable":true,"href":"https:\/\/uplifting.care\/shop\/wp-json\/wp\/v2\/media\/1699"}],"wp:attachment":[{"href":"https:\/\/uplifting.care\/shop\/wp-json\/wp\/v2\/media?parent=452"}],"wp:term":[{"taxonomy":"product_brand","embeddable":true,"href":"https:\/\/uplifting.care\/shop\/wp-json\/wp\/v2\/product_brand?post=452"},{"taxonomy":"product_cat","embeddable":true,"href":"https:\/\/uplifting.care\/shop\/wp-json\/wp\/v2\/product_cat?post=452"},{"taxonomy":"product_tag","embeddable":true,"href":"https:\/\/uplifting.care\/shop\/wp-json\/wp\/v2\/product_tag?post=452"}],"curies":[{"name":"wp","href":"https:\/\/api.w.org\/{rel}","templated":true}]}}