{"id":443,"date":"2021-03-01T14:09:48","date_gmt":"2021-03-01T14:09:48","guid":{"rendered":"https:\/\/uplifting.care\/shop\/?post_type=product&#038;p=443"},"modified":"2026-02-24T10:53:32","modified_gmt":"2026-02-24T09:53:32","slug":"cleansing-kit","status":"publish","type":"product","link":"https:\/\/uplifting.care\/shop\/prodotto\/cleansing-kit\/","title":{"rendered":"Face Deep Cleansing Kit"},"content":{"rendered":"<p><span style=\"color: #000000;\">Ti piacerebbe provare una serie di prodotti per capire qual&#8217;\u00e8 quello pi\u00f9 funzionale per la tua pelle?<\/span><br \/>\n<span style=\"color: #000000;\">UpLifting Regeneration ha pensato proprio a te, con <strong>DEEP FACE CLEANSING KIT<\/strong>, il kit completo per un primo passo dedicato alla beauty-routine quotidiana, essenziale per una pelle sempre perfetta.<\/span><br \/>\n<span style=\"color: #000000;\">E magari, scoprire che lo sono tutti&#8230;<\/span><br \/>\n<span style=\"color: #000000;\">Il Kit \u00e8 composto da 4 prodotti specifici, 2 manopole in microfibra e una fascetta per capelli.\u00a0<\/span><\/p>\n<p><span style=\"color: #000000;\">Il tutto contenuto in un\u2019elegante pochette, che troverete in OMAGGIO.<\/span><br \/>\n<span style=\"color: #000000;\"><strong>Tutto il necessario a portata di mano.<\/strong><\/span><\/p>\n<p><span style=\"color: #000000;\"><strong>I PRODOTTI<\/strong><\/span><br \/>\n<span style=\"color: #000000;\"><em><a style=\"color: #000000;\" href=\"https:\/\/uplifting.care\/shop\/prodotto\/bi-blue-struccante-addolcente-bifase-2\/\"><strong><u>BI-BLUE<\/u><\/strong><\/a><\/em>, struccante occhi bifasico, ideale anche per gli occhi pi\u00f9 delicati. Con la sua innovativa formula ricca di estratti vegetali, elimina perfettamente ogni tipo di trucco, anche waterproof. Non lascia residui untuosi e favorisce la respirazione cellulare dell\u2019epidermide.<\/span><\/p>\n<p><span style=\"color: #000000;\"><a style=\"color: #000000;\" href=\"https:\/\/uplifting.care\/shop\/prodotto\/face-clean-detergente-multiuso-viso\/\"><strong><u><em>FACE CLEAN<\/em><\/u><\/strong><\/a> \u00e8 un prodotto altamente performante arricchito di ingredienti naturali, adatto anche alle pelli pi\u00f9 sensibili. A base di purissimi estratti vegetali, Face Clean libera i pori dalle impurit\u00e0, da smog e residui inquinanti, salsedine e cloro, rispettando il ph della pelle e rendendola morbida e piacevolmente profumata.<\/span><\/p>\n<p><span style=\"color: #000000;\"><em><a style=\"color: #000000;\" href=\"https:\/\/uplifting.care\/shop\/prodotto\/light-peel-acido-mandelico\/\"><strong><u>LIGHT PEEL<\/u><\/strong><\/a><\/em> \u00e8 un preparato professionale che possiede propriet\u00e0 esfolianti, schiarenti, antibatteriche, lenitive e antiossidanti. Ottimo per chi ha la pelle grassa o per chi soffre di acne, poich\u00e8 purifica la cute, riduce le infiammazioni e leviga le imperfezioni uniformando il colorito.<\/span><\/p>\n<p><span style=\"color: #000000;\"><a style=\"color: #000000;\" href=\"https:\/\/uplifting.care\/shop\/prodotto\/balance-lotion\/\"><strong><em><u>BALANCE LOTION<\/u><\/em><\/strong><\/a> \u00e8 una brume rigenerante viso, perfetta come tonico nella beauty routine quotidiana, ma anche da portare sempre con s\u00e9 per idratare il viso in ambienti troppo riscaldati o durante i viaggi aerei, prolungare l\u2019abbronzatura o fissare il trucco. Rimineralizza i tessuti, idrata e rinfresca la pelle e ha, cosa non da poco, un effetto antiage.<\/span><\/p>\n","protected":false},"excerpt":{"rendered":"<p><span style=\"color: #000000;\">Un Kit di prodotti in Mini-Size per la pulizia del viso per capire quale sia quello perfetto per la tua pelle. <\/span><\/p>\n<p><span style=\"color: #000000;\">Un\u2019occasione imperdibile.<\/span><\/p>\n","protected":false},"featured_media":715,"comment_status":"open","ping_status":"closed","template":"","meta":{"_monsterinsights_skip_tracking":false,"_monsterinsights_sitenote_active":false,"_monsterinsights_sitenote_note":"","_monsterinsights_sitenote_category":0},"product_brand":[],"product_cat":[64,48],"product_tag":[28,56,61,59,30,55,58,57],"class_list":{"0":"post-443","1":"product","2":"type-product","3":"status-publish","4":"has-post-thumbnail","6":"product_cat-minisize","7":"product_cat-viso","8":"product_tag-antiage","9":"product_tag-detergenti","10":"product_tag-mandelico","11":"product_tag-mini-size","12":"product_tag-occhi","13":"product_tag-pulizia-viso","14":"product_tag-sieri","15":"product_tag-struccanti","17":"first","18":"instock","19":"taxable","20":"shipping-taxable","21":"purchasable","22":"product-type-simple"},"yoast_head":"<!-- This site is optimized with the Yoast SEO plugin v27.4 - https:\/\/yoast.com\/product\/yoast-seo-wordpress\/ -->\n<title>Face Deep Cleansing Kit - UpLifting eShop<\/title>\n<meta name=\"description\" content=\"Un Kit di prodotti in Mini-Size per la pulizia del viso per capire quale sia quello perfetto per la tua pelle. Un\u2019occasione imperdibile.\" \/>\n<meta name=\"robots\" content=\"index, follow, max-snippet:-1, max-image-preview:large, max-video-preview:-1\" \/>\n<link rel=\"canonical\" href=\"https:\/\/uplifting.care\/shop\/prodotto\/cleansing-kit\/\" \/>\n<meta property=\"og:locale\" content=\"it_IT\" \/>\n<meta property=\"og:type\" content=\"article\" \/>\n<meta property=\"og:title\" content=\"Face Deep Cleansing Kit - UpLifting eShop\" \/>\n<meta property=\"og:description\" content=\"Un Kit di prodotti in Mini-Size per la pulizia del viso per capire quale sia quello perfetto per la tua pelle. Un\u2019occasione imperdibile.\" \/>\n<meta property=\"og:url\" content=\"https:\/\/uplifting.care\/shop\/prodotto\/cleansing-kit\/\" \/>\n<meta property=\"og:site_name\" content=\"UpLifting eShop\" \/>\n<meta property=\"article:modified_time\" content=\"2026-02-24T09:53:32+00:00\" \/>\n<meta property=\"og:image\" content=\"https:\/\/uplifting.care\/shop\/wp-content\/uploads\/2021\/03\/kit_-scaled.jpg\" \/>\n\t<meta property=\"og:image:width\" content=\"2560\" \/>\n\t<meta property=\"og:image:height\" content=\"2220\" \/>\n\t<meta property=\"og:image:type\" content=\"image\/jpeg\" \/>\n<meta name=\"twitter:card\" content=\"summary_large_image\" \/>\n<meta name=\"twitter:label1\" content=\"Tempo di lettura stimato\" \/>\n\t<meta name=\"twitter:data1\" content=\"2 minuti\" \/>\n<script type=\"application\/ld+json\" class=\"yoast-schema-graph\">{\"@context\":\"https:\\\/\\\/schema.org\",\"@graph\":[{\"@type\":\"WebPage\",\"@id\":\"https:\\\/\\\/uplifting.care\\\/shop\\\/prodotto\\\/cleansing-kit\\\/\",\"url\":\"https:\\\/\\\/uplifting.care\\\/shop\\\/prodotto\\\/cleansing-kit\\\/\",\"name\":\"Face Deep Cleansing Kit - UpLifting eShop\",\"isPartOf\":{\"@id\":\"https:\\\/\\\/uplifting.care\\\/shop\\\/#website\"},\"primaryImageOfPage\":{\"@id\":\"https:\\\/\\\/uplifting.care\\\/shop\\\/prodotto\\\/cleansing-kit\\\/#primaryimage\"},\"image\":{\"@id\":\"https:\\\/\\\/uplifting.care\\\/shop\\\/prodotto\\\/cleansing-kit\\\/#primaryimage\"},\"thumbnailUrl\":\"https:\\\/\\\/uplifting.care\\\/shop\\\/wp-content\\\/uploads\\\/2021\\\/03\\\/kit_-scaled.jpg\",\"datePublished\":\"2021-03-01T14:09:48+00:00\",\"dateModified\":\"2026-02-24T09:53:32+00:00\",\"description\":\"Un Kit di prodotti in Mini-Size per la pulizia del viso per capire quale sia quello perfetto per la tua pelle. Un\u2019occasione imperdibile.\",\"breadcrumb\":{\"@id\":\"https:\\\/\\\/uplifting.care\\\/shop\\\/prodotto\\\/cleansing-kit\\\/#breadcrumb\"},\"inLanguage\":\"it-IT\",\"potentialAction\":[{\"@type\":\"ReadAction\",\"target\":[\"https:\\\/\\\/uplifting.care\\\/shop\\\/prodotto\\\/cleansing-kit\\\/\"]}]},{\"@type\":\"ImageObject\",\"inLanguage\":\"it-IT\",\"@id\":\"https:\\\/\\\/uplifting.care\\\/shop\\\/prodotto\\\/cleansing-kit\\\/#primaryimage\",\"url\":\"https:\\\/\\\/uplifting.care\\\/shop\\\/wp-content\\\/uploads\\\/2021\\\/03\\\/kit_-scaled.jpg\",\"contentUrl\":\"https:\\\/\\\/uplifting.care\\\/shop\\\/wp-content\\\/uploads\\\/2021\\\/03\\\/kit_-scaled.jpg\",\"width\":2560,\"height\":2220,\"caption\":\"kit-deep-cleansing-mini-size\"},{\"@type\":\"BreadcrumbList\",\"@id\":\"https:\\\/\\\/uplifting.care\\\/shop\\\/prodotto\\\/cleansing-kit\\\/#breadcrumb\",\"itemListElement\":[{\"@type\":\"ListItem\",\"position\":1,\"name\":\"Home\",\"item\":\"https:\\\/\\\/uplifting.care\\\/shop\\\/\"},{\"@type\":\"ListItem\",\"position\":2,\"name\":\"Prodotti\",\"item\":\"https:\\\/\\\/uplifting.care\\\/shop\\\/shop\\\/\"},{\"@type\":\"ListItem\",\"position\":3,\"name\":\"Face Deep Cleansing Kit\"}]},{\"@type\":\"WebSite\",\"@id\":\"https:\\\/\\\/uplifting.care\\\/shop\\\/#website\",\"url\":\"https:\\\/\\\/uplifting.care\\\/shop\\\/\",\"name\":\"UpLifting eShop\",\"description\":\"Reborn to beauty\",\"publisher\":{\"@id\":\"https:\\\/\\\/uplifting.care\\\/shop\\\/#organization\"},\"potentialAction\":[{\"@type\":\"SearchAction\",\"target\":{\"@type\":\"EntryPoint\",\"urlTemplate\":\"https:\\\/\\\/uplifting.care\\\/shop\\\/?s={search_term_string}\"},\"query-input\":{\"@type\":\"PropertyValueSpecification\",\"valueRequired\":true,\"valueName\":\"search_term_string\"}}],\"inLanguage\":\"it-IT\"},{\"@type\":\"Organization\",\"@id\":\"https:\\\/\\\/uplifting.care\\\/shop\\\/#organization\",\"name\":\"UpLifting eShop\",\"url\":\"https:\\\/\\\/uplifting.care\\\/shop\\\/\",\"logo\":{\"@type\":\"ImageObject\",\"inLanguage\":\"it-IT\",\"@id\":\"https:\\\/\\\/uplifting.care\\\/shop\\\/#\\\/schema\\\/logo\\\/image\\\/\",\"url\":\"https:\\\/\\\/uplifting.care\\\/shop\\\/wp-content\\\/uploads\\\/2021\\\/03\\\/cropped-logo-oro-.png\",\"contentUrl\":\"https:\\\/\\\/uplifting.care\\\/shop\\\/wp-content\\\/uploads\\\/2021\\\/03\\\/cropped-logo-oro-.png\",\"width\":867,\"height\":276,\"caption\":\"UpLifting eShop\"},\"image\":{\"@id\":\"https:\\\/\\\/uplifting.care\\\/shop\\\/#\\\/schema\\\/logo\\\/image\\\/\"}}]}<\/script>\n<!-- \/ Yoast SEO plugin. -->","yoast_head_json":{"title":"Face Deep Cleansing Kit - UpLifting eShop","description":"Un Kit di prodotti in Mini-Size per la pulizia del viso per capire quale sia quello perfetto per la tua pelle. Un\u2019occasione imperdibile.","robots":{"index":"index","follow":"follow","max-snippet":"max-snippet:-1","max-image-preview":"max-image-preview:large","max-video-preview":"max-video-preview:-1"},"canonical":"https:\/\/uplifting.care\/shop\/prodotto\/cleansing-kit\/","og_locale":"it_IT","og_type":"article","og_title":"Face Deep Cleansing Kit - UpLifting eShop","og_description":"Un Kit di prodotti in Mini-Size per la pulizia del viso per capire quale sia quello perfetto per la tua pelle. Un\u2019occasione imperdibile.","og_url":"https:\/\/uplifting.care\/shop\/prodotto\/cleansing-kit\/","og_site_name":"UpLifting eShop","article_modified_time":"2026-02-24T09:53:32+00:00","og_image":[{"width":2560,"height":2220,"url":"https:\/\/uplifting.care\/shop\/wp-content\/uploads\/2021\/03\/kit_-scaled.jpg","type":"image\/jpeg"}],"twitter_card":"summary_large_image","twitter_misc":{"Tempo di lettura stimato":"2 minuti"},"schema":{"@context":"https:\/\/schema.org","@graph":[{"@type":"WebPage","@id":"https:\/\/uplifting.care\/shop\/prodotto\/cleansing-kit\/","url":"https:\/\/uplifting.care\/shop\/prodotto\/cleansing-kit\/","name":"Face Deep Cleansing Kit - UpLifting eShop","isPartOf":{"@id":"https:\/\/uplifting.care\/shop\/#website"},"primaryImageOfPage":{"@id":"https:\/\/uplifting.care\/shop\/prodotto\/cleansing-kit\/#primaryimage"},"image":{"@id":"https:\/\/uplifting.care\/shop\/prodotto\/cleansing-kit\/#primaryimage"},"thumbnailUrl":"https:\/\/uplifting.care\/shop\/wp-content\/uploads\/2021\/03\/kit_-scaled.jpg","datePublished":"2021-03-01T14:09:48+00:00","dateModified":"2026-02-24T09:53:32+00:00","description":"Un Kit di prodotti in Mini-Size per la pulizia del viso per capire quale sia quello perfetto per la tua pelle. Un\u2019occasione imperdibile.","breadcrumb":{"@id":"https:\/\/uplifting.care\/shop\/prodotto\/cleansing-kit\/#breadcrumb"},"inLanguage":"it-IT","potentialAction":[{"@type":"ReadAction","target":["https:\/\/uplifting.care\/shop\/prodotto\/cleansing-kit\/"]}]},{"@type":"ImageObject","inLanguage":"it-IT","@id":"https:\/\/uplifting.care\/shop\/prodotto\/cleansing-kit\/#primaryimage","url":"https:\/\/uplifting.care\/shop\/wp-content\/uploads\/2021\/03\/kit_-scaled.jpg","contentUrl":"https:\/\/uplifting.care\/shop\/wp-content\/uploads\/2021\/03\/kit_-scaled.jpg","width":2560,"height":2220,"caption":"kit-deep-cleansing-mini-size"},{"@type":"BreadcrumbList","@id":"https:\/\/uplifting.care\/shop\/prodotto\/cleansing-kit\/#breadcrumb","itemListElement":[{"@type":"ListItem","position":1,"name":"Home","item":"https:\/\/uplifting.care\/shop\/"},{"@type":"ListItem","position":2,"name":"Prodotti","item":"https:\/\/uplifting.care\/shop\/shop\/"},{"@type":"ListItem","position":3,"name":"Face Deep Cleansing Kit"}]},{"@type":"WebSite","@id":"https:\/\/uplifting.care\/shop\/#website","url":"https:\/\/uplifting.care\/shop\/","name":"UpLifting eShop","description":"Reborn to beauty","publisher":{"@id":"https:\/\/uplifting.care\/shop\/#organization"},"potentialAction":[{"@type":"SearchAction","target":{"@type":"EntryPoint","urlTemplate":"https:\/\/uplifting.care\/shop\/?s={search_term_string}"},"query-input":{"@type":"PropertyValueSpecification","valueRequired":true,"valueName":"search_term_string"}}],"inLanguage":"it-IT"},{"@type":"Organization","@id":"https:\/\/uplifting.care\/shop\/#organization","name":"UpLifting eShop","url":"https:\/\/uplifting.care\/shop\/","logo":{"@type":"ImageObject","inLanguage":"it-IT","@id":"https:\/\/uplifting.care\/shop\/#\/schema\/logo\/image\/","url":"https:\/\/uplifting.care\/shop\/wp-content\/uploads\/2021\/03\/cropped-logo-oro-.png","contentUrl":"https:\/\/uplifting.care\/shop\/wp-content\/uploads\/2021\/03\/cropped-logo-oro-.png","width":867,"height":276,"caption":"UpLifting eShop"},"image":{"@id":"https:\/\/uplifting.care\/shop\/#\/schema\/logo\/image\/"}}]}},"_links":{"self":[{"href":"https:\/\/uplifting.care\/shop\/wp-json\/wp\/v2\/product\/443","targetHints":{"allow":["GET"]}}],"collection":[{"href":"https:\/\/uplifting.care\/shop\/wp-json\/wp\/v2\/product"}],"about":[{"href":"https:\/\/uplifting.care\/shop\/wp-json\/wp\/v2\/types\/product"}],"replies":[{"embeddable":true,"href":"https:\/\/uplifting.care\/shop\/wp-json\/wp\/v2\/comments?post=443"}],"wp:featuredmedia":[{"embeddable":true,"href":"https:\/\/uplifting.care\/shop\/wp-json\/wp\/v2\/media\/715"}],"wp:attachment":[{"href":"https:\/\/uplifting.care\/shop\/wp-json\/wp\/v2\/media?parent=443"}],"wp:term":[{"taxonomy":"product_brand","embeddable":true,"href":"https:\/\/uplifting.care\/shop\/wp-json\/wp\/v2\/product_brand?post=443"},{"taxonomy":"product_cat","embeddable":true,"href":"https:\/\/uplifting.care\/shop\/wp-json\/wp\/v2\/product_cat?post=443"},{"taxonomy":"product_tag","embeddable":true,"href":"https:\/\/uplifting.care\/shop\/wp-json\/wp\/v2\/product_tag?post=443"}],"curies":[{"name":"wp","href":"https:\/\/api.w.org\/{rel}","templated":true}]}}