{"id":3286,"date":"2023-12-01T09:53:07","date_gmt":"2023-12-01T09:53:07","guid":{"rendered":"https:\/\/uplifting.care\/shop\/?post_type=product&#038;p=3286"},"modified":"2025-02-13T09:03:21","modified_gmt":"2025-02-13T08:03:21","slug":"box-perfection-uplifting","status":"publish","type":"product","link":"https:\/\/uplifting.care\/shop\/prodotto\/box-perfection-uplifting\/","title":{"rendered":"Box Perfection UpLifting"},"content":{"rendered":"<p><span style=\"color: #000000;\">PERFECTION UpLifting<\/span><\/p>\n<p><span style=\"color: #000000;\">Eye &amp; Lip intensive program<\/span><\/p>\n<p><span style=\"color: #000000;\">Un\u2019autentica remise en forme di occhi e labbra in un programma intensivo per preservare la bellezza delle zone pi\u00f9 fragili e delicate del viso.<\/span><\/p>\n<p><span style=\"color: #000000;\"><strong>EDIZIONE LIMITATA<\/strong><\/span><\/p>\n<p><span style=\"color: #000000;\">PERFECTION \u00e8 la risposta UpLifting dedicata allo sguardo e al sorriso, per prevenire e combattere il naturale invecchiamento e il rilassamento cutaneo delle zone pi\u00f9 delicate del viso, stimolando i tessuti e risvegliando i processi naturali di riparazione e rigenerazione.<\/span><\/p>\n<p><span style=\"color: #000000;\">Aree del viso estremamente delicate e vulnerabili, occhi e labbra sono sottoposti continuamente agli insulti ambientali (vento, umidit\u00e0, sbalzi caldo\/freddo ecc.) e ai naturali movimenti della mimica facciale, tendendo ad invecchiare pi\u00f9 rapidamente rispetto alle altre aree cutanee.\u00a0Per questo \u00e8 bene riservare a queste attenzioni e cure mirate.<\/span><\/p>\n<p><span style=\"color: #000000;\">I PRODOTTI ALL\u2019INTERNO<\/span><\/p>\n<p><span style=\"color: #000000;\">DAYDREAM<\/span><br \/>\n<span style=\"color: #000000;\">Crema contorno occhi riparatrice ed energizzante<\/span><br \/>\n<span style=\"color: #000000;\">Tocco setoso ed energizzante in una formula restitutiva antiage e antistress che corregge, nutre,<\/span><br \/>\n<span style=\"color: #000000;\">distende e rimpolpa la delicata zona perioculare affinandone i contorni e restituendo luminosit\u00e0 e<\/span><br \/>\n<span style=\"color: #000000;\">freschezza allo sguardo.<\/span><\/p>\n<p><span style=\"color: #000000;\">Guarda la scheda prodotto qui: <em><strong><a style=\"color: #000000;\" href=\"https:\/\/uplifting.care\/shop\/prodotto\/crema-contorno-occhi-daydream-uplifting\/\">DAYDREAM<\/a><\/strong><\/em><\/span><\/p>\n<p><span style=\"color: #000000;\">TEMPTATION<\/span><br \/>\n<span style=\"color: #000000;\">Set da 2 pezzi<\/span><br \/>\n<span style=\"color: #000000;\">Sweet peel + Repair balm<\/span><br \/>\n<span style=\"color: #000000;\">Peeling dolce per le labbra + Balsamo labbra riparatore e rimpolpante<\/span><br \/>\n<span style=\"color: #000000;\">Un trattamento full action per sublimare il sorriso. Rinnova, leviga e nutre profondamente labbra e contorno perilabiale, donando nuovo turgore e luminosit\u00e0.<\/span><\/p>\n<p><span style=\"color: #000000;\">Guarda la scheda prodotto qui: <em><strong><a style=\"color: #000000;\" href=\"https:\/\/uplifting.care\/shop\/prhttps:\/\/uplifting.care\/shop\/prodotto\/temptation-uplifting\/\">TEMPTATION<\/a><\/strong><\/em><\/span><\/p>\n<p><em><strong><span style=\"color: #000000;\"><a style=\"color: #000000;\" href=\"https:\/\/uplifting.care\/shop\/prodotto\/skinup-eye-lip-massager-uplifting\/\">skinUP\u2122 Eye &amp; Lip massager<\/a><\/span><\/strong><\/em><br \/>\n<span style=\"color: #000000;\">Massaggiatore Termico a Microvibrazione sonica, rilassa la micromuscolatura perioculare e perilabiale, migliora l\u2019assorbimento degli attivi potenziando l\u2019applicazione dei trattamenti cosmetici. Il contorno occhi e labbra appare pi\u00f9 tonico e disteso, le rughe sono visibilmente pi\u00f9 levigate, la pelle \u00e8 rassodata, borse e occhiaie attenuate.<\/span><\/p>\n","protected":false},"excerpt":{"rendered":"<p><span style=\"color: #000000;\">PERFECTION UpLifting<\/span><\/p>\n<p><span style=\"color: #000000;\">Un\u2019autentica remise en forme di occhi e labbra in un programma intensivo per preservare la bellezza delle zone pi\u00f9 fragili e delicate del viso.<\/span><\/p>\n<p><span style=\"color: #000000;\">Una Box di 4 prodotti al suo interno: <em><strong><a style=\"color: #000000;\" href=\"https:\/\/uplifting.care\/shop\/prodotto\/temptation-uplifting\/\">Temptation (Sweet Peel + Repair Balm)<\/a>, <a style=\"color: #000000;\" href=\"https:\/\/uplifting.care\/shop\/prodotto\/crema-contorno-occhi-daydream-uplifting\/\">Daydream<\/a>, <a style=\"color: #000000;\" href=\"https:\/\/uplifting.care\/shop\/prodotto\/skinup-eye-lip-massager-uplifting\/\">skinUP\u2122 Eye &amp; Lip massager<\/a><\/strong><\/em><\/span><\/p>\n","protected":false},"featured_media":3269,"comment_status":"open","ping_status":"closed","template":"","meta":{"_monsterinsights_skip_tracking":false,"_monsterinsights_sitenote_active":false,"_monsterinsights_sitenote_note":"","_monsterinsights_sitenote_category":0},"product_brand":[],"product_cat":[49],"product_tag":[104],"class_list":{"0":"post-3286","1":"product","2":"type-product","3":"status-publish","4":"has-post-thumbnail","6":"product_cat-corpo","7":"product_tag-emotional","9":"first","10":"instock","11":"taxable","12":"shipping-taxable","13":"purchasable","14":"product-type-simple"},"yoast_head":"<!-- This site is optimized with the Yoast SEO plugin v27.4 - https:\/\/yoast.com\/product\/yoast-seo-wordpress\/ -->\n<title>Box Perfection UpLifting - UpLifting eShop<\/title>\n<meta name=\"robots\" content=\"index, follow, max-snippet:-1, max-image-preview:large, max-video-preview:-1\" \/>\n<link rel=\"canonical\" href=\"https:\/\/uplifting.care\/shop\/prodotto\/box-perfection-uplifting\/\" \/>\n<meta property=\"og:locale\" content=\"it_IT\" \/>\n<meta property=\"og:type\" content=\"article\" \/>\n<meta property=\"og:title\" content=\"Box Perfection UpLifting - UpLifting eShop\" \/>\n<meta property=\"og:description\" content=\"PERFECTION UpLifting  Un\u2019autentica remise en forme di occhi e labbra in un programma intensivo per preservare la bellezza delle zone pi\u00f9 fragili e delicate del viso.  Una Box di 4 prodotti al suo interno: Temptation (Sweet Peel + Repair Balm), Daydream, skinUP\u2122 Eye &amp; Lip massager\" \/>\n<meta property=\"og:url\" content=\"https:\/\/uplifting.care\/shop\/prodotto\/box-perfection-uplifting\/\" \/>\n<meta property=\"og:site_name\" content=\"UpLifting eShop\" \/>\n<meta property=\"article:modified_time\" content=\"2025-02-13T08:03:21+00:00\" \/>\n<meta property=\"og:image\" content=\"https:\/\/uplifting.care\/shop\/wp-content\/uploads\/2023\/12\/kit-perfection.jpg\" \/>\n\t<meta property=\"og:image:width\" content=\"1920\" \/>\n\t<meta property=\"og:image:height\" content=\"1903\" \/>\n\t<meta property=\"og:image:type\" content=\"image\/jpeg\" \/>\n<meta name=\"twitter:card\" content=\"summary_large_image\" \/>\n<meta name=\"twitter:label1\" content=\"Tempo di lettura stimato\" \/>\n\t<meta name=\"twitter:data1\" content=\"2 minuti\" \/>\n<script type=\"application\/ld+json\" class=\"yoast-schema-graph\">{\"@context\":\"https:\\\/\\\/schema.org\",\"@graph\":[{\"@type\":\"WebPage\",\"@id\":\"https:\\\/\\\/uplifting.care\\\/shop\\\/prodotto\\\/box-perfection-uplifting\\\/\",\"url\":\"https:\\\/\\\/uplifting.care\\\/shop\\\/prodotto\\\/box-perfection-uplifting\\\/\",\"name\":\"Box Perfection UpLifting - UpLifting eShop\",\"isPartOf\":{\"@id\":\"https:\\\/\\\/uplifting.care\\\/shop\\\/#website\"},\"primaryImageOfPage\":{\"@id\":\"https:\\\/\\\/uplifting.care\\\/shop\\\/prodotto\\\/box-perfection-uplifting\\\/#primaryimage\"},\"image\":{\"@id\":\"https:\\\/\\\/uplifting.care\\\/shop\\\/prodotto\\\/box-perfection-uplifting\\\/#primaryimage\"},\"thumbnailUrl\":\"https:\\\/\\\/uplifting.care\\\/shop\\\/wp-content\\\/uploads\\\/2023\\\/12\\\/kit-perfection.jpg\",\"datePublished\":\"2023-12-01T09:53:07+00:00\",\"dateModified\":\"2025-02-13T08:03:21+00:00\",\"breadcrumb\":{\"@id\":\"https:\\\/\\\/uplifting.care\\\/shop\\\/prodotto\\\/box-perfection-uplifting\\\/#breadcrumb\"},\"inLanguage\":\"it-IT\",\"potentialAction\":[{\"@type\":\"ReadAction\",\"target\":[\"https:\\\/\\\/uplifting.care\\\/shop\\\/prodotto\\\/box-perfection-uplifting\\\/\"]}]},{\"@type\":\"ImageObject\",\"inLanguage\":\"it-IT\",\"@id\":\"https:\\\/\\\/uplifting.care\\\/shop\\\/prodotto\\\/box-perfection-uplifting\\\/#primaryimage\",\"url\":\"https:\\\/\\\/uplifting.care\\\/shop\\\/wp-content\\\/uploads\\\/2023\\\/12\\\/kit-perfection.jpg\",\"contentUrl\":\"https:\\\/\\\/uplifting.care\\\/shop\\\/wp-content\\\/uploads\\\/2023\\\/12\\\/kit-perfection.jpg\",\"width\":1920,\"height\":1903},{\"@type\":\"BreadcrumbList\",\"@id\":\"https:\\\/\\\/uplifting.care\\\/shop\\\/prodotto\\\/box-perfection-uplifting\\\/#breadcrumb\",\"itemListElement\":[{\"@type\":\"ListItem\",\"position\":1,\"name\":\"Home\",\"item\":\"https:\\\/\\\/uplifting.care\\\/shop\\\/\"},{\"@type\":\"ListItem\",\"position\":2,\"name\":\"Prodotti\",\"item\":\"https:\\\/\\\/uplifting.care\\\/shop\\\/shop\\\/\"},{\"@type\":\"ListItem\",\"position\":3,\"name\":\"Box Perfection UpLifting\"}]},{\"@type\":\"WebSite\",\"@id\":\"https:\\\/\\\/uplifting.care\\\/shop\\\/#website\",\"url\":\"https:\\\/\\\/uplifting.care\\\/shop\\\/\",\"name\":\"UpLifting eShop\",\"description\":\"Reborn to beauty\",\"publisher\":{\"@id\":\"https:\\\/\\\/uplifting.care\\\/shop\\\/#organization\"},\"potentialAction\":[{\"@type\":\"SearchAction\",\"target\":{\"@type\":\"EntryPoint\",\"urlTemplate\":\"https:\\\/\\\/uplifting.care\\\/shop\\\/?s={search_term_string}\"},\"query-input\":{\"@type\":\"PropertyValueSpecification\",\"valueRequired\":true,\"valueName\":\"search_term_string\"}}],\"inLanguage\":\"it-IT\"},{\"@type\":\"Organization\",\"@id\":\"https:\\\/\\\/uplifting.care\\\/shop\\\/#organization\",\"name\":\"UpLifting eShop\",\"url\":\"https:\\\/\\\/uplifting.care\\\/shop\\\/\",\"logo\":{\"@type\":\"ImageObject\",\"inLanguage\":\"it-IT\",\"@id\":\"https:\\\/\\\/uplifting.care\\\/shop\\\/#\\\/schema\\\/logo\\\/image\\\/\",\"url\":\"https:\\\/\\\/uplifting.care\\\/shop\\\/wp-content\\\/uploads\\\/2021\\\/03\\\/cropped-logo-oro-.png\",\"contentUrl\":\"https:\\\/\\\/uplifting.care\\\/shop\\\/wp-content\\\/uploads\\\/2021\\\/03\\\/cropped-logo-oro-.png\",\"width\":867,\"height\":276,\"caption\":\"UpLifting eShop\"},\"image\":{\"@id\":\"https:\\\/\\\/uplifting.care\\\/shop\\\/#\\\/schema\\\/logo\\\/image\\\/\"}}]}<\/script>\n<!-- \/ Yoast SEO plugin. -->","yoast_head_json":{"title":"Box Perfection UpLifting - UpLifting eShop","robots":{"index":"index","follow":"follow","max-snippet":"max-snippet:-1","max-image-preview":"max-image-preview:large","max-video-preview":"max-video-preview:-1"},"canonical":"https:\/\/uplifting.care\/shop\/prodotto\/box-perfection-uplifting\/","og_locale":"it_IT","og_type":"article","og_title":"Box Perfection UpLifting - UpLifting eShop","og_description":"PERFECTION UpLifting  Un\u2019autentica remise en forme di occhi e labbra in un programma intensivo per preservare la bellezza delle zone pi\u00f9 fragili e delicate del viso.  Una Box di 4 prodotti al suo interno: Temptation (Sweet Peel + Repair Balm), Daydream, skinUP\u2122 Eye &amp; Lip massager","og_url":"https:\/\/uplifting.care\/shop\/prodotto\/box-perfection-uplifting\/","og_site_name":"UpLifting eShop","article_modified_time":"2025-02-13T08:03:21+00:00","og_image":[{"width":1920,"height":1903,"url":"https:\/\/uplifting.care\/shop\/wp-content\/uploads\/2023\/12\/kit-perfection.jpg","type":"image\/jpeg"}],"twitter_card":"summary_large_image","twitter_misc":{"Tempo di lettura stimato":"2 minuti"},"schema":{"@context":"https:\/\/schema.org","@graph":[{"@type":"WebPage","@id":"https:\/\/uplifting.care\/shop\/prodotto\/box-perfection-uplifting\/","url":"https:\/\/uplifting.care\/shop\/prodotto\/box-perfection-uplifting\/","name":"Box Perfection UpLifting - UpLifting eShop","isPartOf":{"@id":"https:\/\/uplifting.care\/shop\/#website"},"primaryImageOfPage":{"@id":"https:\/\/uplifting.care\/shop\/prodotto\/box-perfection-uplifting\/#primaryimage"},"image":{"@id":"https:\/\/uplifting.care\/shop\/prodotto\/box-perfection-uplifting\/#primaryimage"},"thumbnailUrl":"https:\/\/uplifting.care\/shop\/wp-content\/uploads\/2023\/12\/kit-perfection.jpg","datePublished":"2023-12-01T09:53:07+00:00","dateModified":"2025-02-13T08:03:21+00:00","breadcrumb":{"@id":"https:\/\/uplifting.care\/shop\/prodotto\/box-perfection-uplifting\/#breadcrumb"},"inLanguage":"it-IT","potentialAction":[{"@type":"ReadAction","target":["https:\/\/uplifting.care\/shop\/prodotto\/box-perfection-uplifting\/"]}]},{"@type":"ImageObject","inLanguage":"it-IT","@id":"https:\/\/uplifting.care\/shop\/prodotto\/box-perfection-uplifting\/#primaryimage","url":"https:\/\/uplifting.care\/shop\/wp-content\/uploads\/2023\/12\/kit-perfection.jpg","contentUrl":"https:\/\/uplifting.care\/shop\/wp-content\/uploads\/2023\/12\/kit-perfection.jpg","width":1920,"height":1903},{"@type":"BreadcrumbList","@id":"https:\/\/uplifting.care\/shop\/prodotto\/box-perfection-uplifting\/#breadcrumb","itemListElement":[{"@type":"ListItem","position":1,"name":"Home","item":"https:\/\/uplifting.care\/shop\/"},{"@type":"ListItem","position":2,"name":"Prodotti","item":"https:\/\/uplifting.care\/shop\/shop\/"},{"@type":"ListItem","position":3,"name":"Box Perfection UpLifting"}]},{"@type":"WebSite","@id":"https:\/\/uplifting.care\/shop\/#website","url":"https:\/\/uplifting.care\/shop\/","name":"UpLifting eShop","description":"Reborn to beauty","publisher":{"@id":"https:\/\/uplifting.care\/shop\/#organization"},"potentialAction":[{"@type":"SearchAction","target":{"@type":"EntryPoint","urlTemplate":"https:\/\/uplifting.care\/shop\/?s={search_term_string}"},"query-input":{"@type":"PropertyValueSpecification","valueRequired":true,"valueName":"search_term_string"}}],"inLanguage":"it-IT"},{"@type":"Organization","@id":"https:\/\/uplifting.care\/shop\/#organization","name":"UpLifting eShop","url":"https:\/\/uplifting.care\/shop\/","logo":{"@type":"ImageObject","inLanguage":"it-IT","@id":"https:\/\/uplifting.care\/shop\/#\/schema\/logo\/image\/","url":"https:\/\/uplifting.care\/shop\/wp-content\/uploads\/2021\/03\/cropped-logo-oro-.png","contentUrl":"https:\/\/uplifting.care\/shop\/wp-content\/uploads\/2021\/03\/cropped-logo-oro-.png","width":867,"height":276,"caption":"UpLifting eShop"},"image":{"@id":"https:\/\/uplifting.care\/shop\/#\/schema\/logo\/image\/"}}]}},"_links":{"self":[{"href":"https:\/\/uplifting.care\/shop\/wp-json\/wp\/v2\/product\/3286","targetHints":{"allow":["GET"]}}],"collection":[{"href":"https:\/\/uplifting.care\/shop\/wp-json\/wp\/v2\/product"}],"about":[{"href":"https:\/\/uplifting.care\/shop\/wp-json\/wp\/v2\/types\/product"}],"replies":[{"embeddable":true,"href":"https:\/\/uplifting.care\/shop\/wp-json\/wp\/v2\/comments?post=3286"}],"wp:featuredmedia":[{"embeddable":true,"href":"https:\/\/uplifting.care\/shop\/wp-json\/wp\/v2\/media\/3269"}],"wp:attachment":[{"href":"https:\/\/uplifting.care\/shop\/wp-json\/wp\/v2\/media?parent=3286"}],"wp:term":[{"taxonomy":"product_brand","embeddable":true,"href":"https:\/\/uplifting.care\/shop\/wp-json\/wp\/v2\/product_brand?post=3286"},{"taxonomy":"product_cat","embeddable":true,"href":"https:\/\/uplifting.care\/shop\/wp-json\/wp\/v2\/product_cat?post=3286"},{"taxonomy":"product_tag","embeddable":true,"href":"https:\/\/uplifting.care\/shop\/wp-json\/wp\/v2\/product_tag?post=3286"}],"curies":[{"name":"wp","href":"https:\/\/api.w.org\/{rel}","templated":true}]}}