{"id":227,"date":"2020-04-27T16:40:14","date_gmt":"2020-04-27T16:40:14","guid":{"rendered":"https:\/\/uplifting.care\/shop\/?post_type=product&#038;p=227"},"modified":"2026-03-04T10:48:01","modified_gmt":"2026-03-04T09:48:01","slug":"box-body-active","status":"publish","type":"product","link":"https:\/\/uplifting.care\/shop\/prodotto\/box-body-active\/","title":{"rendered":"Box Body Active"},"content":{"rendered":"<p><span style=\"color: #000000;\">Box Body Active <\/span><\/p>\n<p><span style=\"color: #000000;\">Corpo asciutto e gambe snelle con un protocollo Home Care dedicato alla riattivazione del sistema venoso linfatico e all\u2019ossigenazione dei tessuti; per ottenere in breve tempo una silhouette elastica, asciutta e scattante.<\/span><\/p>\n<p><span style=\"color: #000000;\">Tre prodotti intensivi e performanti che lavorano in sinergia attraverso un prezioso rituale in grado di stimolare profondamente i processi di drenaggio, riattivazione del sistema linfatico e del metabolismo brucia grassi; con il conseguente smaltimento di tossine, attenuazione di gonfiori e ristagni edematosi, riduzione degli inestetismi e ricompattamento dei tessuti.<\/span><\/p>\n<p><span style=\"color: #000000;\">I principi attivi ad alta concentrazione, formulati in esclusive MICROEMULSIONI a rilascio profondo, costante e prolungato, assicurano un\u2019efficacia mirata e straordinari risultati visibili. <\/span><\/p>\n<p><span style=\"color: #000000;\">La pelle appare immediatamente pi\u00f9 liscia pi\u00f9 tonica e vellutata, le forme del corpo pi\u00f9 asciutte e rimodellate.<\/span><\/p>\n<p><span style=\"color: #000000;\"><em>CARATTERISTICHE<\/em><\/span><br \/>\n<span style=\"color: #000000;\">\u25b9 Alta concentrazione di principi attivi<\/span><br \/>\n<span style=\"color: #000000;\">\u25b9 Forte transdermicit\u00e0 e capacit\u00e0 di penetrazione profonda<\/span><br \/>\n<span style=\"color: #000000;\">\u25b9 Effetto prolungato per 24 ore<\/span><\/p>\n<p><span style=\"color: #000000;\"><em>RISULTATI<\/em><\/span><br \/>\n<span style=\"color: #000000;\">Tre meccanismi di azione simultanei:<\/span><br \/>\n<span style=\"color: #000000;\">\u25b9 Profonda azione drenante sui ristagni di liquidi<\/span><br \/>\n<span style=\"color: #000000;\">\u25b9 Stimolazione della microcircolazione e del metabolismo bruciagrassi<\/span><br \/>\n<span style=\"color: #000000;\">\u25b9 Intenso rinnovamento dell\u2019epidermide<\/span><\/p>\n<p><span style=\"color: #000000;\"><em>CONTENUTO DEL BOX<\/em><\/span><br \/>\n<span style=\"color: #000000;\">\u25b9 Complesso Drenante<\/span><br \/>\n<span style=\"color: #000000;\">\u25b9 Crema Riducente Forte<\/span><br \/>\n<span style=\"color: #000000;\">\u25b9 Cryo gel<\/span><br \/>\n<span style=\"color: #000000;\">\u25b9 N. 03 bende<\/span><br \/>\n<span style=\"color: #000000;\">\u25b9 N. 02 pantacartene<\/span><br \/>\n<span style=\"color: #000000;\">\u25b9 Scheda informativa e Protocolli professionali di utilizzo<\/span><\/p>\n<p><span style=\"color: #000000;\">Scopri tutti i nostri box corpo: <a style=\"color: #000000;\" href=\"https:\/\/uplifting.care\/shop\/box-corpo\/\">https:\/\/uplifting.care\/shop\/box-corpo\/<\/a><\/span><\/p>\n<p><span style=\"color: #000000;\">Resta aggiornato su tutte le nostre novit\u00e0 attraverso i nostri canali social:<\/span><\/p>\n<p><span style=\"color: #000000;\">Instagram: <em><a style=\"color: #000000;\" href=\"https:\/\/www.instagram.com\/upliftingregeneration\/\">https:\/\/www.instagram.com\/upliftingregeneration\/<\/a><\/em><\/span><\/p>\n<p><span style=\"color: #000000;\">Facebook: <em><a style=\"color: #000000;\" href=\"https:\/\/www.facebook.com\/upliftingregeneration\/\">https:\/\/www.facebook.com\/upliftingregeneration\/<\/a><\/em><\/span><\/p>\n<p><span style=\"color: #000000;\">YouTube:\u00a0<em><a style=\"color: #000000;\" href=\"https:\/\/www.youtube.com\/channel\/UCDyxUxMj8Y3wyKvPrS6EvUQ?sub_confirmation=1\">https:\/\/www.youtube.com\/channel\/UCDyxUxMj8Y3wyKvPrS6EvUQ?sub_confirmation=1<\/a><\/em><\/span><\/p>\n","protected":false},"excerpt":{"rendered":"<p><span style=\"color: #000000;\"><em>Draining &amp; Slimming Synergy | Trattamento Drenante &amp; Snellente<\/em><\/span><\/p>\n<p><span style=\"color: #000000;\">Obiettivi del Box: <\/span><\/p>\n<p><span style=\"color: #000000;\"> \u25cf Drenare i ristagni liquidi<\/span><\/p>\n<p><span style=\"color: #000000;\">\u25cf Stimolare il sistema linfatico e il metabolismo bruciagrassi<\/span><\/p>\n<p><span style=\"color: #000000;\">\u25cf Rinnovare l\u2019epidermide<\/span><\/p>\n","protected":false},"featured_media":1480,"comment_status":"open","ping_status":"closed","template":"","meta":{"_monsterinsights_skip_tracking":false,"_monsterinsights_sitenote_active":false,"_monsterinsights_sitenote_note":"","_monsterinsights_sitenote_category":0},"product_brand":[],"product_cat":[49],"product_tag":[38],"class_list":{"0":"post-227","1":"product","2":"type-product","3":"status-publish","4":"has-post-thumbnail","6":"product_cat-corpo","7":"product_tag-gambe","9":"first","10":"instock","11":"taxable","12":"shipping-taxable","13":"purchasable","14":"product-type-simple"},"yoast_head":"<!-- This site is optimized with the Yoast SEO plugin v27.4 - https:\/\/yoast.com\/product\/yoast-seo-wordpress\/ -->\n<title>Box Body Active UpLifting<\/title>\n<meta name=\"description\" content=\"Scopri il Box Body Active per ottenere in breve tempo una silhouette elastica, asciutta e scattante. Oggi ad un prezzo esclusivo!\" \/>\n<meta name=\"robots\" content=\"index, follow, max-snippet:-1, max-image-preview:large, max-video-preview:-1\" \/>\n<link rel=\"canonical\" href=\"https:\/\/uplifting.care\/shop\/prodotto\/box-body-active\/\" \/>\n<meta property=\"og:locale\" content=\"it_IT\" \/>\n<meta property=\"og:type\" content=\"article\" \/>\n<meta property=\"og:title\" content=\"Box Body Active UpLifting\" \/>\n<meta property=\"og:description\" content=\"Scopri il Box Body Active per ottenere in breve tempo una silhouette elastica, asciutta e scattante. Oggi ad un prezzo esclusivo!\" \/>\n<meta property=\"og:url\" content=\"https:\/\/uplifting.care\/shop\/prodotto\/box-body-active\/\" \/>\n<meta property=\"og:site_name\" content=\"UpLifting eShop\" \/>\n<meta property=\"article:modified_time\" content=\"2026-03-04T09:48:01+00:00\" \/>\n<meta property=\"og:image\" content=\"https:\/\/uplifting.care\/shop\/wp-content\/uploads\/2020\/04\/active_-scaled.jpg\" \/>\n\t<meta property=\"og:image:width\" content=\"2560\" \/>\n\t<meta property=\"og:image:height\" content=\"2560\" \/>\n\t<meta property=\"og:image:type\" content=\"image\/jpeg\" \/>\n<meta name=\"twitter:card\" content=\"summary_large_image\" \/>\n<meta name=\"twitter:label1\" content=\"Tempo di lettura stimato\" \/>\n\t<meta name=\"twitter:data1\" content=\"2 minuti\" \/>\n<script type=\"application\/ld+json\" class=\"yoast-schema-graph\">{\"@context\":\"https:\\\/\\\/schema.org\",\"@graph\":[{\"@type\":\"WebPage\",\"@id\":\"https:\\\/\\\/uplifting.care\\\/shop\\\/prodotto\\\/box-body-active\\\/\",\"url\":\"https:\\\/\\\/uplifting.care\\\/shop\\\/prodotto\\\/box-body-active\\\/\",\"name\":\"Box Body Active UpLifting\",\"isPartOf\":{\"@id\":\"https:\\\/\\\/uplifting.care\\\/shop\\\/#website\"},\"primaryImageOfPage\":{\"@id\":\"https:\\\/\\\/uplifting.care\\\/shop\\\/prodotto\\\/box-body-active\\\/#primaryimage\"},\"image\":{\"@id\":\"https:\\\/\\\/uplifting.care\\\/shop\\\/prodotto\\\/box-body-active\\\/#primaryimage\"},\"thumbnailUrl\":\"https:\\\/\\\/uplifting.care\\\/shop\\\/wp-content\\\/uploads\\\/2020\\\/04\\\/active_-scaled.jpg\",\"datePublished\":\"2020-04-27T16:40:14+00:00\",\"dateModified\":\"2026-03-04T09:48:01+00:00\",\"description\":\"Scopri il Box Body Active per ottenere in breve tempo una silhouette elastica, asciutta e scattante. Oggi ad un prezzo esclusivo!\",\"breadcrumb\":{\"@id\":\"https:\\\/\\\/uplifting.care\\\/shop\\\/prodotto\\\/box-body-active\\\/#breadcrumb\"},\"inLanguage\":\"it-IT\",\"potentialAction\":[{\"@type\":\"ReadAction\",\"target\":[\"https:\\\/\\\/uplifting.care\\\/shop\\\/prodotto\\\/box-body-active\\\/\"]}]},{\"@type\":\"ImageObject\",\"inLanguage\":\"it-IT\",\"@id\":\"https:\\\/\\\/uplifting.care\\\/shop\\\/prodotto\\\/box-body-active\\\/#primaryimage\",\"url\":\"https:\\\/\\\/uplifting.care\\\/shop\\\/wp-content\\\/uploads\\\/2020\\\/04\\\/active_-scaled.jpg\",\"contentUrl\":\"https:\\\/\\\/uplifting.care\\\/shop\\\/wp-content\\\/uploads\\\/2020\\\/04\\\/active_-scaled.jpg\",\"width\":2560,\"height\":2560,\"caption\":\"Box Body Active\"},{\"@type\":\"BreadcrumbList\",\"@id\":\"https:\\\/\\\/uplifting.care\\\/shop\\\/prodotto\\\/box-body-active\\\/#breadcrumb\",\"itemListElement\":[{\"@type\":\"ListItem\",\"position\":1,\"name\":\"Home\",\"item\":\"https:\\\/\\\/uplifting.care\\\/shop\\\/\"},{\"@type\":\"ListItem\",\"position\":2,\"name\":\"Prodotti\",\"item\":\"https:\\\/\\\/uplifting.care\\\/shop\\\/shop\\\/\"},{\"@type\":\"ListItem\",\"position\":3,\"name\":\"Box Body Active\"}]},{\"@type\":\"WebSite\",\"@id\":\"https:\\\/\\\/uplifting.care\\\/shop\\\/#website\",\"url\":\"https:\\\/\\\/uplifting.care\\\/shop\\\/\",\"name\":\"UpLifting eShop\",\"description\":\"Reborn to beauty\",\"publisher\":{\"@id\":\"https:\\\/\\\/uplifting.care\\\/shop\\\/#organization\"},\"potentialAction\":[{\"@type\":\"SearchAction\",\"target\":{\"@type\":\"EntryPoint\",\"urlTemplate\":\"https:\\\/\\\/uplifting.care\\\/shop\\\/?s={search_term_string}\"},\"query-input\":{\"@type\":\"PropertyValueSpecification\",\"valueRequired\":true,\"valueName\":\"search_term_string\"}}],\"inLanguage\":\"it-IT\"},{\"@type\":\"Organization\",\"@id\":\"https:\\\/\\\/uplifting.care\\\/shop\\\/#organization\",\"name\":\"UpLifting eShop\",\"url\":\"https:\\\/\\\/uplifting.care\\\/shop\\\/\",\"logo\":{\"@type\":\"ImageObject\",\"inLanguage\":\"it-IT\",\"@id\":\"https:\\\/\\\/uplifting.care\\\/shop\\\/#\\\/schema\\\/logo\\\/image\\\/\",\"url\":\"https:\\\/\\\/uplifting.care\\\/shop\\\/wp-content\\\/uploads\\\/2021\\\/03\\\/cropped-logo-oro-.png\",\"contentUrl\":\"https:\\\/\\\/uplifting.care\\\/shop\\\/wp-content\\\/uploads\\\/2021\\\/03\\\/cropped-logo-oro-.png\",\"width\":867,\"height\":276,\"caption\":\"UpLifting eShop\"},\"image\":{\"@id\":\"https:\\\/\\\/uplifting.care\\\/shop\\\/#\\\/schema\\\/logo\\\/image\\\/\"}}]}<\/script>\n<!-- \/ Yoast SEO plugin. -->","yoast_head_json":{"title":"Box Body Active UpLifting","description":"Scopri il Box Body Active per ottenere in breve tempo una silhouette elastica, asciutta e scattante. Oggi ad un prezzo esclusivo!","robots":{"index":"index","follow":"follow","max-snippet":"max-snippet:-1","max-image-preview":"max-image-preview:large","max-video-preview":"max-video-preview:-1"},"canonical":"https:\/\/uplifting.care\/shop\/prodotto\/box-body-active\/","og_locale":"it_IT","og_type":"article","og_title":"Box Body Active UpLifting","og_description":"Scopri il Box Body Active per ottenere in breve tempo una silhouette elastica, asciutta e scattante. Oggi ad un prezzo esclusivo!","og_url":"https:\/\/uplifting.care\/shop\/prodotto\/box-body-active\/","og_site_name":"UpLifting eShop","article_modified_time":"2026-03-04T09:48:01+00:00","og_image":[{"width":2560,"height":2560,"url":"https:\/\/uplifting.care\/shop\/wp-content\/uploads\/2020\/04\/active_-scaled.jpg","type":"image\/jpeg"}],"twitter_card":"summary_large_image","twitter_misc":{"Tempo di lettura stimato":"2 minuti"},"schema":{"@context":"https:\/\/schema.org","@graph":[{"@type":"WebPage","@id":"https:\/\/uplifting.care\/shop\/prodotto\/box-body-active\/","url":"https:\/\/uplifting.care\/shop\/prodotto\/box-body-active\/","name":"Box Body Active UpLifting","isPartOf":{"@id":"https:\/\/uplifting.care\/shop\/#website"},"primaryImageOfPage":{"@id":"https:\/\/uplifting.care\/shop\/prodotto\/box-body-active\/#primaryimage"},"image":{"@id":"https:\/\/uplifting.care\/shop\/prodotto\/box-body-active\/#primaryimage"},"thumbnailUrl":"https:\/\/uplifting.care\/shop\/wp-content\/uploads\/2020\/04\/active_-scaled.jpg","datePublished":"2020-04-27T16:40:14+00:00","dateModified":"2026-03-04T09:48:01+00:00","description":"Scopri il Box Body Active per ottenere in breve tempo una silhouette elastica, asciutta e scattante. Oggi ad un prezzo esclusivo!","breadcrumb":{"@id":"https:\/\/uplifting.care\/shop\/prodotto\/box-body-active\/#breadcrumb"},"inLanguage":"it-IT","potentialAction":[{"@type":"ReadAction","target":["https:\/\/uplifting.care\/shop\/prodotto\/box-body-active\/"]}]},{"@type":"ImageObject","inLanguage":"it-IT","@id":"https:\/\/uplifting.care\/shop\/prodotto\/box-body-active\/#primaryimage","url":"https:\/\/uplifting.care\/shop\/wp-content\/uploads\/2020\/04\/active_-scaled.jpg","contentUrl":"https:\/\/uplifting.care\/shop\/wp-content\/uploads\/2020\/04\/active_-scaled.jpg","width":2560,"height":2560,"caption":"Box Body Active"},{"@type":"BreadcrumbList","@id":"https:\/\/uplifting.care\/shop\/prodotto\/box-body-active\/#breadcrumb","itemListElement":[{"@type":"ListItem","position":1,"name":"Home","item":"https:\/\/uplifting.care\/shop\/"},{"@type":"ListItem","position":2,"name":"Prodotti","item":"https:\/\/uplifting.care\/shop\/shop\/"},{"@type":"ListItem","position":3,"name":"Box Body Active"}]},{"@type":"WebSite","@id":"https:\/\/uplifting.care\/shop\/#website","url":"https:\/\/uplifting.care\/shop\/","name":"UpLifting eShop","description":"Reborn to beauty","publisher":{"@id":"https:\/\/uplifting.care\/shop\/#organization"},"potentialAction":[{"@type":"SearchAction","target":{"@type":"EntryPoint","urlTemplate":"https:\/\/uplifting.care\/shop\/?s={search_term_string}"},"query-input":{"@type":"PropertyValueSpecification","valueRequired":true,"valueName":"search_term_string"}}],"inLanguage":"it-IT"},{"@type":"Organization","@id":"https:\/\/uplifting.care\/shop\/#organization","name":"UpLifting eShop","url":"https:\/\/uplifting.care\/shop\/","logo":{"@type":"ImageObject","inLanguage":"it-IT","@id":"https:\/\/uplifting.care\/shop\/#\/schema\/logo\/image\/","url":"https:\/\/uplifting.care\/shop\/wp-content\/uploads\/2021\/03\/cropped-logo-oro-.png","contentUrl":"https:\/\/uplifting.care\/shop\/wp-content\/uploads\/2021\/03\/cropped-logo-oro-.png","width":867,"height":276,"caption":"UpLifting eShop"},"image":{"@id":"https:\/\/uplifting.care\/shop\/#\/schema\/logo\/image\/"}}]}},"_links":{"self":[{"href":"https:\/\/uplifting.care\/shop\/wp-json\/wp\/v2\/product\/227","targetHints":{"allow":["GET"]}}],"collection":[{"href":"https:\/\/uplifting.care\/shop\/wp-json\/wp\/v2\/product"}],"about":[{"href":"https:\/\/uplifting.care\/shop\/wp-json\/wp\/v2\/types\/product"}],"replies":[{"embeddable":true,"href":"https:\/\/uplifting.care\/shop\/wp-json\/wp\/v2\/comments?post=227"}],"wp:featuredmedia":[{"embeddable":true,"href":"https:\/\/uplifting.care\/shop\/wp-json\/wp\/v2\/media\/1480"}],"wp:attachment":[{"href":"https:\/\/uplifting.care\/shop\/wp-json\/wp\/v2\/media?parent=227"}],"wp:term":[{"taxonomy":"product_brand","embeddable":true,"href":"https:\/\/uplifting.care\/shop\/wp-json\/wp\/v2\/product_brand?post=227"},{"taxonomy":"product_cat","embeddable":true,"href":"https:\/\/uplifting.care\/shop\/wp-json\/wp\/v2\/product_cat?post=227"},{"taxonomy":"product_tag","embeddable":true,"href":"https:\/\/uplifting.care\/shop\/wp-json\/wp\/v2\/product_tag?post=227"}],"curies":[{"name":"wp","href":"https:\/\/api.w.org\/{rel}","templated":true}]}}