{"id":1356,"date":"2021-05-20T09:33:22","date_gmt":"2021-05-20T09:33:22","guid":{"rendered":"https:\/\/uplifting.care\/shop\/?post_type=product&#038;p=1356"},"modified":"2025-05-26T12:21:55","modified_gmt":"2025-05-26T10:21:55","slug":"crema-viso-uplifting-cityglam","status":"publish","type":"product","link":"https:\/\/uplifting.care\/shop\/prodotto\/crema-viso-uplifting-cityglam\/","title":{"rendered":"City Glam Crema viso Minisize"},"content":{"rendered":"<p><span style=\"color: #000000;\">City glam \u00e8 una morbida emulsione perfezionante \u2018total effect\u2019 dedicata alla pelle piu\u0300 giovane, per rispondere con precisione, completezza ed efficacia alle sue necessita\u0300, garantendo idratazione, turgore e luminosita\u0300 prolungate. Creata per svolgere una profonda azione protettiva e ossigenante, \u00e8 ideale per chi \u00e8 esposto quotidianamente a fattori di stress ambientale, sbalzi di temperatura e sostanze inquinanti che ostruiscono i pori e compromettono il delicato equilibrio cutaneo.<\/span><\/p>\n<p><span style=\"color: #000000;\">Leggera, fresca e confortevole, stendibilit\u00e0 omogenea, City glam conta su una formula calibrata e sinergica, realizzata con un potente mix di sostanze biologiche, antiossidanti naturali e cellule staminali vegetali, finalizzate a vitalizzare la pelle, difenderla dallo stress foto-ossidativo e ambientale e dai processi di invecchiamento, ristabilendo il film idrolipidico, preservando l\u2019integrita\u0300 della matrice extracellulare e potenziando l\u2019autoriparazione naturale.<\/span><\/p>\n<p><span style=\"color: #000000;\">Un valido alleato per contrastare i radicali da fattori endogeni (stress, fumo, cattiva alimentazione, ecc.) ed esogeni (inquinamento, radiazioni UV, ecc.).<\/span><\/p>\n<p><span style=\"color: #000000;\">Potente restitutivo cutaneo, leviga e uniforma l\u2019epidermide, minimizza imperfezioni e irregolarita\u0300, migliora compattezza e texture. <\/span><\/p>\n<p><span style=\"color: #000000;\">Affina la grana, restringe visibilmente i pori, distende la pelle e, grazie a un innovativo attivo naturale ricavato con tecnologia bioenzimatica dai fiori del Verbasco, potente antagonista dello stress foto-ossidativo dalle propriet\u00e0 fotoluminescenti, aumenta la luminosit\u00e0 cutanea con effetto soft focus immediato. Possiede propriet\u00e0 antinfiammatorie, antisettiche e disintossicanti ed \u00e8 adatta anche per il trattamento di acne e infiammazioni cutanee e per il rafforzamento del tessuto connettivo.<\/span><\/p>\n<div class=\"page\" title=\"Page 10\">\n<div class=\"layoutArea\">\n<div class=\"column\">\n<p><span style=\"color: #000000;\">Doppia azione: istantanea per una pelle naturalmente pi\u00f9 sana, idratata e protetta. <\/span><\/p>\n<p><span style=\"color: #000000;\">A lungo termine: come multi perfezionante e rigenerante cutaneo. Turgore e idratazione per tutta la giornata, pelle radiosa, carnagione fresca e rinnovata, protezione totale antipollution e digitale.<\/span><\/p>\n<\/div>\n<p><span style=\"color: #000000;\">INGREDIENTI<\/span><\/p>\n<div class=\"\"><span style=\"color: #000000;\">Aqua (Deionized Water), Aloe Barbadensis Leaf Juice *organic, Vitis Vinifera Seed Oil *biologichal<\/span><\/div>\n<div class=\"\"><span style=\"color: #000000;\">Origin (Vitis Vinifera (Grape) Seed Oil *biologichal Origin), Ethylhexyl Stearate, Cetearyl Olivate,<\/span><\/div>\n<div class=\"\"><span style=\"color: #000000;\">Sorbitan Olivate, Glycerin, Isoamyl Laurate, Methylpropanediol, Phenoxyethanol, Butylene Glycol,<\/span><\/div>\n<div class=\"\"><span style=\"color: #000000;\">Perlite, (Zb) Hydrolized Tomato Skin From Solanum Lycopersicum, Cetearyl Glucoside, Cete-<\/span><\/div>\n<div class=\"\"><span style=\"color: #000000;\">aryl Alcohol, Isoamyl Cocoate, (Zb) Hydrolized Verbascum Thapsus Flower, Ethylhexylglycerin,<\/span><\/div>\n<div class=\"\"><span style=\"color: #000000;\">Sodium Hyaluronate, Lecithin, Lavandula Angustifolia Oil (Lavandula Angustifolia (Lavender)<\/span><\/div>\n<div class=\"\"><span style=\"color: #000000;\">Oil), Buddleja Daviddi Stem Extract, Verbena Officinalis Leaf Extract, Linalool, Triacetin, Enantia<\/span><\/div>\n<div class=\"\"><span style=\"color: #000000;\">Chlorantha Bark Extract, Canola Oil, Citric Acid, Tocopherol, Ethyl Vanillin, Ascorbyl Palmitate,<\/span><\/div>\n<div class=\"\"><span style=\"color: #000000;\">Sodium Benzoate, Potassium Sorbate, Rosmarinus Officinalis (Rosemary) Leaf Extract, Oleanolic<\/span><\/div>\n<div class=\"\"><span style=\"color: #000000;\">Acid, D-Limonene<\/span><\/div>\n<\/div>\n<\/div>\n","protected":false},"excerpt":{"rendered":"<div><button>Vai alla versione Regular <\/button><\/div>\n","protected":false},"featured_media":1720,"comment_status":"open","ping_status":"closed","template":"","meta":{"_monsterinsights_skip_tracking":false,"_monsterinsights_sitenote_active":false,"_monsterinsights_sitenote_note":"","_monsterinsights_sitenote_category":0},"product_brand":[],"product_cat":[64,48],"product_tag":[67],"class_list":{"0":"post-1356","1":"product","2":"type-product","3":"status-publish","4":"has-post-thumbnail","6":"product_cat-minisize","7":"product_cat-viso","8":"product_tag-be-up","10":"first","11":"instock","12":"taxable","13":"shipping-taxable","14":"purchasable","15":"product-type-simple"},"yoast_head":"<!-- This site is optimized with the Yoast SEO plugin v27.4 - https:\/\/yoast.com\/product\/yoast-seo-wordpress\/ -->\n<title>Crema Viso UpLifting City glam<\/title>\n<meta name=\"description\" content=\"Crema Viso UpLifting dedicata alla pelle pi\u00f9 giovane, garantendo luminosit\u00e0, turgore e idratazione prolungate. Un valido alleato per contrastare fattori come stress, fumo, cattiva alimentazione e inquinamento.\" \/>\n<meta name=\"robots\" content=\"index, follow, max-snippet:-1, max-image-preview:large, max-video-preview:-1\" \/>\n<link rel=\"canonical\" href=\"https:\/\/uplifting.care\/shop\/prodotto\/crema-viso-uplifting-cityglam\/\" \/>\n<meta property=\"og:locale\" content=\"it_IT\" \/>\n<meta property=\"og:type\" content=\"article\" \/>\n<meta property=\"og:title\" content=\"Crema Viso UpLifting City glam\" \/>\n<meta property=\"og:description\" content=\"Crema Viso UpLifting dedicata alla pelle pi\u00f9 giovane, garantendo luminosit\u00e0, turgore e idratazione prolungate. Un valido alleato per contrastare fattori come stress, fumo, cattiva alimentazione e inquinamento.\" \/>\n<meta property=\"og:url\" content=\"https:\/\/uplifting.care\/shop\/prodotto\/crema-viso-uplifting-cityglam\/\" \/>\n<meta property=\"og:site_name\" content=\"UpLifting eShop\" \/>\n<meta property=\"article:modified_time\" content=\"2025-05-26T10:21:55+00:00\" \/>\n<meta property=\"og:image\" content=\"https:\/\/uplifting.care\/shop\/wp-content\/uploads\/2021\/05\/city-mini--scaled.jpg\" \/>\n\t<meta property=\"og:image:width\" content=\"2560\" \/>\n\t<meta property=\"og:image:height\" content=\"2560\" \/>\n\t<meta property=\"og:image:type\" content=\"image\/jpeg\" \/>\n<meta name=\"twitter:card\" content=\"summary_large_image\" \/>\n<meta name=\"twitter:label1\" content=\"Tempo di lettura stimato\" \/>\n\t<meta name=\"twitter:data1\" content=\"2 minuti\" \/>\n<script type=\"application\/ld+json\" class=\"yoast-schema-graph\">{\"@context\":\"https:\\\/\\\/schema.org\",\"@graph\":[{\"@type\":\"WebPage\",\"@id\":\"https:\\\/\\\/uplifting.care\\\/shop\\\/prodotto\\\/crema-viso-uplifting-cityglam\\\/\",\"url\":\"https:\\\/\\\/uplifting.care\\\/shop\\\/prodotto\\\/crema-viso-uplifting-cityglam\\\/\",\"name\":\"Crema Viso UpLifting City glam\",\"isPartOf\":{\"@id\":\"https:\\\/\\\/uplifting.care\\\/shop\\\/#website\"},\"primaryImageOfPage\":{\"@id\":\"https:\\\/\\\/uplifting.care\\\/shop\\\/prodotto\\\/crema-viso-uplifting-cityglam\\\/#primaryimage\"},\"image\":{\"@id\":\"https:\\\/\\\/uplifting.care\\\/shop\\\/prodotto\\\/crema-viso-uplifting-cityglam\\\/#primaryimage\"},\"thumbnailUrl\":\"https:\\\/\\\/uplifting.care\\\/shop\\\/wp-content\\\/uploads\\\/2021\\\/05\\\/city-mini--scaled.jpg\",\"datePublished\":\"2021-05-20T09:33:22+00:00\",\"dateModified\":\"2025-05-26T10:21:55+00:00\",\"description\":\"Crema Viso UpLifting dedicata alla pelle pi\u00f9 giovane, garantendo luminosit\u00e0, turgore e idratazione prolungate. Un valido alleato per contrastare fattori come stress, fumo, cattiva alimentazione e inquinamento.\",\"breadcrumb\":{\"@id\":\"https:\\\/\\\/uplifting.care\\\/shop\\\/prodotto\\\/crema-viso-uplifting-cityglam\\\/#breadcrumb\"},\"inLanguage\":\"it-IT\",\"potentialAction\":[{\"@type\":\"ReadAction\",\"target\":[\"https:\\\/\\\/uplifting.care\\\/shop\\\/prodotto\\\/crema-viso-uplifting-cityglam\\\/\"]}]},{\"@type\":\"ImageObject\",\"inLanguage\":\"it-IT\",\"@id\":\"https:\\\/\\\/uplifting.care\\\/shop\\\/prodotto\\\/crema-viso-uplifting-cityglam\\\/#primaryimage\",\"url\":\"https:\\\/\\\/uplifting.care\\\/shop\\\/wp-content\\\/uploads\\\/2021\\\/05\\\/city-mini--scaled.jpg\",\"contentUrl\":\"https:\\\/\\\/uplifting.care\\\/shop\\\/wp-content\\\/uploads\\\/2021\\\/05\\\/city-mini--scaled.jpg\",\"width\":2560,\"height\":2560,\"caption\":\"city-glam-minisize-uplifting\"},{\"@type\":\"BreadcrumbList\",\"@id\":\"https:\\\/\\\/uplifting.care\\\/shop\\\/prodotto\\\/crema-viso-uplifting-cityglam\\\/#breadcrumb\",\"itemListElement\":[{\"@type\":\"ListItem\",\"position\":1,\"name\":\"Home\",\"item\":\"https:\\\/\\\/uplifting.care\\\/shop\\\/\"},{\"@type\":\"ListItem\",\"position\":2,\"name\":\"Prodotti\",\"item\":\"https:\\\/\\\/uplifting.care\\\/shop\\\/shop\\\/\"},{\"@type\":\"ListItem\",\"position\":3,\"name\":\"City Glam Crema viso Minisize\"}]},{\"@type\":\"WebSite\",\"@id\":\"https:\\\/\\\/uplifting.care\\\/shop\\\/#website\",\"url\":\"https:\\\/\\\/uplifting.care\\\/shop\\\/\",\"name\":\"UpLifting eShop\",\"description\":\"Reborn to beauty\",\"publisher\":{\"@id\":\"https:\\\/\\\/uplifting.care\\\/shop\\\/#organization\"},\"potentialAction\":[{\"@type\":\"SearchAction\",\"target\":{\"@type\":\"EntryPoint\",\"urlTemplate\":\"https:\\\/\\\/uplifting.care\\\/shop\\\/?s={search_term_string}\"},\"query-input\":{\"@type\":\"PropertyValueSpecification\",\"valueRequired\":true,\"valueName\":\"search_term_string\"}}],\"inLanguage\":\"it-IT\"},{\"@type\":\"Organization\",\"@id\":\"https:\\\/\\\/uplifting.care\\\/shop\\\/#organization\",\"name\":\"UpLifting eShop\",\"url\":\"https:\\\/\\\/uplifting.care\\\/shop\\\/\",\"logo\":{\"@type\":\"ImageObject\",\"inLanguage\":\"it-IT\",\"@id\":\"https:\\\/\\\/uplifting.care\\\/shop\\\/#\\\/schema\\\/logo\\\/image\\\/\",\"url\":\"https:\\\/\\\/uplifting.care\\\/shop\\\/wp-content\\\/uploads\\\/2021\\\/03\\\/cropped-logo-oro-.png\",\"contentUrl\":\"https:\\\/\\\/uplifting.care\\\/shop\\\/wp-content\\\/uploads\\\/2021\\\/03\\\/cropped-logo-oro-.png\",\"width\":867,\"height\":276,\"caption\":\"UpLifting eShop\"},\"image\":{\"@id\":\"https:\\\/\\\/uplifting.care\\\/shop\\\/#\\\/schema\\\/logo\\\/image\\\/\"}}]}<\/script>\n<!-- \/ Yoast SEO plugin. -->","yoast_head_json":{"title":"Crema Viso UpLifting City glam","description":"Crema Viso UpLifting dedicata alla pelle pi\u00f9 giovane, garantendo luminosit\u00e0, turgore e idratazione prolungate. Un valido alleato per contrastare fattori come stress, fumo, cattiva alimentazione e inquinamento.","robots":{"index":"index","follow":"follow","max-snippet":"max-snippet:-1","max-image-preview":"max-image-preview:large","max-video-preview":"max-video-preview:-1"},"canonical":"https:\/\/uplifting.care\/shop\/prodotto\/crema-viso-uplifting-cityglam\/","og_locale":"it_IT","og_type":"article","og_title":"Crema Viso UpLifting City glam","og_description":"Crema Viso UpLifting dedicata alla pelle pi\u00f9 giovane, garantendo luminosit\u00e0, turgore e idratazione prolungate. Un valido alleato per contrastare fattori come stress, fumo, cattiva alimentazione e inquinamento.","og_url":"https:\/\/uplifting.care\/shop\/prodotto\/crema-viso-uplifting-cityglam\/","og_site_name":"UpLifting eShop","article_modified_time":"2025-05-26T10:21:55+00:00","og_image":[{"width":2560,"height":2560,"url":"https:\/\/uplifting.care\/shop\/wp-content\/uploads\/2021\/05\/city-mini--scaled.jpg","type":"image\/jpeg"}],"twitter_card":"summary_large_image","twitter_misc":{"Tempo di lettura stimato":"2 minuti"},"schema":{"@context":"https:\/\/schema.org","@graph":[{"@type":"WebPage","@id":"https:\/\/uplifting.care\/shop\/prodotto\/crema-viso-uplifting-cityglam\/","url":"https:\/\/uplifting.care\/shop\/prodotto\/crema-viso-uplifting-cityglam\/","name":"Crema Viso UpLifting City glam","isPartOf":{"@id":"https:\/\/uplifting.care\/shop\/#website"},"primaryImageOfPage":{"@id":"https:\/\/uplifting.care\/shop\/prodotto\/crema-viso-uplifting-cityglam\/#primaryimage"},"image":{"@id":"https:\/\/uplifting.care\/shop\/prodotto\/crema-viso-uplifting-cityglam\/#primaryimage"},"thumbnailUrl":"https:\/\/uplifting.care\/shop\/wp-content\/uploads\/2021\/05\/city-mini--scaled.jpg","datePublished":"2021-05-20T09:33:22+00:00","dateModified":"2025-05-26T10:21:55+00:00","description":"Crema Viso UpLifting dedicata alla pelle pi\u00f9 giovane, garantendo luminosit\u00e0, turgore e idratazione prolungate. Un valido alleato per contrastare fattori come stress, fumo, cattiva alimentazione e inquinamento.","breadcrumb":{"@id":"https:\/\/uplifting.care\/shop\/prodotto\/crema-viso-uplifting-cityglam\/#breadcrumb"},"inLanguage":"it-IT","potentialAction":[{"@type":"ReadAction","target":["https:\/\/uplifting.care\/shop\/prodotto\/crema-viso-uplifting-cityglam\/"]}]},{"@type":"ImageObject","inLanguage":"it-IT","@id":"https:\/\/uplifting.care\/shop\/prodotto\/crema-viso-uplifting-cityglam\/#primaryimage","url":"https:\/\/uplifting.care\/shop\/wp-content\/uploads\/2021\/05\/city-mini--scaled.jpg","contentUrl":"https:\/\/uplifting.care\/shop\/wp-content\/uploads\/2021\/05\/city-mini--scaled.jpg","width":2560,"height":2560,"caption":"city-glam-minisize-uplifting"},{"@type":"BreadcrumbList","@id":"https:\/\/uplifting.care\/shop\/prodotto\/crema-viso-uplifting-cityglam\/#breadcrumb","itemListElement":[{"@type":"ListItem","position":1,"name":"Home","item":"https:\/\/uplifting.care\/shop\/"},{"@type":"ListItem","position":2,"name":"Prodotti","item":"https:\/\/uplifting.care\/shop\/shop\/"},{"@type":"ListItem","position":3,"name":"City Glam Crema viso Minisize"}]},{"@type":"WebSite","@id":"https:\/\/uplifting.care\/shop\/#website","url":"https:\/\/uplifting.care\/shop\/","name":"UpLifting eShop","description":"Reborn to beauty","publisher":{"@id":"https:\/\/uplifting.care\/shop\/#organization"},"potentialAction":[{"@type":"SearchAction","target":{"@type":"EntryPoint","urlTemplate":"https:\/\/uplifting.care\/shop\/?s={search_term_string}"},"query-input":{"@type":"PropertyValueSpecification","valueRequired":true,"valueName":"search_term_string"}}],"inLanguage":"it-IT"},{"@type":"Organization","@id":"https:\/\/uplifting.care\/shop\/#organization","name":"UpLifting eShop","url":"https:\/\/uplifting.care\/shop\/","logo":{"@type":"ImageObject","inLanguage":"it-IT","@id":"https:\/\/uplifting.care\/shop\/#\/schema\/logo\/image\/","url":"https:\/\/uplifting.care\/shop\/wp-content\/uploads\/2021\/03\/cropped-logo-oro-.png","contentUrl":"https:\/\/uplifting.care\/shop\/wp-content\/uploads\/2021\/03\/cropped-logo-oro-.png","width":867,"height":276,"caption":"UpLifting eShop"},"image":{"@id":"https:\/\/uplifting.care\/shop\/#\/schema\/logo\/image\/"}}]}},"_links":{"self":[{"href":"https:\/\/uplifting.care\/shop\/wp-json\/wp\/v2\/product\/1356","targetHints":{"allow":["GET"]}}],"collection":[{"href":"https:\/\/uplifting.care\/shop\/wp-json\/wp\/v2\/product"}],"about":[{"href":"https:\/\/uplifting.care\/shop\/wp-json\/wp\/v2\/types\/product"}],"replies":[{"embeddable":true,"href":"https:\/\/uplifting.care\/shop\/wp-json\/wp\/v2\/comments?post=1356"}],"wp:featuredmedia":[{"embeddable":true,"href":"https:\/\/uplifting.care\/shop\/wp-json\/wp\/v2\/media\/1720"}],"wp:attachment":[{"href":"https:\/\/uplifting.care\/shop\/wp-json\/wp\/v2\/media?parent=1356"}],"wp:term":[{"taxonomy":"product_brand","embeddable":true,"href":"https:\/\/uplifting.care\/shop\/wp-json\/wp\/v2\/product_brand?post=1356"},{"taxonomy":"product_cat","embeddable":true,"href":"https:\/\/uplifting.care\/shop\/wp-json\/wp\/v2\/product_cat?post=1356"},{"taxonomy":"product_tag","embeddable":true,"href":"https:\/\/uplifting.care\/shop\/wp-json\/wp\/v2\/product_tag?post=1356"}],"curies":[{"name":"wp","href":"https:\/\/api.w.org\/{rel}","templated":true}]}}