{"id":1219,"date":"2021-04-20T10:59:16","date_gmt":"2021-04-20T10:59:16","guid":{"rendered":"https:\/\/uplifting.care\/shop\/?post_type=product&#038;p=1219"},"modified":"2025-05-26T12:22:35","modified_gmt":"2025-05-26T10:22:35","slug":"kit-night-day","status":"publish","type":"product","link":"https:\/\/uplifting.care\/shop\/prodotto\/kit-night-day\/","title":{"rendered":"Kit Night &#038; Day"},"content":{"rendered":"<div dir=\"auto\"><a href=\"https:\/\/uplifting.care\/shop\/prodotto\/elastin-serum-30-ml\/\"><span style=\"color: #000000;\"><strong>ELASTIN SERUM<\/strong><\/span><\/a><\/div>\n<div dir=\"auto\">\n<p><span style=\"color: #000000;\">Ottimo siero pro-age ricco di proteine vegetali idrolizzate, nutriente e ridensificante, Elastin Serum aiuta a ritrovare elasticit\u00e0 e turgore, migliora il colorito rendendolo pi\u00f9 omogeneo, la pelle pi\u00f9 liscia, fresca al tatto e visibilmente pi\u00f9 tonica e compatta.<\/span><\/p>\n<p><span style=\"color: #000000;\">Con la sua preziosa miscela di AMINOACIDI, possiede un\u2019azione filmogena idratante e protettiva dello strato corneo che limita la perdita di acqua. Usato in sinergia con Collagen Serum, potenzia la sua azione e contribuisce a ritardare l\u2019invecchiamento cutaneo.<\/span><\/p>\n<p><span style=\"color: #000000;\">L\u2019elastina, ottenuta per idrolisi enzimatica di tessuti connettivi ricchi in elastina nativa, con la sua preziosa miscela di AMINOACIDI, possiede un\u2019azione filmogena idratante e protettiva dello strato corneo.<\/span><\/p>\n<p><span style=\"color: #000000;\">Le sue catene molecolari si distribuiscono uniformemente sullo strato corneo, formando un film macromolecolare che protegge la cute, la rende pi\u00f9 elastica e soda e limita la perdita di acqua. Usata in sinergia con collagene idrolizzato potenzia la sua azione e contribuisce a ritardare l\u2019invecchiamento cutaneo.<\/span><\/p>\n<p><a href=\"https:\/\/uplifting.care\/shop\/prodotto\/collagen-serum-30-ml\/\"><span style=\"color: #000000;\"><strong>COLLAGEN SERUM<\/strong><\/span><\/a><\/p>\n<p><span style=\"color: #000000;\">Collagen Serum, siero ad effetto lifting, nasce da una formulazione innovativa capace di stimolare il\u00a0<i>Fattore Naturale di Idratazione (Natural Moisturizing Factor)<\/i>attraverso i suoi principi attivi che sfruttano le peculiarit\u00e0 del collagene idrolizzato per consentirne una migliore veicolazione transdermica e arricchito di AMINOACIDI e PEPTIDI che ne potenziano la formula.<\/span><\/p>\n<p><span style=\"color: #000000;\"><b>Nutre, protegge, tonifica e rassoda la pelle, lasciandola liscia e ringiovanita.<\/b><\/span><\/p>\n<p><span style=\"color: #000000;\">PRINCIPI ATTIVI<\/span><\/p>\n<p><span style=\"color: #000000;\">La\u00a0<b>Lisina<\/b>, aminoacido precursore della vitamine B3, possiede propriet\u00e0 idratanti e riparatrici della pelle e ne migliora l\u2019elasticit\u00e0. La\u00a0<b>Glicina<\/b>\u00a0\u00e8 un costituente fondamentale del collagene ed \u00e8 l\u2019aminoacido presente in maggiore quantit\u00e0 nell\u2019NMFactor cutaneo. Ha propriet\u00e0 idratanti, antiossidanti e rigeneranti dei segni cutanei.\u00a0<b>Alanina, Lisina, Serina, Valina Arginina, Betaina<\/b>\u00a0sono considerate sostanze MESSAGGERE che comunicano con i RECETTORI che, posti sulla superficie cutanea, sono in grado di captarle e trasmettere al nucleo della cellula il \u2018messaggio\u2019 che esse contengono.<\/span><\/p>\n<p><span style=\"color: #000000;\">Veicolati in profondit\u00e0, raggiungono i recettori dei fibroblasti (cellule deputate alla produzione di collagene ed elastina) che vengono cos\u00ec stimolati alla produzione di queste due proteine, andando a migliorare la struttura e l\u2019aspetto della pelle.<\/span><\/p>\n<p><span style=\"color: #000000;\">E\u2019 questa l\u2019<b>innovativa azione pro-aging<\/b>\u00a0che Collagen Serum UpLifting esplica con il suo potente STIMOLO alla crescita, consegnato direttamente alla fonte e ritrasmesso in superficie. Cos\u00ec si aumenta la produzione naturale di collagene ed elastina e contemporaneamente si affinano le rotondit\u00e0 del viso e del doppio mento, si migliora la grana della pelle, rendendola liscia e vellutata in tutta dolcezza<\/span><\/p>\n<\/div>\n","protected":false},"excerpt":{"rendered":"<p><span style=\"color: #000000;\">Cofanetto contenente i sieri UpLifting: <em><strong><a style=\"color: #000000;\" href=\"https:\/\/uplifting.care\/shop\/prodotto\/elastin-serum-30-ml\/\">Elastin<\/a> + <a style=\"color: #000000;\" href=\"https:\/\/uplifting.care\/shop\/prodotto\/collagen-serum-30-ml\/\">Collagen<\/a><\/strong><\/em><\/span><\/p>\n","protected":false},"featured_media":1220,"comment_status":"open","ping_status":"closed","template":"","meta":{"_monsterinsights_skip_tracking":false,"_monsterinsights_sitenote_active":false,"_monsterinsights_sitenote_note":"","_monsterinsights_sitenote_category":0},"product_brand":[],"product_cat":[48],"product_tag":[],"class_list":{"0":"post-1219","1":"product","2":"type-product","3":"status-publish","4":"has-post-thumbnail","6":"product_cat-viso","8":"first","9":"instock","10":"sale","11":"taxable","12":"shipping-taxable","13":"purchasable","14":"product-type-simple"},"yoast_head":"<!-- This site is optimized with the Yoast SEO plugin v27.4 - https:\/\/yoast.com\/product\/yoast-seo-wordpress\/ -->\n<title>Kit Night &amp; Day - UpLifting eShop<\/title>\n<meta name=\"robots\" content=\"index, follow, max-snippet:-1, max-image-preview:large, max-video-preview:-1\" \/>\n<link rel=\"canonical\" href=\"https:\/\/uplifting.care\/shop\/prodotto\/kit-night-day\/\" \/>\n<meta property=\"og:locale\" content=\"it_IT\" \/>\n<meta property=\"og:type\" content=\"article\" \/>\n<meta property=\"og:title\" content=\"Kit Night &amp; Day - UpLifting eShop\" \/>\n<meta property=\"og:description\" content=\"Cofanetto contenente i sieri UpLifting: Elastin + Collagen\" \/>\n<meta property=\"og:url\" content=\"https:\/\/uplifting.care\/shop\/prodotto\/kit-night-day\/\" \/>\n<meta property=\"og:site_name\" content=\"UpLifting eShop\" \/>\n<meta property=\"article:modified_time\" content=\"2025-05-26T10:22:35+00:00\" \/>\n<meta property=\"og:image\" content=\"https:\/\/uplifting.care\/shop\/wp-content\/uploads\/2021\/04\/def-scaled.jpg\" \/>\n\t<meta property=\"og:image:width\" content=\"2560\" \/>\n\t<meta property=\"og:image:height\" content=\"2560\" \/>\n\t<meta property=\"og:image:type\" content=\"image\/jpeg\" \/>\n<meta name=\"twitter:card\" content=\"summary_large_image\" \/>\n<meta name=\"twitter:label1\" content=\"Tempo di lettura stimato\" \/>\n\t<meta name=\"twitter:data1\" content=\"3 minuti\" \/>\n<script type=\"application\/ld+json\" class=\"yoast-schema-graph\">{\"@context\":\"https:\\\/\\\/schema.org\",\"@graph\":[{\"@type\":\"WebPage\",\"@id\":\"https:\\\/\\\/uplifting.care\\\/shop\\\/prodotto\\\/kit-night-day\\\/\",\"url\":\"https:\\\/\\\/uplifting.care\\\/shop\\\/prodotto\\\/kit-night-day\\\/\",\"name\":\"Kit Night & Day - UpLifting eShop\",\"isPartOf\":{\"@id\":\"https:\\\/\\\/uplifting.care\\\/shop\\\/#website\"},\"primaryImageOfPage\":{\"@id\":\"https:\\\/\\\/uplifting.care\\\/shop\\\/prodotto\\\/kit-night-day\\\/#primaryimage\"},\"image\":{\"@id\":\"https:\\\/\\\/uplifting.care\\\/shop\\\/prodotto\\\/kit-night-day\\\/#primaryimage\"},\"thumbnailUrl\":\"https:\\\/\\\/uplifting.care\\\/shop\\\/wp-content\\\/uploads\\\/2021\\\/04\\\/def-scaled.jpg\",\"datePublished\":\"2021-04-20T10:59:16+00:00\",\"dateModified\":\"2025-05-26T10:22:35+00:00\",\"breadcrumb\":{\"@id\":\"https:\\\/\\\/uplifting.care\\\/shop\\\/prodotto\\\/kit-night-day\\\/#breadcrumb\"},\"inLanguage\":\"it-IT\",\"potentialAction\":[{\"@type\":\"ReadAction\",\"target\":[\"https:\\\/\\\/uplifting.care\\\/shop\\\/prodotto\\\/kit-night-day\\\/\"]}]},{\"@type\":\"ImageObject\",\"inLanguage\":\"it-IT\",\"@id\":\"https:\\\/\\\/uplifting.care\\\/shop\\\/prodotto\\\/kit-night-day\\\/#primaryimage\",\"url\":\"https:\\\/\\\/uplifting.care\\\/shop\\\/wp-content\\\/uploads\\\/2021\\\/04\\\/def-scaled.jpg\",\"contentUrl\":\"https:\\\/\\\/uplifting.care\\\/shop\\\/wp-content\\\/uploads\\\/2021\\\/04\\\/def-scaled.jpg\",\"width\":2560,\"height\":2560,\"caption\":\"sieri-up-lifting-regeneration\"},{\"@type\":\"BreadcrumbList\",\"@id\":\"https:\\\/\\\/uplifting.care\\\/shop\\\/prodotto\\\/kit-night-day\\\/#breadcrumb\",\"itemListElement\":[{\"@type\":\"ListItem\",\"position\":1,\"name\":\"Home\",\"item\":\"https:\\\/\\\/uplifting.care\\\/shop\\\/\"},{\"@type\":\"ListItem\",\"position\":2,\"name\":\"Prodotti\",\"item\":\"https:\\\/\\\/uplifting.care\\\/shop\\\/shop\\\/\"},{\"@type\":\"ListItem\",\"position\":3,\"name\":\"Kit Night &#038; Day\"}]},{\"@type\":\"WebSite\",\"@id\":\"https:\\\/\\\/uplifting.care\\\/shop\\\/#website\",\"url\":\"https:\\\/\\\/uplifting.care\\\/shop\\\/\",\"name\":\"UpLifting eShop\",\"description\":\"Reborn to beauty\",\"publisher\":{\"@id\":\"https:\\\/\\\/uplifting.care\\\/shop\\\/#organization\"},\"potentialAction\":[{\"@type\":\"SearchAction\",\"target\":{\"@type\":\"EntryPoint\",\"urlTemplate\":\"https:\\\/\\\/uplifting.care\\\/shop\\\/?s={search_term_string}\"},\"query-input\":{\"@type\":\"PropertyValueSpecification\",\"valueRequired\":true,\"valueName\":\"search_term_string\"}}],\"inLanguage\":\"it-IT\"},{\"@type\":\"Organization\",\"@id\":\"https:\\\/\\\/uplifting.care\\\/shop\\\/#organization\",\"name\":\"UpLifting eShop\",\"url\":\"https:\\\/\\\/uplifting.care\\\/shop\\\/\",\"logo\":{\"@type\":\"ImageObject\",\"inLanguage\":\"it-IT\",\"@id\":\"https:\\\/\\\/uplifting.care\\\/shop\\\/#\\\/schema\\\/logo\\\/image\\\/\",\"url\":\"https:\\\/\\\/uplifting.care\\\/shop\\\/wp-content\\\/uploads\\\/2021\\\/03\\\/cropped-logo-oro-.png\",\"contentUrl\":\"https:\\\/\\\/uplifting.care\\\/shop\\\/wp-content\\\/uploads\\\/2021\\\/03\\\/cropped-logo-oro-.png\",\"width\":867,\"height\":276,\"caption\":\"UpLifting eShop\"},\"image\":{\"@id\":\"https:\\\/\\\/uplifting.care\\\/shop\\\/#\\\/schema\\\/logo\\\/image\\\/\"}}]}<\/script>\n<!-- \/ Yoast SEO plugin. -->","yoast_head_json":{"title":"Kit Night & Day - UpLifting eShop","robots":{"index":"index","follow":"follow","max-snippet":"max-snippet:-1","max-image-preview":"max-image-preview:large","max-video-preview":"max-video-preview:-1"},"canonical":"https:\/\/uplifting.care\/shop\/prodotto\/kit-night-day\/","og_locale":"it_IT","og_type":"article","og_title":"Kit Night & Day - UpLifting eShop","og_description":"Cofanetto contenente i sieri UpLifting: Elastin + Collagen","og_url":"https:\/\/uplifting.care\/shop\/prodotto\/kit-night-day\/","og_site_name":"UpLifting eShop","article_modified_time":"2025-05-26T10:22:35+00:00","og_image":[{"width":2560,"height":2560,"url":"https:\/\/uplifting.care\/shop\/wp-content\/uploads\/2021\/04\/def-scaled.jpg","type":"image\/jpeg"}],"twitter_card":"summary_large_image","twitter_misc":{"Tempo di lettura stimato":"3 minuti"},"schema":{"@context":"https:\/\/schema.org","@graph":[{"@type":"WebPage","@id":"https:\/\/uplifting.care\/shop\/prodotto\/kit-night-day\/","url":"https:\/\/uplifting.care\/shop\/prodotto\/kit-night-day\/","name":"Kit Night & Day - UpLifting eShop","isPartOf":{"@id":"https:\/\/uplifting.care\/shop\/#website"},"primaryImageOfPage":{"@id":"https:\/\/uplifting.care\/shop\/prodotto\/kit-night-day\/#primaryimage"},"image":{"@id":"https:\/\/uplifting.care\/shop\/prodotto\/kit-night-day\/#primaryimage"},"thumbnailUrl":"https:\/\/uplifting.care\/shop\/wp-content\/uploads\/2021\/04\/def-scaled.jpg","datePublished":"2021-04-20T10:59:16+00:00","dateModified":"2025-05-26T10:22:35+00:00","breadcrumb":{"@id":"https:\/\/uplifting.care\/shop\/prodotto\/kit-night-day\/#breadcrumb"},"inLanguage":"it-IT","potentialAction":[{"@type":"ReadAction","target":["https:\/\/uplifting.care\/shop\/prodotto\/kit-night-day\/"]}]},{"@type":"ImageObject","inLanguage":"it-IT","@id":"https:\/\/uplifting.care\/shop\/prodotto\/kit-night-day\/#primaryimage","url":"https:\/\/uplifting.care\/shop\/wp-content\/uploads\/2021\/04\/def-scaled.jpg","contentUrl":"https:\/\/uplifting.care\/shop\/wp-content\/uploads\/2021\/04\/def-scaled.jpg","width":2560,"height":2560,"caption":"sieri-up-lifting-regeneration"},{"@type":"BreadcrumbList","@id":"https:\/\/uplifting.care\/shop\/prodotto\/kit-night-day\/#breadcrumb","itemListElement":[{"@type":"ListItem","position":1,"name":"Home","item":"https:\/\/uplifting.care\/shop\/"},{"@type":"ListItem","position":2,"name":"Prodotti","item":"https:\/\/uplifting.care\/shop\/shop\/"},{"@type":"ListItem","position":3,"name":"Kit Night &#038; Day"}]},{"@type":"WebSite","@id":"https:\/\/uplifting.care\/shop\/#website","url":"https:\/\/uplifting.care\/shop\/","name":"UpLifting eShop","description":"Reborn to beauty","publisher":{"@id":"https:\/\/uplifting.care\/shop\/#organization"},"potentialAction":[{"@type":"SearchAction","target":{"@type":"EntryPoint","urlTemplate":"https:\/\/uplifting.care\/shop\/?s={search_term_string}"},"query-input":{"@type":"PropertyValueSpecification","valueRequired":true,"valueName":"search_term_string"}}],"inLanguage":"it-IT"},{"@type":"Organization","@id":"https:\/\/uplifting.care\/shop\/#organization","name":"UpLifting eShop","url":"https:\/\/uplifting.care\/shop\/","logo":{"@type":"ImageObject","inLanguage":"it-IT","@id":"https:\/\/uplifting.care\/shop\/#\/schema\/logo\/image\/","url":"https:\/\/uplifting.care\/shop\/wp-content\/uploads\/2021\/03\/cropped-logo-oro-.png","contentUrl":"https:\/\/uplifting.care\/shop\/wp-content\/uploads\/2021\/03\/cropped-logo-oro-.png","width":867,"height":276,"caption":"UpLifting eShop"},"image":{"@id":"https:\/\/uplifting.care\/shop\/#\/schema\/logo\/image\/"}}]}},"_links":{"self":[{"href":"https:\/\/uplifting.care\/shop\/wp-json\/wp\/v2\/product\/1219","targetHints":{"allow":["GET"]}}],"collection":[{"href":"https:\/\/uplifting.care\/shop\/wp-json\/wp\/v2\/product"}],"about":[{"href":"https:\/\/uplifting.care\/shop\/wp-json\/wp\/v2\/types\/product"}],"replies":[{"embeddable":true,"href":"https:\/\/uplifting.care\/shop\/wp-json\/wp\/v2\/comments?post=1219"}],"wp:featuredmedia":[{"embeddable":true,"href":"https:\/\/uplifting.care\/shop\/wp-json\/wp\/v2\/media\/1220"}],"wp:attachment":[{"href":"https:\/\/uplifting.care\/shop\/wp-json\/wp\/v2\/media?parent=1219"}],"wp:term":[{"taxonomy":"product_brand","embeddable":true,"href":"https:\/\/uplifting.care\/shop\/wp-json\/wp\/v2\/product_brand?post=1219"},{"taxonomy":"product_cat","embeddable":true,"href":"https:\/\/uplifting.care\/shop\/wp-json\/wp\/v2\/product_cat?post=1219"},{"taxonomy":"product_tag","embeddable":true,"href":"https:\/\/uplifting.care\/shop\/wp-json\/wp\/v2\/product_tag?post=1219"}],"curies":[{"name":"wp","href":"https:\/\/api.w.org\/{rel}","templated":true}]}}