{"id":115,"date":"2020-03-27T18:14:23","date_gmt":"2020-03-27T18:14:23","guid":{"rendered":"https:\/\/uplifting.care\/shop\/?post_type=product&#038;p=115"},"modified":"2026-02-05T11:05:41","modified_gmt":"2026-02-05T10:05:41","slug":"perfect-mask-100-ml","status":"publish","type":"product","link":"https:\/\/uplifting.care\/shop\/prodotto\/perfect-mask-100-ml\/","title":{"rendered":"Perfect Mask | 100 ml"},"content":{"rendered":"<p>Straordinario trattamento liftante e attivatore della microcircolazione, Perfect Mask UpLifting purifica, riequilibra e disintossica in profondit\u00e0 la pelle stressata, leviga i tratti, tonifica e rimodella i contorni del viso, illumina l\u2019incarnato ed esalta la giovinezza della pelle.<\/p>\n<p>La sua innovativa formula ultra concentrata, attraverso il <strong>rivoluzionario sistema di rilascio degli attivi<\/strong>, potenzia i meccanismi di rigenerazione cellulare.<\/p>\n<p>EFFETTI<\/p>\n<ul>\n<li>Illumina<\/li>\n<li>Rigenera<\/li>\n<li>Rimodella<\/li>\n<\/ul>\n<p>Regalati nuova vitalit\u00e0 con un fantastico <em>refreshing<\/em> cutaneo, un ringiovanimento lampo con Perfect Mask che in POCHI MINUTI canceller\u00e0 dal tuo viso stanchezza, tossine e stress e ti restituir\u00e0 nuova luce e compattezza. Perfect Mask non \u00e8 solo un valido alleato nelle emergenze o per le serate speciali, ma \u00e8 un irrinunciabile assistente di bellezza.<\/p>\n<p>ATTIVI PRINCIPALI<br \/>\nIl prezioso cocktail di peptidi, aminoacidi, enzimi, flavonoidi e vitamine dell\u2019avena sativa dalle forti propriet\u00e0 idratanti, lenitive e restituenti, si coniugano all\u2019azione depurativa e tonica dell\u2019olmo rosso, mentre la cannella stimola la circolazione e ossigena la pelle e gli estratti di pompelmo e limone disintossicano e contrastano lo stress da radicali, rafforzano il tessuto connettivo e promuovono la rigenerazione della pelle regalandole nuova luce.<\/p>\n<p>MODALITA\u2019 D\u2019USO<\/p>\n<p>Applicare la maschera con l\u2019apposito pennello seguendo le fasce muscolari, sul viso ben deterso. Lasciare in posa 15 minuti, sciacquare con acqua tiepida. Effettuare il trattamento 1-2 volte la settimana.<\/p>\n<p>AVVERTENZE<br \/>\nEvitare il contatto con gli occhi e le mucose. In caso di contatto accidentale, risciacquare abbondantemente con acqua fredda. Evitare l\u2019applicazione in caso di accertata sensibilit\u00e0 ad uno dei componenti.<\/p>\n<p>INGREDIENTI<\/p>\n<div class=\"page\" title=\"Page 1\">\n<div class=\"section\">\n<div class=\"layoutArea\">\n<div class=\"column\">\n<p>Water (Acqua), Hypromellose (Hydroxpropyo Methycellulose), Aspartic Acid, Flour Of Oats (Avena Sativa Kernal), L-lysine, Sweet Slippery Elm (Ulnus Fulva Bark), Cinnamon Oil (Cassia Leaf Oil), Citrus Herb Oil, Grape Fruit Extract (Citrus Grandis Seed Extract)<\/p>\n<\/div>\n<\/div>\n<\/div>\n<\/div>\n","protected":false},"excerpt":{"rendered":"<p>Maschera professionale effetto lifting. Purifica, disintossica, nutre, compatta e rimodella il viso\u2028.<\/p>\n","protected":false},"featured_media":1702,"comment_status":"open","ping_status":"closed","template":"","meta":{"_monsterinsights_skip_tracking":false,"_monsterinsights_sitenote_active":false,"_monsterinsights_sitenote_note":"","_monsterinsights_sitenote_category":0},"product_brand":[],"product_cat":[48],"product_tag":[28,33],"class_list":{"0":"post-115","1":"product","2":"type-product","3":"status-publish","4":"has-post-thumbnail","6":"product_cat-viso","7":"product_tag-antiage","8":"product_tag-detox","10":"first","11":"outofstock","12":"taxable","13":"shipping-taxable","14":"purchasable","15":"product-type-simple"},"yoast_head":"<!-- This site is optimized with the Yoast SEO plugin v27.4 - https:\/\/yoast.com\/product\/yoast-seo-wordpress\/ -->\n<title>Perfect Mask | 100 ml - UpLifting eShop<\/title>\n<meta name=\"robots\" content=\"index, follow, max-snippet:-1, max-image-preview:large, max-video-preview:-1\" \/>\n<link rel=\"canonical\" href=\"https:\/\/uplifting.care\/shop\/prodotto\/perfect-mask-100-ml\/\" \/>\n<meta property=\"og:locale\" content=\"it_IT\" \/>\n<meta property=\"og:type\" content=\"article\" \/>\n<meta property=\"og:title\" content=\"Perfect Mask | 100 ml - UpLifting eShop\" \/>\n<meta property=\"og:description\" content=\"Maschera professionale effetto lifting. Purifica, disintossica, nutre, compatta e rimodella il viso\u2028.\" \/>\n<meta property=\"og:url\" content=\"https:\/\/uplifting.care\/shop\/prodotto\/perfect-mask-100-ml\/\" \/>\n<meta property=\"og:site_name\" content=\"UpLifting eShop\" \/>\n<meta property=\"article:modified_time\" content=\"2026-02-05T10:05:41+00:00\" \/>\n<meta property=\"og:image\" content=\"https:\/\/uplifting.care\/shop\/wp-content\/uploads\/2020\/03\/perfect-skin-mask-scaled.jpg\" \/>\n\t<meta property=\"og:image:width\" content=\"2560\" \/>\n\t<meta property=\"og:image:height\" content=\"2560\" \/>\n\t<meta property=\"og:image:type\" content=\"image\/jpeg\" \/>\n<meta name=\"twitter:card\" content=\"summary_large_image\" \/>\n<meta name=\"twitter:label1\" content=\"Tempo di lettura stimato\" \/>\n\t<meta name=\"twitter:data1\" content=\"2 minuti\" \/>\n<script type=\"application\/ld+json\" class=\"yoast-schema-graph\">{\"@context\":\"https:\\\/\\\/schema.org\",\"@graph\":[{\"@type\":\"WebPage\",\"@id\":\"https:\\\/\\\/uplifting.care\\\/shop\\\/prodotto\\\/perfect-mask-100-ml\\\/\",\"url\":\"https:\\\/\\\/uplifting.care\\\/shop\\\/prodotto\\\/perfect-mask-100-ml\\\/\",\"name\":\"Perfect Mask | 100 ml - UpLifting eShop\",\"isPartOf\":{\"@id\":\"https:\\\/\\\/uplifting.care\\\/shop\\\/#website\"},\"primaryImageOfPage\":{\"@id\":\"https:\\\/\\\/uplifting.care\\\/shop\\\/prodotto\\\/perfect-mask-100-ml\\\/#primaryimage\"},\"image\":{\"@id\":\"https:\\\/\\\/uplifting.care\\\/shop\\\/prodotto\\\/perfect-mask-100-ml\\\/#primaryimage\"},\"thumbnailUrl\":\"https:\\\/\\\/uplifting.care\\\/shop\\\/wp-content\\\/uploads\\\/2020\\\/03\\\/perfect-skin-mask-scaled.jpg\",\"datePublished\":\"2020-03-27T18:14:23+00:00\",\"dateModified\":\"2026-02-05T10:05:41+00:00\",\"breadcrumb\":{\"@id\":\"https:\\\/\\\/uplifting.care\\\/shop\\\/prodotto\\\/perfect-mask-100-ml\\\/#breadcrumb\"},\"inLanguage\":\"it-IT\",\"potentialAction\":[{\"@type\":\"ReadAction\",\"target\":[\"https:\\\/\\\/uplifting.care\\\/shop\\\/prodotto\\\/perfect-mask-100-ml\\\/\"]}]},{\"@type\":\"ImageObject\",\"inLanguage\":\"it-IT\",\"@id\":\"https:\\\/\\\/uplifting.care\\\/shop\\\/prodotto\\\/perfect-mask-100-ml\\\/#primaryimage\",\"url\":\"https:\\\/\\\/uplifting.care\\\/shop\\\/wp-content\\\/uploads\\\/2020\\\/03\\\/perfect-skin-mask-scaled.jpg\",\"contentUrl\":\"https:\\\/\\\/uplifting.care\\\/shop\\\/wp-content\\\/uploads\\\/2020\\\/03\\\/perfect-skin-mask-scaled.jpg\",\"width\":2560,\"height\":2560,\"caption\":\"perfect-skin-mask-uplifting\"},{\"@type\":\"BreadcrumbList\",\"@id\":\"https:\\\/\\\/uplifting.care\\\/shop\\\/prodotto\\\/perfect-mask-100-ml\\\/#breadcrumb\",\"itemListElement\":[{\"@type\":\"ListItem\",\"position\":1,\"name\":\"Home\",\"item\":\"https:\\\/\\\/uplifting.care\\\/shop\\\/\"},{\"@type\":\"ListItem\",\"position\":2,\"name\":\"Prodotti\",\"item\":\"https:\\\/\\\/uplifting.care\\\/shop\\\/shop\\\/\"},{\"@type\":\"ListItem\",\"position\":3,\"name\":\"Perfect Mask | 100 ml\"}]},{\"@type\":\"WebSite\",\"@id\":\"https:\\\/\\\/uplifting.care\\\/shop\\\/#website\",\"url\":\"https:\\\/\\\/uplifting.care\\\/shop\\\/\",\"name\":\"UpLifting eShop\",\"description\":\"Reborn to beauty\",\"publisher\":{\"@id\":\"https:\\\/\\\/uplifting.care\\\/shop\\\/#organization\"},\"potentialAction\":[{\"@type\":\"SearchAction\",\"target\":{\"@type\":\"EntryPoint\",\"urlTemplate\":\"https:\\\/\\\/uplifting.care\\\/shop\\\/?s={search_term_string}\"},\"query-input\":{\"@type\":\"PropertyValueSpecification\",\"valueRequired\":true,\"valueName\":\"search_term_string\"}}],\"inLanguage\":\"it-IT\"},{\"@type\":\"Organization\",\"@id\":\"https:\\\/\\\/uplifting.care\\\/shop\\\/#organization\",\"name\":\"UpLifting eShop\",\"url\":\"https:\\\/\\\/uplifting.care\\\/shop\\\/\",\"logo\":{\"@type\":\"ImageObject\",\"inLanguage\":\"it-IT\",\"@id\":\"https:\\\/\\\/uplifting.care\\\/shop\\\/#\\\/schema\\\/logo\\\/image\\\/\",\"url\":\"https:\\\/\\\/uplifting.care\\\/shop\\\/wp-content\\\/uploads\\\/2021\\\/03\\\/cropped-logo-oro-.png\",\"contentUrl\":\"https:\\\/\\\/uplifting.care\\\/shop\\\/wp-content\\\/uploads\\\/2021\\\/03\\\/cropped-logo-oro-.png\",\"width\":867,\"height\":276,\"caption\":\"UpLifting eShop\"},\"image\":{\"@id\":\"https:\\\/\\\/uplifting.care\\\/shop\\\/#\\\/schema\\\/logo\\\/image\\\/\"}}]}<\/script>\n<!-- \/ Yoast SEO plugin. -->","yoast_head_json":{"title":"Perfect Mask | 100 ml - UpLifting eShop","robots":{"index":"index","follow":"follow","max-snippet":"max-snippet:-1","max-image-preview":"max-image-preview:large","max-video-preview":"max-video-preview:-1"},"canonical":"https:\/\/uplifting.care\/shop\/prodotto\/perfect-mask-100-ml\/","og_locale":"it_IT","og_type":"article","og_title":"Perfect Mask | 100 ml - UpLifting eShop","og_description":"Maschera professionale effetto lifting. Purifica, disintossica, nutre, compatta e rimodella il viso\u2028.","og_url":"https:\/\/uplifting.care\/shop\/prodotto\/perfect-mask-100-ml\/","og_site_name":"UpLifting eShop","article_modified_time":"2026-02-05T10:05:41+00:00","og_image":[{"width":2560,"height":2560,"url":"https:\/\/uplifting.care\/shop\/wp-content\/uploads\/2020\/03\/perfect-skin-mask-scaled.jpg","type":"image\/jpeg"}],"twitter_card":"summary_large_image","twitter_misc":{"Tempo di lettura stimato":"2 minuti"},"schema":{"@context":"https:\/\/schema.org","@graph":[{"@type":"WebPage","@id":"https:\/\/uplifting.care\/shop\/prodotto\/perfect-mask-100-ml\/","url":"https:\/\/uplifting.care\/shop\/prodotto\/perfect-mask-100-ml\/","name":"Perfect Mask | 100 ml - UpLifting eShop","isPartOf":{"@id":"https:\/\/uplifting.care\/shop\/#website"},"primaryImageOfPage":{"@id":"https:\/\/uplifting.care\/shop\/prodotto\/perfect-mask-100-ml\/#primaryimage"},"image":{"@id":"https:\/\/uplifting.care\/shop\/prodotto\/perfect-mask-100-ml\/#primaryimage"},"thumbnailUrl":"https:\/\/uplifting.care\/shop\/wp-content\/uploads\/2020\/03\/perfect-skin-mask-scaled.jpg","datePublished":"2020-03-27T18:14:23+00:00","dateModified":"2026-02-05T10:05:41+00:00","breadcrumb":{"@id":"https:\/\/uplifting.care\/shop\/prodotto\/perfect-mask-100-ml\/#breadcrumb"},"inLanguage":"it-IT","potentialAction":[{"@type":"ReadAction","target":["https:\/\/uplifting.care\/shop\/prodotto\/perfect-mask-100-ml\/"]}]},{"@type":"ImageObject","inLanguage":"it-IT","@id":"https:\/\/uplifting.care\/shop\/prodotto\/perfect-mask-100-ml\/#primaryimage","url":"https:\/\/uplifting.care\/shop\/wp-content\/uploads\/2020\/03\/perfect-skin-mask-scaled.jpg","contentUrl":"https:\/\/uplifting.care\/shop\/wp-content\/uploads\/2020\/03\/perfect-skin-mask-scaled.jpg","width":2560,"height":2560,"caption":"perfect-skin-mask-uplifting"},{"@type":"BreadcrumbList","@id":"https:\/\/uplifting.care\/shop\/prodotto\/perfect-mask-100-ml\/#breadcrumb","itemListElement":[{"@type":"ListItem","position":1,"name":"Home","item":"https:\/\/uplifting.care\/shop\/"},{"@type":"ListItem","position":2,"name":"Prodotti","item":"https:\/\/uplifting.care\/shop\/shop\/"},{"@type":"ListItem","position":3,"name":"Perfect Mask | 100 ml"}]},{"@type":"WebSite","@id":"https:\/\/uplifting.care\/shop\/#website","url":"https:\/\/uplifting.care\/shop\/","name":"UpLifting eShop","description":"Reborn to beauty","publisher":{"@id":"https:\/\/uplifting.care\/shop\/#organization"},"potentialAction":[{"@type":"SearchAction","target":{"@type":"EntryPoint","urlTemplate":"https:\/\/uplifting.care\/shop\/?s={search_term_string}"},"query-input":{"@type":"PropertyValueSpecification","valueRequired":true,"valueName":"search_term_string"}}],"inLanguage":"it-IT"},{"@type":"Organization","@id":"https:\/\/uplifting.care\/shop\/#organization","name":"UpLifting eShop","url":"https:\/\/uplifting.care\/shop\/","logo":{"@type":"ImageObject","inLanguage":"it-IT","@id":"https:\/\/uplifting.care\/shop\/#\/schema\/logo\/image\/","url":"https:\/\/uplifting.care\/shop\/wp-content\/uploads\/2021\/03\/cropped-logo-oro-.png","contentUrl":"https:\/\/uplifting.care\/shop\/wp-content\/uploads\/2021\/03\/cropped-logo-oro-.png","width":867,"height":276,"caption":"UpLifting eShop"},"image":{"@id":"https:\/\/uplifting.care\/shop\/#\/schema\/logo\/image\/"}}]}},"_links":{"self":[{"href":"https:\/\/uplifting.care\/shop\/wp-json\/wp\/v2\/product\/115","targetHints":{"allow":["GET"]}}],"collection":[{"href":"https:\/\/uplifting.care\/shop\/wp-json\/wp\/v2\/product"}],"about":[{"href":"https:\/\/uplifting.care\/shop\/wp-json\/wp\/v2\/types\/product"}],"replies":[{"embeddable":true,"href":"https:\/\/uplifting.care\/shop\/wp-json\/wp\/v2\/comments?post=115"}],"wp:featuredmedia":[{"embeddable":true,"href":"https:\/\/uplifting.care\/shop\/wp-json\/wp\/v2\/media\/1702"}],"wp:attachment":[{"href":"https:\/\/uplifting.care\/shop\/wp-json\/wp\/v2\/media?parent=115"}],"wp:term":[{"taxonomy":"product_brand","embeddable":true,"href":"https:\/\/uplifting.care\/shop\/wp-json\/wp\/v2\/product_brand?post=115"},{"taxonomy":"product_cat","embeddable":true,"href":"https:\/\/uplifting.care\/shop\/wp-json\/wp\/v2\/product_cat?post=115"},{"taxonomy":"product_tag","embeddable":true,"href":"https:\/\/uplifting.care\/shop\/wp-json\/wp\/v2\/product_tag?post=115"}],"curies":[{"name":"wp","href":"https:\/\/api.w.org\/{rel}","templated":true}]}}