{"id":103,"date":"2020-03-27T07:41:38","date_gmt":"2020-03-27T07:41:38","guid":{"rendered":"https:\/\/uplifting.care\/shop\/?post_type=product&#038;p=103"},"modified":"2024-10-31T12:04:58","modified_gmt":"2024-10-31T11:04:58","slug":"reductant-pink-mask-200-ml","status":"publish","type":"product","link":"https:\/\/uplifting.care\/shop\/prodotto\/reductant-pink-mask-200-ml\/","title":{"rendered":"Reductant Pink Mask | 200 ml"},"content":{"rendered":"<p>Reductant Pink Mask, abbinata ad una corretta dieta alimentare, contribuisce efficacemente a ridurre gli inestetismi della cellulite e restituisce l&#8217;elasticit\u00e0 cutanea.<\/p>\n<p>Formulata per stimolare l&#8217;attivit\u00e0 vascolare, riduce e tonifica le aree del corpo trattate, lavorando sulle irregolarit\u00e0 visibili della pelle a causa di accumuli adiposi e cellulite. Non contiene elementi drenanti che causerebbero la perdita di liquidi, sali minerali ed energia, provocando cos\u00ec una disidratazione dei tessuti sottostanti.<br \/>\nUsata in abbinamento a massaggi, tecnologie per il dimagrimento, in combinazione con regimi di dieta, il risultato sar\u00e0 immediato.<\/p>\n<p>Risultato immediato. Perdita di centimetri, maggiore elasticit\u00e0 cutanea, tonificazione, stimolazione della circolazione superficiale, detossinazione.<\/p>\n<p>EFFETTI<\/p>\n<ul>\n<li>Perdita di centimetri<\/li>\n<li>Maggiore elasticit\u00e0 cutanea<\/li>\n<li>Tonificazione<\/li>\n<li>Stimolazione della microcircolazione superficiale<\/li>\n<li>Detossinazione<\/li>\n<\/ul>\n<p>MODALIT\u00c0 D&#8217;USO<br \/>\nCon una spatola prelevare il necessario quantitativo di prodotto e metterlo in una ciotola. Il quantitativo varier\u00e0 tra I 2 e i 3 cucchiaini di legno in dotazione, in base alla struttura corporea del soggetto da trattare.<\/p>\n<p>Applicare uno strato sottile di prodotto su tutte le zone interessate (no sul seno) tutte le sere e\/o mattine dopo il bagno o la doccia. Non \u00e8 necessario alcun massaggio perch\u00e9 il naturale calore del corpo ne attiver\u00e0 l&#8217;assorbimento.<\/p>\n<p>Dopo aver applicato la crema indossare il pantaloncino in dotazione per almeno 60\/70 minuti. La formulazione \u00e8 stata studiata per lavorare nelle dieci ore successive all&#8217;applicazione, si consiglia quindi di evitare di togliere\/lavare la maschera prima. E&#8217; sconsigliato esporsi al sole o a lampade abbronzanti nelle 24 ore successive al trattamento.<\/p>\n<p>AVVERTENZE<br \/>\nLa maschera potrebbe causare arrossamento sulla pelle, data la sua forte azione di stimolazione dell\u2019attivit\u00e0 vascolare.<\/p>\n<p>INGREDIENTI<\/p>\n<div class=\"page\" title=\"Page 1\">\n<div class=\"layoutArea\">\n<div class=\"column\">\n<p>Aqua, Stearic Acid, Calamide MC, OleqamideDea, Glycine Soja Seed Oil, Gradi Lecur Seed Oil, Cinnamomum Cassia Seed Oil, Potassium Sorbate, Sodium Benzoate, Chloroxylenol.<\/p>\n<\/div>\n<\/div>\n<\/div>\n","protected":false},"excerpt":{"rendered":"<p>Maschera corpo bioattiva, specifica per il trattamento delle adiposit\u00e0 localizzate, a risultato immediato.<\/p>\n","protected":false},"featured_media":1708,"comment_status":"open","ping_status":"closed","template":"","meta":{"_monsterinsights_skip_tracking":false,"_monsterinsights_sitenote_active":false,"_monsterinsights_sitenote_note":"","_monsterinsights_sitenote_category":0},"product_brand":[],"product_cat":[49],"product_tag":[54],"class_list":{"0":"post-103","1":"product","2":"type-product","3":"status-publish","4":"has-post-thumbnail","6":"product_cat-corpo","7":"product_tag-creme","9":"first","10":"instock","11":"taxable","12":"shipping-taxable","13":"purchasable","14":"product-type-simple"},"yoast_head":"<!-- This site is optimized with the Yoast SEO plugin v27.4 - https:\/\/yoast.com\/product\/yoast-seo-wordpress\/ -->\n<title>Reductant Pink Mask | 200 ml - UpLifting eShop<\/title>\n<meta name=\"robots\" content=\"index, follow, max-snippet:-1, max-image-preview:large, max-video-preview:-1\" \/>\n<link rel=\"canonical\" href=\"https:\/\/uplifting.care\/shop\/prodotto\/reductant-pink-mask-200-ml\/\" \/>\n<meta property=\"og:locale\" content=\"it_IT\" \/>\n<meta property=\"og:type\" content=\"article\" \/>\n<meta property=\"og:title\" content=\"Reductant Pink Mask | 200 ml - UpLifting eShop\" \/>\n<meta property=\"og:description\" content=\"Maschera corpo bioattiva, specifica per il trattamento delle adiposit\u00e0 localizzate, a risultato immediato.\" \/>\n<meta property=\"og:url\" content=\"https:\/\/uplifting.care\/shop\/prodotto\/reductant-pink-mask-200-ml\/\" \/>\n<meta property=\"og:site_name\" content=\"UpLifting eShop\" \/>\n<meta property=\"article:modified_time\" content=\"2024-10-31T11:04:58+00:00\" \/>\n<meta property=\"og:image\" content=\"https:\/\/uplifting.care\/shop\/wp-content\/uploads\/2020\/03\/reductant-scaled.jpg\" \/>\n\t<meta property=\"og:image:width\" content=\"2560\" \/>\n\t<meta property=\"og:image:height\" content=\"2560\" \/>\n\t<meta property=\"og:image:type\" content=\"image\/jpeg\" \/>\n<meta name=\"twitter:card\" content=\"summary_large_image\" \/>\n<meta name=\"twitter:label1\" content=\"Tempo di lettura stimato\" \/>\n\t<meta name=\"twitter:data1\" content=\"2 minuti\" \/>\n<script type=\"application\/ld+json\" class=\"yoast-schema-graph\">{\"@context\":\"https:\\\/\\\/schema.org\",\"@graph\":[{\"@type\":\"WebPage\",\"@id\":\"https:\\\/\\\/uplifting.care\\\/shop\\\/prodotto\\\/reductant-pink-mask-200-ml\\\/\",\"url\":\"https:\\\/\\\/uplifting.care\\\/shop\\\/prodotto\\\/reductant-pink-mask-200-ml\\\/\",\"name\":\"Reductant Pink Mask | 200 ml - UpLifting eShop\",\"isPartOf\":{\"@id\":\"https:\\\/\\\/uplifting.care\\\/shop\\\/#website\"},\"primaryImageOfPage\":{\"@id\":\"https:\\\/\\\/uplifting.care\\\/shop\\\/prodotto\\\/reductant-pink-mask-200-ml\\\/#primaryimage\"},\"image\":{\"@id\":\"https:\\\/\\\/uplifting.care\\\/shop\\\/prodotto\\\/reductant-pink-mask-200-ml\\\/#primaryimage\"},\"thumbnailUrl\":\"https:\\\/\\\/uplifting.care\\\/shop\\\/wp-content\\\/uploads\\\/2020\\\/03\\\/reductant-scaled.jpg\",\"datePublished\":\"2020-03-27T07:41:38+00:00\",\"dateModified\":\"2024-10-31T11:04:58+00:00\",\"breadcrumb\":{\"@id\":\"https:\\\/\\\/uplifting.care\\\/shop\\\/prodotto\\\/reductant-pink-mask-200-ml\\\/#breadcrumb\"},\"inLanguage\":\"it-IT\",\"potentialAction\":[{\"@type\":\"ReadAction\",\"target\":[\"https:\\\/\\\/uplifting.care\\\/shop\\\/prodotto\\\/reductant-pink-mask-200-ml\\\/\"]}]},{\"@type\":\"ImageObject\",\"inLanguage\":\"it-IT\",\"@id\":\"https:\\\/\\\/uplifting.care\\\/shop\\\/prodotto\\\/reductant-pink-mask-200-ml\\\/#primaryimage\",\"url\":\"https:\\\/\\\/uplifting.care\\\/shop\\\/wp-content\\\/uploads\\\/2020\\\/03\\\/reductant-scaled.jpg\",\"contentUrl\":\"https:\\\/\\\/uplifting.care\\\/shop\\\/wp-content\\\/uploads\\\/2020\\\/03\\\/reductant-scaled.jpg\",\"width\":2560,\"height\":2560,\"caption\":\"reductant-uplifting\"},{\"@type\":\"BreadcrumbList\",\"@id\":\"https:\\\/\\\/uplifting.care\\\/shop\\\/prodotto\\\/reductant-pink-mask-200-ml\\\/#breadcrumb\",\"itemListElement\":[{\"@type\":\"ListItem\",\"position\":1,\"name\":\"Home\",\"item\":\"https:\\\/\\\/uplifting.care\\\/shop\\\/\"},{\"@type\":\"ListItem\",\"position\":2,\"name\":\"Prodotti\",\"item\":\"https:\\\/\\\/uplifting.care\\\/shop\\\/shop\\\/\"},{\"@type\":\"ListItem\",\"position\":3,\"name\":\"Reductant Pink Mask | 200 ml\"}]},{\"@type\":\"WebSite\",\"@id\":\"https:\\\/\\\/uplifting.care\\\/shop\\\/#website\",\"url\":\"https:\\\/\\\/uplifting.care\\\/shop\\\/\",\"name\":\"UpLifting eShop\",\"description\":\"Reborn to beauty\",\"publisher\":{\"@id\":\"https:\\\/\\\/uplifting.care\\\/shop\\\/#organization\"},\"potentialAction\":[{\"@type\":\"SearchAction\",\"target\":{\"@type\":\"EntryPoint\",\"urlTemplate\":\"https:\\\/\\\/uplifting.care\\\/shop\\\/?s={search_term_string}\"},\"query-input\":{\"@type\":\"PropertyValueSpecification\",\"valueRequired\":true,\"valueName\":\"search_term_string\"}}],\"inLanguage\":\"it-IT\"},{\"@type\":\"Organization\",\"@id\":\"https:\\\/\\\/uplifting.care\\\/shop\\\/#organization\",\"name\":\"UpLifting eShop\",\"url\":\"https:\\\/\\\/uplifting.care\\\/shop\\\/\",\"logo\":{\"@type\":\"ImageObject\",\"inLanguage\":\"it-IT\",\"@id\":\"https:\\\/\\\/uplifting.care\\\/shop\\\/#\\\/schema\\\/logo\\\/image\\\/\",\"url\":\"https:\\\/\\\/uplifting.care\\\/shop\\\/wp-content\\\/uploads\\\/2021\\\/03\\\/cropped-logo-oro-.png\",\"contentUrl\":\"https:\\\/\\\/uplifting.care\\\/shop\\\/wp-content\\\/uploads\\\/2021\\\/03\\\/cropped-logo-oro-.png\",\"width\":867,\"height\":276,\"caption\":\"UpLifting eShop\"},\"image\":{\"@id\":\"https:\\\/\\\/uplifting.care\\\/shop\\\/#\\\/schema\\\/logo\\\/image\\\/\"}}]}<\/script>\n<!-- \/ Yoast SEO plugin. -->","yoast_head_json":{"title":"Reductant Pink Mask | 200 ml - UpLifting eShop","robots":{"index":"index","follow":"follow","max-snippet":"max-snippet:-1","max-image-preview":"max-image-preview:large","max-video-preview":"max-video-preview:-1"},"canonical":"https:\/\/uplifting.care\/shop\/prodotto\/reductant-pink-mask-200-ml\/","og_locale":"it_IT","og_type":"article","og_title":"Reductant Pink Mask | 200 ml - UpLifting eShop","og_description":"Maschera corpo bioattiva, specifica per il trattamento delle adiposit\u00e0 localizzate, a risultato immediato.","og_url":"https:\/\/uplifting.care\/shop\/prodotto\/reductant-pink-mask-200-ml\/","og_site_name":"UpLifting eShop","article_modified_time":"2024-10-31T11:04:58+00:00","og_image":[{"width":2560,"height":2560,"url":"https:\/\/uplifting.care\/shop\/wp-content\/uploads\/2020\/03\/reductant-scaled.jpg","type":"image\/jpeg"}],"twitter_card":"summary_large_image","twitter_misc":{"Tempo di lettura stimato":"2 minuti"},"schema":{"@context":"https:\/\/schema.org","@graph":[{"@type":"WebPage","@id":"https:\/\/uplifting.care\/shop\/prodotto\/reductant-pink-mask-200-ml\/","url":"https:\/\/uplifting.care\/shop\/prodotto\/reductant-pink-mask-200-ml\/","name":"Reductant Pink Mask | 200 ml - UpLifting eShop","isPartOf":{"@id":"https:\/\/uplifting.care\/shop\/#website"},"primaryImageOfPage":{"@id":"https:\/\/uplifting.care\/shop\/prodotto\/reductant-pink-mask-200-ml\/#primaryimage"},"image":{"@id":"https:\/\/uplifting.care\/shop\/prodotto\/reductant-pink-mask-200-ml\/#primaryimage"},"thumbnailUrl":"https:\/\/uplifting.care\/shop\/wp-content\/uploads\/2020\/03\/reductant-scaled.jpg","datePublished":"2020-03-27T07:41:38+00:00","dateModified":"2024-10-31T11:04:58+00:00","breadcrumb":{"@id":"https:\/\/uplifting.care\/shop\/prodotto\/reductant-pink-mask-200-ml\/#breadcrumb"},"inLanguage":"it-IT","potentialAction":[{"@type":"ReadAction","target":["https:\/\/uplifting.care\/shop\/prodotto\/reductant-pink-mask-200-ml\/"]}]},{"@type":"ImageObject","inLanguage":"it-IT","@id":"https:\/\/uplifting.care\/shop\/prodotto\/reductant-pink-mask-200-ml\/#primaryimage","url":"https:\/\/uplifting.care\/shop\/wp-content\/uploads\/2020\/03\/reductant-scaled.jpg","contentUrl":"https:\/\/uplifting.care\/shop\/wp-content\/uploads\/2020\/03\/reductant-scaled.jpg","width":2560,"height":2560,"caption":"reductant-uplifting"},{"@type":"BreadcrumbList","@id":"https:\/\/uplifting.care\/shop\/prodotto\/reductant-pink-mask-200-ml\/#breadcrumb","itemListElement":[{"@type":"ListItem","position":1,"name":"Home","item":"https:\/\/uplifting.care\/shop\/"},{"@type":"ListItem","position":2,"name":"Prodotti","item":"https:\/\/uplifting.care\/shop\/shop\/"},{"@type":"ListItem","position":3,"name":"Reductant Pink Mask | 200 ml"}]},{"@type":"WebSite","@id":"https:\/\/uplifting.care\/shop\/#website","url":"https:\/\/uplifting.care\/shop\/","name":"UpLifting eShop","description":"Reborn to beauty","publisher":{"@id":"https:\/\/uplifting.care\/shop\/#organization"},"potentialAction":[{"@type":"SearchAction","target":{"@type":"EntryPoint","urlTemplate":"https:\/\/uplifting.care\/shop\/?s={search_term_string}"},"query-input":{"@type":"PropertyValueSpecification","valueRequired":true,"valueName":"search_term_string"}}],"inLanguage":"it-IT"},{"@type":"Organization","@id":"https:\/\/uplifting.care\/shop\/#organization","name":"UpLifting eShop","url":"https:\/\/uplifting.care\/shop\/","logo":{"@type":"ImageObject","inLanguage":"it-IT","@id":"https:\/\/uplifting.care\/shop\/#\/schema\/logo\/image\/","url":"https:\/\/uplifting.care\/shop\/wp-content\/uploads\/2021\/03\/cropped-logo-oro-.png","contentUrl":"https:\/\/uplifting.care\/shop\/wp-content\/uploads\/2021\/03\/cropped-logo-oro-.png","width":867,"height":276,"caption":"UpLifting eShop"},"image":{"@id":"https:\/\/uplifting.care\/shop\/#\/schema\/logo\/image\/"}}]}},"_links":{"self":[{"href":"https:\/\/uplifting.care\/shop\/wp-json\/wp\/v2\/product\/103","targetHints":{"allow":["GET"]}}],"collection":[{"href":"https:\/\/uplifting.care\/shop\/wp-json\/wp\/v2\/product"}],"about":[{"href":"https:\/\/uplifting.care\/shop\/wp-json\/wp\/v2\/types\/product"}],"replies":[{"embeddable":true,"href":"https:\/\/uplifting.care\/shop\/wp-json\/wp\/v2\/comments?post=103"}],"wp:featuredmedia":[{"embeddable":true,"href":"https:\/\/uplifting.care\/shop\/wp-json\/wp\/v2\/media\/1708"}],"wp:attachment":[{"href":"https:\/\/uplifting.care\/shop\/wp-json\/wp\/v2\/media?parent=103"}],"wp:term":[{"taxonomy":"product_brand","embeddable":true,"href":"https:\/\/uplifting.care\/shop\/wp-json\/wp\/v2\/product_brand?post=103"},{"taxonomy":"product_cat","embeddable":true,"href":"https:\/\/uplifting.care\/shop\/wp-json\/wp\/v2\/product_cat?post=103"},{"taxonomy":"product_tag","embeddable":true,"href":"https:\/\/uplifting.care\/shop\/wp-json\/wp\/v2\/product_tag?post=103"}],"curies":[{"name":"wp","href":"https:\/\/api.w.org\/{rel}","templated":true}]}}